{"id":2148,"date":"2024-10-25T16:42:26","date_gmt":"2024-10-25T16:42:26","guid":{"rendered":"https:\/\/topkeypackaging.com\/?page_id=2148"},"modified":"2024-10-26T16:27:51","modified_gmt":"2024-10-26T16:27:51","slug":"return-exchange-policy","status":"publish","type":"page","link":"https:\/\/topkeypackaging.com\/de\/return-exchange-policy\/","title":{"rendered":"R\u00fcckgabe- und Umtauschbestimmungen"},"content":{"rendered":"<p>Bei Topkey Packaging steht Ihre Zufriedenheit an erster Stelle. Wir verstehen, dass Sie manchmal einen Artikel zur\u00fcckgeben oder umtauschen m\u00fcssen, und wir m\u00f6chten den Vorgang so einfach und problemlos wie m\u00f6glich gestalten.<\/p><p><strong>R\u00fcckgabe<\/strong><\/p><p><strong>Kriterien f\u00fcr die Zuschussf\u00e4higkeit<\/strong>:<\/p><ul class=\"wp-block-list\"><li>Sie k\u00f6nnen einen Artikel innerhalb von 30 Tagen nach Erhalt der Ware zur\u00fcckgeben.<\/li>\n\n<li>Der Artikel muss sich in seinem Originalzustand befinden und alle Etiketten und die Verpackung m\u00fcssen intakt sein.<\/li>\n\n<li>F\u00fcr individuell gestaltete Taschen gelten unter Umst\u00e4nden bestimmte R\u00fcckgabebeschr\u00e4nkungen. Im Falle umfangreicher oder einzigartiger Anpassungen ist eine R\u00fcckgabe m\u00f6glicherweise nicht m\u00f6glich. Unser Kundendienstteam wird jedoch jede Situation von Fall zu Fall pr\u00fcfen und Ihnen die bestm\u00f6gliche L\u00f6sung anbieten.<\/li><\/ul><p><strong>R\u00fcckgabeprozess<\/strong>:<\/p><ol class=\"wp-block-list\"><li>Wenden Sie sich an unser Kundendienstteam unter topkeygifts@gmail.com oder sales@carryplanet.com.<\/li>\n\n<li>Geben Sie Ihre Bestellnummer und eine detaillierte Beschreibung des Grundes f\u00fcr die R\u00fccksendung an.<\/li>\n\n<li>Unser Team wird Ihnen innerhalb von 24 Stunden mitteilen, wie Sie den Artikel zur\u00fccksenden k\u00f6nnen.<\/li>\n\n<li>Verpacken Sie den Artikel sicher in der Originalverpackung, damit er beim Transport gesch\u00fctzt ist.<\/li>\n\n<li>Legen Sie dem Paket eine Kopie Ihrer Auftragsbest\u00e4tigung oder Quittung bei.<\/li>\n\n<li>Verwenden Sie eine verfolgbare Versandmethode, um den Artikel an uns zur\u00fcckzuschicken. Sie sind f\u00fcr die Kosten der R\u00fccksendung verantwortlich. Wir empfehlen die Verwendung eines zuverl\u00e4ssigen Versandunternehmens, um die sichere R\u00fcckgabe Ihres Artikels zu gew\u00e4hrleisten.<\/li><\/ol><p><strong>Erstattungsverfahren<\/strong>:<\/p><ol class=\"wp-block-list\"><li>Sobald wir Ihren zur\u00fcckgesandten Artikel erhalten haben, wird unser Qualit\u00e4tskontrollteam ihn \u00fcberpr\u00fcfen, um sicherzustellen, dass er unseren R\u00fcckgabekriterien entspricht.<\/li>\n\n<li>Wenn der Artikel in einem akzeptablen Zustand ist, werden wir Ihre R\u00fcckerstattung innerhalb von 7-10 Werktagen bearbeiten.<\/li>\n\n<li>R\u00fcckerstattungen werden auf die urspr\u00fcnglich f\u00fcr den Kauf verwendete Zahlungsmethode ausgestellt. Bitte beachten Sie, dass es je nach Bank oder Zahlungsanbieter einige Zeit dauern kann, bis die Erstattung auf Ihrem Kontoauszug erscheint.<\/li><\/ol><p><strong>Tauschb\u00f6rsen<\/strong><\/p><p><strong>Anforderungen an die F\u00f6rderf\u00e4higkeit<\/strong>:<\/p><ul class=\"wp-block-list\"><li>Sie k\u00f6nnen einen Artikel innerhalb von 30 Tagen nach Erhalt der Ware umtauschen.<\/li>\n\n<li>Der Artikel muss sich in seinem Originalzustand befinden und alle Etiketten und die Verpackung m\u00fcssen intakt sein.<\/li>\n\n<li>F\u00fcr individuell angefertigte Taschen gelten unter Umst\u00e4nden besondere Bedingungen f\u00fcr den Umtausch. Wie bei R\u00fccksendungen wird unser Kundenservice jeden Fall individuell pr\u00fcfen und Sie entsprechend unterst\u00fctzen.<\/li><\/ul><p><strong>Austauschprozess<\/strong>:<\/p><ol class=\"wp-block-list\"><li>Wenden Sie sich an unser Kundendienstteam unter topkeygifts@gmail.com oder sales@carryplanet.com.<\/li>\n\n<li>Geben Sie Ihre Bestellnummer und eine Beschreibung des Artikels, den Sie umtauschen m\u00f6chten, an.<\/li>\n\n<li>Unser Team wird Ihnen Anweisungen geben, wie Sie den urspr\u00fcnglichen Artikel zur\u00fccksenden und den umgetauschten Artikel erhalten k\u00f6nnen.<\/li>\n\n<li>Verpacken Sie den Originalartikel sicher in seiner Originalverpackung.<\/li>\n\n<li>Legen Sie dem Paket eine Kopie Ihrer Auftragsbest\u00e4tigung oder Quittung bei.<\/li>\n\n<li>Verwenden Sie eine verfolgbare Versandmethode, um den Originalartikel an uns zur\u00fcckzuschicken. Wenn der Umtausch auf einen Defekt des Produkts oder einen Fehler unsererseits zur\u00fcckzuf\u00fchren ist, \u00fcbernehmen wir die Kosten f\u00fcr den Versand des umgetauschten Artikels an Sie. Andernfalls tragen Sie die Kosten f\u00fcr die R\u00fccksendung des Originalartikels an uns und die Kosten f\u00fcr den Versand des umgetauschten Artikels an Sie.<\/li><\/ol><p><strong>Bearbeitungszeit<\/strong>:<br>Die Bearbeitung eines Umtauschs kann l\u00e4nger dauern als die einer R\u00fccksendung. Bitte rechnen Sie mit bis zu 10-15 Werktagen, bis wir Ihren zur\u00fcckgesandten Artikel erhalten, den Umtausch bearbeiten und Ihnen den umgetauschten Artikel zusenden.<\/p><p><strong>Abschlie\u00dfende Anmerkungen<\/strong>:<\/p><ul class=\"wp-block-list\"><li>Unsere R\u00fcckgabe- und Umtauschbestimmungen sollen Ihre Zufriedenheit gew\u00e4hrleisten und Ihre Rechte als Kunde sch\u00fctzen. Wir behalten uns jedoch das Recht vor, die R\u00fcckgabe oder den Umtausch zu verweigern, wenn der Artikel nicht unseren R\u00fcckgabekriterien entspricht oder wenn die R\u00fcckgabe nicht innerhalb der angegebenen Frist eingeleitet wird.<\/li>\n\n<li>Wenn Sie Fragen oder Bedenken bez\u00fcglich unserer R\u00fcckgabe- und Umtauschbestimmungen haben, z\u00f6gern Sie bitte nicht, unseren Kundendienst zu kontaktieren. Wir helfen Ihnen gerne weiter und tun unser Bestes, um alle Probleme zu l\u00f6sen, die Sie haben.<\/li><\/ul><p>Vielen Dank, dass Sie sich f\u00fcr Topkey Packaging entschieden haben. Wir freuen uns darauf, Sie auch in Zukunft zu bedienen.<\/p>","protected":false},"excerpt":{"rendered":"<p>At Topkey Packaging, your satisfaction is our top priority. We understand that sometimes you may need to return or exchange an item, and we want&#8230;<\/p>","protected":false},"author":1,"featured_media":0,"parent":0,"menu_order":0,"comment_status":"closed","ping_status":"closed","template":"","meta":{"footnotes":""},"class_list":["post-2148","page","type-page","status-publish","hentry"],"_links":{"self":[{"href":"https:\/\/topkeypackaging.com\/de\/wp-json\/wp\/v2\/pages\/2148","targetHints":{"allow":["GET"]}}],"collection":[{"href":"https:\/\/topkeypackaging.com\/de\/wp-json\/wp\/v2\/pages"}],"about":[{"href":"https:\/\/topkeypackaging.com\/de\/wp-json\/wp\/v2\/types\/page"}],"author":[{"embeddable":true,"href":"https:\/\/topkeypackaging.com\/de\/wp-json\/wp\/v2\/users\/1"}],"replies":[{"embeddable":true,"href":"https:\/\/topkeypackaging.com\/de\/wp-json\/wp\/v2\/comments?post=2148"}],"version-history":[{"count":0,"href":"https:\/\/topkeypackaging.com\/de\/wp-json\/wp\/v2\/pages\/2148\/revisions"}],"wp:attachment":[{"href":"https:\/\/topkeypackaging.com\/de\/wp-json\/wp\/v2\/media?parent=2148"}],"curies":[{"name":"wp","href":"https:\/\/api.w.org\/{rel}","templated":true}]}}