{"id":1812,"date":"2024-10-22T02:28:17","date_gmt":"2024-10-22T02:28:17","guid":{"rendered":"https:\/\/topkeypackaging.com\/product\/laminated-non-woven-bag-7\/"},"modified":"2024-10-22T02:54:20","modified_gmt":"2024-10-22T02:54:20","slug":"laminated-non-woven-bag-7","status":"publish","type":"product","link":"https:\/\/topkeypackaging.com\/de\/produkt\/laminated-non-woven-bag-7\/","title":{"rendered":"Laminierter Vliesstoffbeutel"},"content":{"rendered":"<p>[ad_1]<\/p>\n<div class=\"html_l\">\n<div id=\"bigimg\" class=\"proimgbox\"><\/div>\n<div class=\"hidden\"><\/div>\n<\/div>\n<p>&nbsp;<\/p>\n<div class=\"detalist on\">\n<p>PP-Gewebes\u00e4cke werden aus PP-Gewebe hergestellt. Jede Tasche ist wiederverwendbar, tragbar, leicht, nicht leicht zu verblassen, rei\u00dfen oder brechen. Eine ideale Wahl f\u00fcr Werbung und F\u00f6rderung.<\/p>\n<table style=\"border-collapse: collapse;\">\n<tbody>\n<tr>\n<td width=\"133\">Artikel Name<\/td>\n<td width=\"434\">Wiederverwendbare bedruckte Einkaufstasche aus PP-Gewebe<\/td>\n<\/tr>\n<tr>\n<td width=\"133\">Material<\/td>\n<td width=\"434\">PP gewebt mit Laminierung, 110g -180g<\/td>\n<\/tr>\n<tr>\n<td width=\"133\">Gr\u00f6\u00dfe<\/td>\n<td width=\"434\">38B*35H*25cm oder kundenspezifisch<\/td>\n<\/tr>\n<tr>\n<td width=\"133\">Handgriff<\/td>\n<td width=\"434\">K\u00f6rpermaterial \/ PP-Gurtband, 2,5*50cm oder kundenspezifisch<\/td>\n<\/tr>\n<tr>\n<td width=\"133\">MOQ<\/td>\n<td width=\"434\">1000St\u00fcck<\/td>\n<\/tr>\n<tr>\n<td width=\"133\">Farbe<\/td>\n<td width=\"434\">CMYK \/ Kundenspezifisch<\/td>\n<\/tr>\n<tr>\n<td width=\"133\">Verst\u00e4rktes Verfahren<\/td>\n<td width=\"434\">X-Stitch \/ Paspelierung oben umschlagen \/ Unten Pappe<\/td>\n<\/tr>\n<tr>\n<td width=\"133\">Oberfl\u00e4che<\/td>\n<td width=\"434\">Matte Laminierung \/ Gl\u00e4nzende Laminierung<\/td>\n<\/tr>\n<tr>\n<td width=\"133\">Lieferfrist<\/td>\n<td width=\"434\">15-20 Tage nach Auftragsbest\u00e4tigung<\/td>\n<\/tr>\n<tr>\n<td rowspan=\"2\" width=\"133\">Muster<\/td>\n<td width=\"434\">Musterzeit: 5-7 Tage<\/td>\n<\/tr>\n<tr>\n<td width=\"434\">Vorhandene Muster werden kostenlos und unfrei versandt.<\/td>\n<\/tr>\n<tr>\n<td width=\"133\">Hafen<\/td>\n<td width=\"434\">Ningbo oder Shanghai<\/td>\n<\/tr>\n<tr>\n<td width=\"133\">Zahlungsfrist<\/td>\n<td width=\"434\">30% Anzahlung, Restbetrag gegen B\/L Kopie oder vor Lieferung.<\/td>\n<\/tr>\n<tr>\n<td width=\"133\">Zertifizierung<\/td>\n<td width=\"434\">BSCI<\/td>\n<\/tr>\n<\/tbody>\n<\/table>\n<p><img loading=\"lazy\" decoding=\"async\" src=\"http:\/\/topkeypackaging.com\/wp-content\/uploads\/2024\/10\/1729564097_8_20231127111842184281.jpg\" alt=\"\" width=\"750\" height=\"514\" \/><\/p>\n<p>Neben Einkaufstaschen aus PP-Gewebe, Vliesstoff und RPET-Materialien haben wir unsere Produktionspalette auf abwaschbares Kraftpapier, Baumwolle, Jute, Segeltuch und PVC-Materialien erweitert. Unsere Produkte sind wasserdicht, recycelbar, umweltfreundlich und finden breite Anwendung in den Bereichen Einkaufen, Promotion, Werbung, Reisen, Verpackung von Kleidung usw.<\/p>\n<p>Unsere Produkte sind frei von Ammoniakfarbstoffen, enthalten wenig Kadmium, sind ungiftig und entsprechen den EU-Vorschriften und -Normen. Wir unterst\u00fctzen unsere Kunden bei der Entwicklung neuer Produkte in verschiedenen Gr\u00f6\u00dfen und Materialien auf eigene Kosten. Wenn Sie neue Entw\u00fcrfe oder neue Ideen haben, sind Sie herzlich eingeladen, mit uns zu sprechen.<\/p>\n<\/div>","protected":false},"excerpt":{"rendered":"<div class=\"context\">Neben Einkaufstaschen aus PP-Gewebe, Vliesstoff und RPET-Materialien haben wir unsere Produktionspalette auf abwaschbares Kraftpapier, Baumwolle, Jute, Segeltuch und PVC-Materialien erweitert. Unsere Produkte sind wasserdicht, recycelbar, umweltfreundlich und finden breite Anwendung in den Bereichen Einkaufen, Promotion, Werbung, Reisen, Verpackung von Kleidung usw. Alle Produkte, einschlie\u00dflich Gr\u00f6\u00dfe, Material, Gewicht und Logo, k\u00f6nnen individuell gestaltet werden.<\/div>","protected":false},"featured_media":1849,"comment_status":"open","ping_status":"closed","template":"","meta":[],"etheme_brands":[],"product_brand":[],"product_cat":[15],"product_tag":[],"class_list":{"0":"post-1812","1":"product","2":"type-product","3":"status-publish","4":"has-post-thumbnail","6":"product_cat-other","8":"first","9":"instock","10":"sale","11":"shipping-taxable","12":"purchasable","13":"product-type-simple"},"_links":{"self":[{"href":"https:\/\/topkeypackaging.com\/de\/wp-json\/wp\/v2\/product\/1812","targetHints":{"allow":["GET"]}}],"collection":[{"href":"https:\/\/topkeypackaging.com\/de\/wp-json\/wp\/v2\/product"}],"about":[{"href":"https:\/\/topkeypackaging.com\/de\/wp-json\/wp\/v2\/types\/product"}],"replies":[{"embeddable":true,"href":"https:\/\/topkeypackaging.com\/de\/wp-json\/wp\/v2\/comments?post=1812"}],"version-history":[{"count":0,"href":"https:\/\/topkeypackaging.com\/de\/wp-json\/wp\/v2\/product\/1812\/revisions"}],"wp:featuredmedia":[{"embeddable":true,"href":"https:\/\/topkeypackaging.com\/de\/wp-json\/wp\/v2\/media\/1849"}],"wp:attachment":[{"href":"https:\/\/topkeypackaging.com\/de\/wp-json\/wp\/v2\/media?parent=1812"}],"wp:term":[{"taxonomy":"brand","embeddable":true,"href":"https:\/\/topkeypackaging.com\/de\/wp-json\/wp\/v2\/etheme_brands?post=1812"},{"taxonomy":"product_brand","embeddable":true,"href":"https:\/\/topkeypackaging.com\/de\/wp-json\/wp\/v2\/product_brand?post=1812"},{"taxonomy":"product_cat","embeddable":true,"href":"https:\/\/topkeypackaging.com\/de\/wp-json\/wp\/v2\/product_cat?post=1812"},{"taxonomy":"product_tag","embeddable":true,"href":"https:\/\/topkeypackaging.com\/de\/wp-json\/wp\/v2\/product_tag?post=1812"}],"curies":[{"name":"wp","href":"https:\/\/api.w.org\/{rel}","templated":true}]}}