{"id":2035,"date":"2024-10-25T02:04:19","date_gmt":"2024-10-25T02:04:19","guid":{"rendered":"https:\/\/topkeypackaging.com\/product\/waterproof-customized-pp-plastic-woven-bag\/"},"modified":"2025-04-01T03:16:24","modified_gmt":"2025-04-01T03:16:24","slug":"waterproof-customized-pp-plastic-woven-bag","status":"publish","type":"product","link":"https:\/\/topkeypackaging.com\/de\/produkt\/waterproof-customized-pp-plastic-woven-bag\/","title":{"rendered":"Wasserdichter, kundenspezifischer PP-Plastik-Gewebesack"},"content":{"rendered":"<p>[ad_1]<br \/>\n<\/p>\n<div class=\"html_l\">\n<div class=\"proimgbox\" id=\"bigimg\">\n                                <a href=\"http:\/\/topkeypackaging.com\/wp-content\/uploads\/2024\/10\/20231118091516151661363.jpg\" title=\"Wasserdichter, kundenspezifischer PP-Plastik-Gewebesack\" rel=\"bigimg\" class=\"boxer\"><\/a><\/p><\/div>\n<div class=\"hidden\">\n                                    <a href=\"http:\/\/topkeypackaging.com\/wp-content\/uploads\/2024\/10\/20231118091516151661363.jpg\" class=\"boxer\" rel=\"bigimg\" title=\"Wasserdichter, kundenspezifischer PP-Plastik-Gewebesack\"><img loading=\"lazy\" decoding=\"async\" src=\"http:\/\/topkeypackaging.com\/wp-content\/uploads\/2024\/10\/20231118091516151661363.jpg\" width=\"800\" height=\"800\" alt=\"Waterproof Customized PP plastic woven bag\"><\/a><br \/>\n                                    <a href=\"http:\/\/topkeypackaging.com\/wp-content\/uploads\/2024\/10\/20231118091515151584367.jpg\" class=\"boxer\" rel=\"bigimg\" title=\"Wasserdichter, kundenspezifischer PP-Plastik-Gewebesack\"><img loading=\"lazy\" decoding=\"async\" src=\"http:\/\/topkeypackaging.com\/wp-content\/uploads\/2024\/10\/20231118091515151584367.jpg\" width=\"800\" height=\"800\" alt=\"Waterproof Customized PP plastic woven bag\"><\/a><br \/>\n                                    <a href=\"http:\/\/topkeypackaging.com\/wp-content\/uploads\/2024\/10\/20231118091516151627230.jpg\" class=\"boxer\" rel=\"bigimg\" title=\"Wasserdichter, kundenspezifischer PP-Plastik-Gewebesack\"><img loading=\"lazy\" decoding=\"async\" src=\"http:\/\/topkeypackaging.com\/wp-content\/uploads\/2024\/10\/20231118091516151627230.jpg\" width=\"800\" height=\"800\" alt=\"Waterproof Customized PP plastic woven bag\"><\/a><br \/>\n                                    <a href=\"http:\/\/topkeypackaging.com\/wp-content\/uploads\/2024\/10\/20231118091516151632464.jpg\" class=\"boxer\" rel=\"bigimg\" title=\"Wasserdichter, kundenspezifischer PP-Plastik-Gewebesack\"><img loading=\"lazy\" decoding=\"async\" src=\"http:\/\/topkeypackaging.com\/wp-content\/uploads\/2024\/10\/20231118091516151632464.jpg\" width=\"800\" height=\"800\" alt=\"Waterproof Customized PP plastic woven bag\"><\/a><br \/>\n                                    <a href=\"http:\/\/topkeypackaging.com\/wp-content\/uploads\/2024\/10\/20231118091516151637698.jpg\" class=\"boxer\" rel=\"bigimg\" title=\"Wasserdichter, kundenspezifischer PP-Plastik-Gewebesack\"><img loading=\"lazy\" decoding=\"async\" src=\"http:\/\/topkeypackaging.com\/wp-content\/uploads\/2024\/10\/20231118091516151637698.jpg\" width=\"800\" height=\"800\" alt=\"Waterproof Customized PP plastic woven bag\"><\/a><br \/>\n                                    <a href=\"http:\/\/topkeypackaging.com\/wp-content\/uploads\/2024\/10\/20231118091516151650235.jpg\" class=\"boxer\" rel=\"bigimg\" title=\"Wasserdichter, kundenspezifischer PP-Plastik-Gewebesack\"><img loading=\"lazy\" decoding=\"async\" src=\"http:\/\/topkeypackaging.com\/wp-content\/uploads\/2024\/10\/20231118091516151650235.jpg\" width=\"800\" height=\"800\" alt=\"Waterproof Customized PP plastic woven bag\"><\/a><br \/>\n                                    <a href=\"http:\/\/topkeypackaging.com\/wp-content\/uploads\/2024\/10\/20231118091517151778811.jpg\" class=\"boxer\" rel=\"bigimg\" title=\"Wasserdichter, kundenspezifischer PP-Plastik-Gewebesack\"><img loading=\"lazy\" decoding=\"async\" src=\"http:\/\/topkeypackaging.com\/wp-content\/uploads\/2024\/10\/20231118091517151778811.jpg\" width=\"800\" height=\"800\" alt=\"Waterproof Customized PP plastic woven bag\"><\/a><br \/>\n                                    <a href=\"http:\/\/topkeypackaging.com\/wp-content\/uploads\/2024\/10\/20231118091517151784045.jpg\" class=\"boxer\" rel=\"bigimg\" title=\"Wasserdichter, kundenspezifischer PP-Plastik-Gewebesack\"><img loading=\"lazy\" decoding=\"async\" src=\"http:\/\/topkeypackaging.com\/wp-content\/uploads\/2024\/10\/20231118091517151784045.jpg\" width=\"800\" height=\"800\" alt=\"Waterproof Customized PP plastic woven bag\"><\/a><\/p><\/div>\n<\/p><\/div>\n<p><\/p>\n<div class=\"detalist on\">\n<p>Jede Tasche ist wiederverwendbar, tragbar, leicht, nicht leicht zu verblassen, rei\u00dfen oder brechen. Eine ideale Wahl f\u00fcr Werbung und F\u00f6rderung.<\/p>\n<table>\n<tbody>\n<tr>\n<td width=\"133\">\n<p>Artikel Name:<\/p>\n<\/td>\n<td width=\"434\">\n<p>Wiederverwendbare bedruckte Einkaufstasche aus PP-Gewebe<\/p>\n<\/td>\n<\/tr>\n<tr>\n<td width=\"133\">\n<p>Material:<\/p>\n<\/td>\n<td width=\"434\">\n<p>PP gewebt mit Laminierung, 110g -180g<\/p>\n<\/td>\n<\/tr>\n<tr>\n<td width=\"133\">\n<p>Gr\u00f6\u00dfe:<\/p>\n<\/td>\n<td width=\"434\">\n<p>38B*35H*25cm oder kundenspezifisch<\/p>\n<\/td>\n<\/tr>\n<tr>\n<td width=\"133\">\n<p>Handgriff:<\/p>\n<\/td>\n<td width=\"434\">\n<p>K\u00f6rpermaterial \/ PP-Gurtband, 2,5*50cm oder kundenspezifisch<\/p>\n<\/td>\n<\/tr>\n<tr>\n<td width=\"133\">\n<p>MOQ:<\/p>\n<\/td>\n<td width=\"434\">\n<p>1000St\u00fcck<\/p>\n<\/td>\n<\/tr>\n<tr>\n<td width=\"133\">\n<p>Farbe:<\/p>\n<\/td>\n<td width=\"434\">\n<p>CMYK \/ Kundenspezifisch<\/p>\n<\/td>\n<\/tr>\n<tr>\n<td width=\"133\">\n<p>Verst\u00e4rktes Verfahren:<\/p>\n<\/td>\n<td width=\"434\">\n<p>X-Stitch \/ Paspelierung oben umschlagen \/ Unten Pappe<\/p>\n<\/td>\n<\/tr>\n<tr>\n<td width=\"133\">\n<p>Oberfl\u00e4che:<\/p>\n<\/td>\n<td width=\"434\">\n<p>Matte Laminierung \/ Gl\u00e4nzende Laminierung<\/p>\n<\/td>\n<\/tr>\n<tr>\n<td width=\"133\">\n<p>Lieferfrist:<\/p>\n<\/td>\n<td width=\"434\">\n<p>15-20 Tage nach Auftragsbest\u00e4tigung<\/p>\n<\/td>\n<\/tr>\n<tr>\n<td rowspan=\"2\" width=\"133\">\n<p>Beispiel:<\/p>\n<\/td>\n<td width=\"434\">\n<p>Musterzeit: 5-7 Tage<\/p>\n<\/td>\n<\/tr>\n<tr>\n<td width=\"434\">\n<p>Vorhandene Muster werden kostenlos und unfrei versandt.<\/p>\n<\/td>\n<\/tr>\n<tr>\n<td width=\"133\">\n<p>Hafen:<\/p>\n<\/td>\n<td width=\"434\">\n<p>Ningbo oder Shanghai<\/p>\n<\/td>\n<\/tr>\n<tr>\n<td width=\"133\">\n<p>Zahlungsfrist:<\/p>\n<\/td>\n<td width=\"434\">\n<p>30% Anzahlung, Restbetrag gegen B\/L Kopie oder vor Lieferung.<\/p>\n<\/td>\n<\/tr>\n<tr>\n<td width=\"133\">\n<p>Zertifizierung:<\/p>\n<\/td>\n<td width=\"434\">\n<p>BSCI<\/p>\n<\/td>\n<\/tr>\n<\/tbody>\n<\/table>\n<p><img loading=\"lazy\" decoding=\"async\" src=\"http:\/\/topkeypackaging.com\/wp-content\/uploads\/2024\/10\/1729821859_191_20231127111842184281.jpg\" alt=\"\" width=\"750\" height=\"514\"><\/p>\n<p>Neben Einkaufstaschen aus PP-Gewebe, Vliesstoff und RPET-Materialien haben wir unsere Produktionspalette auf abwaschbares Kraftpapier, Baumwolle, Jute, Segeltuch und PVC-Materialien erweitert. Unsere Produkte sind wasserdicht, recycelbar, umweltfreundlich und finden breite Anwendung in den Bereichen Einkaufen, Promotion, Werbung, Reisen, Verpackung von Kleidung usw.<\/p>\n<p>Unsere Produkte sind frei von Ammoniakfarbstoffen, enthalten wenig Kadmium, sind ungiftig und entsprechen den EU-Vorschriften und -Normen. Wir unterst\u00fctzen unsere Kunden bei der Entwicklung neuer Produkte in verschiedenen Gr\u00f6\u00dfen und Materialien auf eigene Kosten. Wenn Sie neue Entw\u00fcrfe oder neue Ideen haben, sind Sie herzlich eingeladen, mit uns zu sprechen.<\/p>\n<\/p><\/div>","protected":false},"excerpt":{"rendered":"<div class=\"context\">\n                        PP Woven Recycled Bags Wiederverwendbare Einkaufstaschen Big Size Packaging Plastic Bags Customized Logo. Neben Einkaufstaschen aus PP-Gewebe, Vliesstoff und RPET-Materialien haben wir unsere Produktionspalette auf waschbares Kraftpapier, Baumwolle, Jute, Canvas und PVC-Materialien erweitert. Unsere Produkte sind wasserdicht, wiederverwertbar und umweltfreundlich und finden breite Anwendung in den Bereichen Einkaufen, Promotion, Werbung, Reisen, Verpackung von Kleidung usw.\n                    <\/div>","protected":false},"featured_media":2036,"comment_status":"open","ping_status":"closed","template":"","meta":[],"etheme_brands":[],"product_brand":[],"product_cat":[20],"product_tag":[],"class_list":{"0":"post-2035","1":"product","2":"type-product","3":"status-publish","4":"has-post-thumbnail","6":"product_cat-biodegradable-plastic-bags-pbat-pha","8":"first","9":"instock","10":"shipping-taxable","11":"product-type-external"},"_links":{"self":[{"href":"https:\/\/topkeypackaging.com\/de\/wp-json\/wp\/v2\/product\/2035","targetHints":{"allow":["GET"]}}],"collection":[{"href":"https:\/\/topkeypackaging.com\/de\/wp-json\/wp\/v2\/product"}],"about":[{"href":"https:\/\/topkeypackaging.com\/de\/wp-json\/wp\/v2\/types\/product"}],"replies":[{"embeddable":true,"href":"https:\/\/topkeypackaging.com\/de\/wp-json\/wp\/v2\/comments?post=2035"}],"version-history":[{"count":1,"href":"https:\/\/topkeypackaging.com\/de\/wp-json\/wp\/v2\/product\/2035\/revisions"}],"predecessor-version":[{"id":3107,"href":"https:\/\/topkeypackaging.com\/de\/wp-json\/wp\/v2\/product\/2035\/revisions\/3107"}],"wp:featuredmedia":[{"embeddable":true,"href":"https:\/\/topkeypackaging.com\/de\/wp-json\/wp\/v2\/media\/2036"}],"wp:attachment":[{"href":"https:\/\/topkeypackaging.com\/de\/wp-json\/wp\/v2\/media?parent=2035"}],"wp:term":[{"taxonomy":"brand","embeddable":true,"href":"https:\/\/topkeypackaging.com\/de\/wp-json\/wp\/v2\/etheme_brands?post=2035"},{"taxonomy":"product_brand","embeddable":true,"href":"https:\/\/topkeypackaging.com\/de\/wp-json\/wp\/v2\/product_brand?post=2035"},{"taxonomy":"product_cat","embeddable":true,"href":"https:\/\/topkeypackaging.com\/de\/wp-json\/wp\/v2\/product_cat?post=2035"},{"taxonomy":"product_tag","embeddable":true,"href":"https:\/\/topkeypackaging.com\/de\/wp-json\/wp\/v2\/product_tag?post=2035"}],"curies":[{"name":"wp","href":"https:\/\/api.w.org\/{rel}","templated":true}]}}