{"id":2068,"date":"2024-10-25T12:03:45","date_gmt":"2024-10-25T12:03:45","guid":{"rendered":"https:\/\/topkeypackaging.com\/product\/non-woven-cooler-bag\/"},"modified":"2025-04-01T03:15:31","modified_gmt":"2025-04-01T03:15:31","slug":"non-woven-cooler-bag","status":"publish","type":"product","link":"https:\/\/topkeypackaging.com\/de\/produkt\/non-woven-cooler-bag\/","title":{"rendered":"Nicht gewebte K\u00fchltasche"},"content":{"rendered":"<p>[ad_1]<br \/>\n<\/p>\n<div class=\"html_l\">\n<div class=\"proimgbox\" id=\"bigimg\">\n                                <a href=\"http:\/\/topkeypackaging.com\/wp-content\/uploads\/2024\/10\/2023111809370137198337.JPG\" title=\"Nicht gewebte K\u00fchltasche\" rel=\"bigimg\" class=\"boxer\"><\/a><\/p><\/div>\n<div class=\"hidden\">\n                                    <a href=\"http:\/\/topkeypackaging.com\/wp-content\/uploads\/2024\/10\/2023111809370137198337.JPG\" class=\"boxer\" rel=\"bigimg\" title=\"Nicht gewebte K\u00fchltasche\"><img loading=\"lazy\" decoding=\"async\" src=\"http:\/\/topkeypackaging.com\/wp-content\/uploads\/2024\/10\/2023111809370137198337.JPG\" width=\"800\" height=\"800\" alt=\"Non Woven Cooler Bag\"><\/a><br \/>\n                                    <a href=\"http:\/\/topkeypackaging.com\/wp-content\/uploads\/2024\/10\/2023111809370137151997.JPG\" class=\"boxer\" rel=\"bigimg\" title=\"Nicht gewebte K\u00fchltasche\"><img loading=\"lazy\" decoding=\"async\" src=\"http:\/\/topkeypackaging.com\/wp-content\/uploads\/2024\/10\/2023111809370137151997.JPG\" width=\"800\" height=\"800\" alt=\"Non Woven Cooler Bag\"><\/a><br \/>\n                                    <a href=\"http:\/\/topkeypackaging.com\/wp-content\/uploads\/2024\/10\/2023111809370237240869.JPG\" class=\"boxer\" rel=\"bigimg\" title=\"Nicht gewebte K\u00fchltasche\"><img loading=\"lazy\" decoding=\"async\" src=\"http:\/\/topkeypackaging.com\/wp-content\/uploads\/2024\/10\/2023111809370237240869.JPG\" width=\"800\" height=\"800\" alt=\"Non Woven Cooler Bag\"><\/a><br \/>\n                                    <a href=\"http:\/\/topkeypackaging.com\/wp-content\/uploads\/2024\/10\/2023111809370237281983.JPG\" class=\"boxer\" rel=\"bigimg\" title=\"Nicht gewebte K\u00fchltasche\"><img loading=\"lazy\" decoding=\"async\" src=\"http:\/\/topkeypackaging.com\/wp-content\/uploads\/2024\/10\/2023111809370237281983.JPG\" width=\"800\" height=\"800\" alt=\"Non Woven Cooler Bag\"><\/a><br \/>\n                                    <a href=\"http:\/\/topkeypackaging.com\/wp-content\/uploads\/2024\/10\/2023111809370337324845.jpg\" class=\"boxer\" rel=\"bigimg\" title=\"Nicht gewebte K\u00fchltasche\"><img loading=\"lazy\" decoding=\"async\" src=\"http:\/\/topkeypackaging.com\/wp-content\/uploads\/2024\/10\/2023111809370337324845.jpg\" width=\"800\" height=\"800\" alt=\"Non Woven Cooler Bag\"><\/a><br \/>\n                                    <a href=\"http:\/\/topkeypackaging.com\/wp-content\/uploads\/2024\/10\/2023111809370237242616.JPG\" class=\"boxer\" rel=\"bigimg\" title=\"Nicht gewebte K\u00fchltasche\"><img loading=\"lazy\" decoding=\"async\" src=\"http:\/\/topkeypackaging.com\/wp-content\/uploads\/2024\/10\/2023111809370237242616.JPG\" width=\"800\" height=\"800\" alt=\"Non Woven Cooler Bag\"><\/a><br \/>\n                                    <a href=\"http:\/\/topkeypackaging.com\/wp-content\/uploads\/2024\/10\/2023111809370237283730.JPG\" class=\"boxer\" rel=\"bigimg\" title=\"Nicht gewebte K\u00fchltasche\"><img loading=\"lazy\" decoding=\"async\" src=\"http:\/\/topkeypackaging.com\/wp-content\/uploads\/2024\/10\/2023111809370237283730.JPG\" width=\"800\" height=\"800\" alt=\"Non Woven Cooler Bag\"><\/a><\/p><\/div>\n<\/p><\/div>\n<p><\/p>\n<div class=\"detalist on\">\n<table style=\"border-collapse: collapse; width: 100%;\">\n<tbody>\n<tr>\n<td width=\"125\">\n<p>Artikel Name<\/p>\n<\/td>\n<td width=\"424\">\n<p>Thermische K\u00fchltasche f\u00fcr isoliertes Mittagessen<\/p>\n<\/td>\n<\/tr>\n<tr>\n<td width=\"125\">\n<p>Gr\u00f6\u00dfe<\/p>\n<\/td>\n<td width=\"424\">\n<p>34B*30H*20cm oder kundenspezifisch<\/p>\n<\/td>\n<\/tr>\n<tr>\n<td width=\"125\">\n<p>\u00c4u\u00dferes Material<\/p>\n<\/td>\n<td width=\"424\">\n<p>Nicht gewebt \/ PP gewebt \/ Polyester \/ Oxford<\/p>\n<\/td>\n<\/tr>\n<tr>\n<td width=\"125\">\n<p>Inneres Material<\/p>\n<\/td>\n<td width=\"424\">\n<p>Aluminiumfolie und 2mm Schaumstoff<\/p>\n<\/td>\n<\/tr>\n<tr>\n<td width=\"125\">\n<p>Handgriff<\/p>\n<\/td>\n<td width=\"424\">\n<p>K\u00f6rpermaterial \/ PP-Gurtband<\/p>\n<\/td>\n<\/tr>\n<tr>\n<td width=\"125\">\n<p>MOQ<\/p>\n<\/td>\n<td width=\"424\">\n<p>1000St\u00fcck<\/p>\n<\/td>\n<\/tr>\n<tr>\n<td width=\"125\">\n<p>Muster<\/p>\n<\/td>\n<td width=\"424\">\n<p>Musterzeit: 5-7 Tage \/ Kostenlose Muster werden frachtfrei versandt.<\/p>\n<\/td>\n<\/tr>\n<tr>\n<td width=\"125\">\n<p>Produktionszeit<\/p>\n<\/td>\n<td width=\"424\">\n<p>15-20 Tage<\/p>\n<\/td>\n<\/tr>\n<tr>\n<td width=\"125\">\n<p>Hafen<\/p>\n<\/td>\n<td width=\"424\">\n<p>Ningbo oder Shanghai<\/p>\n<\/td>\n<\/tr>\n<tr>\n<td width=\"125\">\n<p>Zahlungsfrist<\/p>\n<\/td>\n<td width=\"424\">\n<p>30% Anzahlung, Restbetrag gegen B\/L Kopie oder vor Lieferung<\/p>\n<\/td>\n<\/tr>\n<tr>\n<td width=\"125\">\n<p>Verwendung<\/p>\n<\/td>\n<td width=\"424\">\n<p>Picknick \/ Werbung<\/p>\n<\/td>\n<\/tr>\n<tr>\n<td width=\"125\">\n<p>Kundenspezifisch<\/p>\n<\/td>\n<td width=\"424\">\n<p>OEM &amp; ODM sind willkommen<\/p>\n<\/td>\n<\/tr>\n<\/tbody>\n<\/table>\n<p>\u00a0<\/p>\n<p><img loading=\"lazy\" decoding=\"async\" style=\"display: block; margin-left: auto; margin-right: auto;\" src=\"http:\/\/topkeypackaging.com\/wp-content\/uploads\/2024\/10\/20231124161831183165.jpg\" alt=\"Non Woven Cooler Bag\" width=\"800\" height=\"947\"><\/p>\n<p><img loading=\"lazy\" decoding=\"async\" style=\"display: block; margin-left: auto; margin-right: auto;\" src=\"http:\/\/topkeypackaging.com\/wp-content\/uploads\/2024\/10\/2023112416190419459.jpg\" alt=\"Non Woven Cooler Bag\" width=\"800\" height=\"808\"><\/p>\n<p style=\"text-align: center;\">\u00a0<\/p>\n<p style=\"text-align: center;\"><img loading=\"lazy\" decoding=\"async\" src=\"http:\/\/topkeypackaging.com\/wp-content\/uploads\/2024\/10\/20231124161920192090.jpg\" alt=\"Non Woven Cooler Bag\" width=\"800\" height=\"800\"><\/p>\n<p style=\"text-align: center;\"><img loading=\"lazy\" decoding=\"async\" src=\"http:\/\/topkeypackaging.com\/wp-content\/uploads\/2024\/10\/20231124162012201229.jpg\" alt=\"Non Woven Cooler Bag\" width=\"800\" height=\"450\"><\/p>\n<p style=\"text-align: center;\"><img loading=\"lazy\" decoding=\"async\" src=\"http:\/\/topkeypackaging.com\/wp-content\/uploads\/2024\/10\/20231124162027202765.jpg\" alt=\"Non Woven Cooler Bag\" width=\"800\" height=\"707\"><\/p>\n<p style=\"text-align: center;\"><img loading=\"lazy\" decoding=\"async\" src=\"http:\/\/topkeypackaging.com\/wp-content\/uploads\/2024\/10\/20231124162041204111.jpg\" alt=\"Non Woven Cooler Bag\" width=\"800\" height=\"693\"><\/p>\n<p style=\"text-align: center;\">\u00a0<\/p>\n<p>Unsere Produkte sind frei von Ammoniakfarbstoffen, enthalten wenig Kadmium, sind ungiftig und entsprechen den EU-Vorschriften und -Normen. Wir unterst\u00fctzen unsere Kunden bei der Entwicklung neuer Produkte in verschiedenen Gr\u00f6\u00dfen und Materialien auf eigene Kosten. Wenn Sie neue Entw\u00fcrfe oder neue Ideen haben, sind Sie herzlich eingeladen, mit uns zu sprechen.<\/p>\n<p>Wenzhou Zhongjin Packaging Co., Ltd. ist eine Fabrik, die sich seit fast 18 Jahren auf umweltfreundliche Produkte spezialisiert hat. Unsere Fabrik hat die BSCI. ISO 9001 und ISO 1400 zertifiziert.\u00a0<\/p>\n<p>Alle Produkte, einschlie\u00dflich Gr\u00f6\u00dfe, Material, Gewicht und Logo, k\u00f6nnen individuell angepasst werden. Mit dem Fokus auf \"Qualit\u00e4t als Ziel und Kundenzufriedenheit als Leitfaden f\u00fcr das Handeln, Zhongjin Packaging Co., Ltd. hei\u00dft Sie herzlich willkommen, sich uns in mehr Projekten anzuschlie\u00dfen!\"<\/p>\n<\/p><\/div>","protected":false},"excerpt":{"rendered":"<div class=\"context\">\n                        Die isolierten K\u00fchltaschen k\u00f6nnen f\u00fcr den Kauf von kalten oder gefrorenen Lebensmitteln verwendet werden, die nicht gewebten laminierten Taschen k\u00f6nnen recycelt werden, um sie f\u00fcr Frauen oder M\u00e4nner zu verwenden. Das Au\u00dfenmaterial ist wasserdicht und leicht zu reinigen. Und Sie k\u00f6nnen es auch f\u00fcr ein Picknick verwenden, setzen Sie alle Gefrierger\u00e4te in der K\u00fchltasche. Perfekte H\u00f6he f\u00fcr Weinflaschen.\n                    <\/div>","protected":false},"featured_media":2065,"comment_status":"open","ping_status":"closed","template":"","meta":[],"etheme_brands":[],"product_brand":[],"product_cat":[28],"product_tag":[],"class_list":{"0":"post-2068","1":"product","2":"type-product","3":"status-publish","4":"has-post-thumbnail","6":"product_cat-reusable-shopping-bags","8":"first","9":"instock","10":"shipping-taxable","11":"product-type-external"},"_links":{"self":[{"href":"https:\/\/topkeypackaging.com\/de\/wp-json\/wp\/v2\/product\/2068","targetHints":{"allow":["GET"]}}],"collection":[{"href":"https:\/\/topkeypackaging.com\/de\/wp-json\/wp\/v2\/product"}],"about":[{"href":"https:\/\/topkeypackaging.com\/de\/wp-json\/wp\/v2\/types\/product"}],"replies":[{"embeddable":true,"href":"https:\/\/topkeypackaging.com\/de\/wp-json\/wp\/v2\/comments?post=2068"}],"version-history":[{"count":1,"href":"https:\/\/topkeypackaging.com\/de\/wp-json\/wp\/v2\/product\/2068\/revisions"}],"predecessor-version":[{"id":3102,"href":"https:\/\/topkeypackaging.com\/de\/wp-json\/wp\/v2\/product\/2068\/revisions\/3102"}],"wp:featuredmedia":[{"embeddable":true,"href":"https:\/\/topkeypackaging.com\/de\/wp-json\/wp\/v2\/media\/2065"}],"wp:attachment":[{"href":"https:\/\/topkeypackaging.com\/de\/wp-json\/wp\/v2\/media?parent=2068"}],"wp:term":[{"taxonomy":"brand","embeddable":true,"href":"https:\/\/topkeypackaging.com\/de\/wp-json\/wp\/v2\/etheme_brands?post=2068"},{"taxonomy":"product_brand","embeddable":true,"href":"https:\/\/topkeypackaging.com\/de\/wp-json\/wp\/v2\/product_brand?post=2068"},{"taxonomy":"product_cat","embeddable":true,"href":"https:\/\/topkeypackaging.com\/de\/wp-json\/wp\/v2\/product_cat?post=2068"},{"taxonomy":"product_tag","embeddable":true,"href":"https:\/\/topkeypackaging.com\/de\/wp-json\/wp\/v2\/product_tag?post=2068"}],"curies":[{"name":"wp","href":"https:\/\/api.w.org\/{rel}","templated":true}]}}