{"id":2341,"date":"2024-10-28T12:49:54","date_gmt":"2024-10-28T12:49:54","guid":{"rendered":"https:\/\/topkeypackaging.com\/product\/cotton-drawstring-bag-3\/"},"modified":"2025-03-26T02:22:08","modified_gmt":"2025-03-26T02:22:08","slug":"cotton-drawstring-bag-3","status":"publish","type":"product","link":"https:\/\/topkeypackaging.com\/de\/produkt\/cotton-drawstring-bag-3\/","title":{"rendered":"Baumwollbeutel mit Kordelzug"},"content":{"rendered":"<p>[ad_1]<br \/>\n<\/p>\n<div class=\"html_l\">\n<div class=\"proimgbox\" id=\"bigimg\">\n                                <a href=\"http:\/\/topkeypackaging.com\/wp-content\/uploads\/2024\/10\/202311181100090913000.png\" title=\"Baumwollbeutel mit Kordelzug\" rel=\"bigimg\" class=\"boxer\"><\/a><\/p><\/div>\n<div class=\"hidden\">\n                                    <a href=\"http:\/\/topkeypackaging.com\/wp-content\/uploads\/2024\/10\/202311181100090913000.png\" class=\"boxer\" rel=\"bigimg\" title=\"Baumwollbeutel mit Kordelzug\"><img loading=\"lazy\" decoding=\"async\" src=\"http:\/\/topkeypackaging.com\/wp-content\/uploads\/2024\/10\/202311181100090913000.png\" width=\"800\" height=\"800\" alt=\"Cotton drawstring bag\"><\/a><br \/>\n                                    <a href=\"http:\/\/topkeypackaging.com\/wp-content\/uploads\/2024\/10\/2023111811075775731988.jpg\" class=\"boxer\" rel=\"bigimg\" title=\"Baumwollbeutel mit Kordelzug\"><img loading=\"lazy\" decoding=\"async\" src=\"http:\/\/topkeypackaging.com\/wp-content\/uploads\/2024\/10\/2023111811075775731988.jpg\" width=\"800\" height=\"800\" alt=\"Cotton drawstring bag\"><\/a><br \/>\n                                    <a href=\"http:\/\/topkeypackaging.com\/wp-content\/uploads\/2024\/10\/2023111811075775792620.jpg\" class=\"boxer\" rel=\"bigimg\" title=\"Baumwollbeutel mit Kordelzug\"><img loading=\"lazy\" decoding=\"async\" src=\"http:\/\/topkeypackaging.com\/wp-content\/uploads\/2024\/10\/2023111811075775792620.jpg\" width=\"800\" height=\"800\" alt=\"Cotton drawstring bag\"><\/a><br \/>\n                                    <a href=\"http:\/\/topkeypackaging.com\/wp-content\/uploads\/2024\/10\/2023111811075775746273.jpg\" class=\"boxer\" rel=\"bigimg\" title=\"Baumwollbeutel mit Kordelzug\"><img loading=\"lazy\" decoding=\"async\" src=\"http:\/\/topkeypackaging.com\/wp-content\/uploads\/2024\/10\/2023111811075775746273.jpg\" width=\"800\" height=\"800\" alt=\"Cotton drawstring bag\"><\/a><\/p><\/div>\n<\/p><\/div>\n<p><\/p>\n<div class=\"detalist on\">\n<p>Die Oberfl\u00e4che und die R\u00fcckseite der Rucksacktaschen mit Kordelzug sind unbedruckt, so dass Sie Muster oder Texte auf die Oberfl\u00e4chen drucken lassen k\u00f6nnen, um charmante Geschenke, Veranstaltungs-Souvenirs oder sortierte Aufbewahrungstaschen f\u00fcr Ihre Kunden, G\u00e4ste, Freunde, Familien und mehr zu gestalten.<\/p>\n<table style=\"border-collapse: collapse;\">\n<tbody>\n<tr style=\"height: 54px;\">\n<td style=\"height: 54px; width: 17.8146%;\" width=\"106\">\n<p>Artikel Name<\/p>\n<\/td>\n<td style=\"height: 54px; width: 77.4785%;\" width=\"461\">\n<p>Polyester Kordelzug Tasche<\/p>\n<\/td>\n<\/tr>\n<tr style=\"height: 54px;\">\n<td style=\"height: 54px; width: 17.8146%;\" width=\"106\">\n<p>Material<\/p>\n<\/td>\n<td style=\"height: 54px; width: 77.4785%;\" width=\"461\">\n<p>190T oder 210D Polyester<\/p>\n<\/td>\n<\/tr>\n<tr style=\"height: 54px;\">\n<td style=\"height: 54px; width: 17.8146%;\" width=\"106\">\n<p>Gr\u00f6\u00dfe<\/p>\n<\/td>\n<td style=\"height: 54px; width: 77.4785%;\" width=\"461\">\n<p>34W*40cm oder kundenspezifisch<\/p>\n<\/td>\n<\/tr>\n<tr style=\"height: 54px;\">\n<td style=\"height: 54px; width: 17.8146%;\" width=\"106\">\n<p>Kabel<\/p>\n<\/td>\n<td style=\"height: 54px; width: 77.4785%;\" width=\"461\">\n<p>PP-Schnur<\/p>\n<\/td>\n<\/tr>\n<tr style=\"height: 54px;\">\n<td style=\"height: 54px; width: 17.8146%;\" width=\"106\">\n<p>MOQ<\/p>\n<\/td>\n<td style=\"height: 54px; width: 77.4785%;\" width=\"461\">\n<p>1000St\u00fcck<\/p>\n<\/td>\n<\/tr>\n<tr style=\"height: 54px;\">\n<td style=\"height: 54px; width: 17.8146%;\" width=\"106\">\n<p>Farbe<\/p>\n<\/td>\n<td style=\"height: 54px; width: 77.4785%;\" width=\"461\">\n<p>Kundenspezifisch<\/p>\n<\/td>\n<\/tr>\n<tr style=\"height: 54px;\">\n<td style=\"height: 54px; width: 17.8146%;\" width=\"106\">\n<p>Drucken<\/p>\n<\/td>\n<td style=\"height: 54px; width: 77.4785%;\" width=\"461\">\n<p>Siebdruck \/ W\u00e4rme\u00fcbertragung \/ Sublimation<\/p>\n<\/td>\n<\/tr>\n<tr style=\"height: 54px;\">\n<td style=\"height: 54px; width: 17.8146%;\" width=\"106\">\n<p>Prozess<\/p>\n<\/td>\n<td style=\"height: 54px; width: 77.4785%;\" width=\"461\">\n<p>N\u00e4hen<\/p>\n<\/td>\n<\/tr>\n<tr style=\"height: 54px;\">\n<td style=\"height: 54px; width: 17.8146%;\" width=\"106\">\n<p>Lieferzeiten<\/p>\n<\/td>\n<td style=\"height: 54px; width: 77.4785%;\" width=\"461\">\n<p>15-20 Tage nach Auftragsbest\u00e4tigung<\/p>\n<\/td>\n<\/tr>\n<tr style=\"height: 54px;\">\n<td style=\"height: 108px; width: 17.8146%;\" rowspan=\"2\" width=\"106\">\n<p>Muster<\/p>\n<\/td>\n<td style=\"height: 54px; width: 77.4785%;\" width=\"461\">\n<p>Musterzeit: 5-7 Tage<\/p>\n<\/td>\n<\/tr>\n<tr style=\"height: 54px;\">\n<td style=\"height: 54px; width: 77.4785%;\" width=\"461\">\n<p>Vorhandene Muster werden kostenlos und unfrei versandt.<\/p>\n<\/td>\n<\/tr>\n<tr style=\"height: 54px;\">\n<td style=\"height: 54px; width: 17.8146%;\" width=\"106\">\n<p>Hafen<\/p>\n<\/td>\n<td style=\"height: 54px; width: 77.4785%;\" width=\"461\">\n<p>Ningbo oder Shanghai<\/p>\n<\/td>\n<\/tr>\n<tr style=\"height: 54px;\">\n<td style=\"height: 54px; width: 17.8146%;\" width=\"106\">\n<p>Zahlungsfrist<\/p>\n<\/td>\n<td style=\"height: 54px; width: 77.4785%;\" width=\"461\">\n<p>30% Anzahlung, Restbetrag gegen B\/L Kopie oder vor Lieferung.<\/p>\n<\/td>\n<\/tr>\n<tr style=\"height: 54px;\">\n<td style=\"height: 54px; width: 17.8146%;\" width=\"106\">\n<p>Zertifizierung<\/p>\n<\/td>\n<td style=\"height: 54px; width: 77.4785%;\" width=\"461\">\n<p>BSCI<\/p>\n<\/td>\n<\/tr>\n<\/tbody>\n<\/table>\n<p><img loading=\"lazy\" decoding=\"async\" src=\"http:\/\/topkeypackaging.com\/wp-content\/uploads\/2024\/10\/1730119793_616_20231127094631463181.jpg\" alt=\"Polyester drawstring bag\" width=\"800\" height=\"811\"><\/p>\n<p><img loading=\"lazy\" decoding=\"async\" src=\"http:\/\/topkeypackaging.com\/wp-content\/uploads\/2024\/10\/1730119794_262_20231127094645464553.jpg\" alt=\"Polyester drawstring bag\" width=\"800\" height=\"851\"><\/p>\n<p><img loading=\"lazy\" decoding=\"async\" src=\"http:\/\/topkeypackaging.com\/wp-content\/uploads\/2024\/10\/1730119794_956_20231127094710471074.jpg\" alt=\"Polyester drawstring bag\" width=\"800\" height=\"779\"><\/p>\n<\/p><\/div>","protected":false},"excerpt":{"rendered":"<div class=\"context\">\n                        Alle Produkte, einschlie\u00dflich Gr\u00f6\u00dfe, Material, Gewicht und Logo, k\u00f6nnen individuell angepasst werden. Unter dem Motto \"Qualit\u00e4t als Ziel und Kundenzufriedenheit als Leitfaden des Handelns\" hei\u00dft Zhongjin Packaging Co., Ltd. Sie herzlich willkommen, uns bei weiteren Projekten zu unterst\u00fctzen! Unsere Produkte sind wasserdicht, wiederverwertbar, umweltfreundlich und finden breite Anwendung in den Bereichen Shopping, Promotion, Werbung, Reisen, Verpackung von Kleidung usw.\n                    <\/div>","protected":false},"featured_media":2342,"comment_status":"open","ping_status":"closed","template":"","meta":[],"etheme_brands":[],"product_brand":[],"product_cat":[25],"product_tag":[],"class_list":{"0":"post-2341","1":"product","2":"type-product","3":"status-publish","4":"has-post-thumbnail","6":"product_cat-drawstring-backpacks-bags","8":"first","9":"instock","10":"shipping-taxable","11":"product-type-external"},"_links":{"self":[{"href":"https:\/\/topkeypackaging.com\/de\/wp-json\/wp\/v2\/product\/2341","targetHints":{"allow":["GET"]}}],"collection":[{"href":"https:\/\/topkeypackaging.com\/de\/wp-json\/wp\/v2\/product"}],"about":[{"href":"https:\/\/topkeypackaging.com\/de\/wp-json\/wp\/v2\/types\/product"}],"replies":[{"embeddable":true,"href":"https:\/\/topkeypackaging.com\/de\/wp-json\/wp\/v2\/comments?post=2341"}],"version-history":[{"count":1,"href":"https:\/\/topkeypackaging.com\/de\/wp-json\/wp\/v2\/product\/2341\/revisions"}],"predecessor-version":[{"id":3056,"href":"https:\/\/topkeypackaging.com\/de\/wp-json\/wp\/v2\/product\/2341\/revisions\/3056"}],"wp:featuredmedia":[{"embeddable":true,"href":"https:\/\/topkeypackaging.com\/de\/wp-json\/wp\/v2\/media\/2342"}],"wp:attachment":[{"href":"https:\/\/topkeypackaging.com\/de\/wp-json\/wp\/v2\/media?parent=2341"}],"wp:term":[{"taxonomy":"brand","embeddable":true,"href":"https:\/\/topkeypackaging.com\/de\/wp-json\/wp\/v2\/etheme_brands?post=2341"},{"taxonomy":"product_brand","embeddable":true,"href":"https:\/\/topkeypackaging.com\/de\/wp-json\/wp\/v2\/product_brand?post=2341"},{"taxonomy":"product_cat","embeddable":true,"href":"https:\/\/topkeypackaging.com\/de\/wp-json\/wp\/v2\/product_cat?post=2341"},{"taxonomy":"product_tag","embeddable":true,"href":"https:\/\/topkeypackaging.com\/de\/wp-json\/wp\/v2\/product_tag?post=2341"}],"curies":[{"name":"wp","href":"https:\/\/api.w.org\/{rel}","templated":true}]}}