{"id":2549,"date":"2024-10-30T18:49:19","date_gmt":"2024-10-30T18:49:19","guid":{"rendered":"https:\/\/topkeypackaging.com\/product\/customize-pvc-handle-bag-3\/"},"modified":"2025-03-26T01:49:03","modified_gmt":"2025-03-26T01:49:03","slug":"customize-pvc-handle-bag-3","status":"publish","type":"product","link":"https:\/\/topkeypackaging.com\/de\/produkt\/customize-pvc-handle-bag-3\/","title":{"rendered":"PVC-Griff Tasche anpassen"},"content":{"rendered":"<p>[ad_1]<br \/>\n<\/p>\n<div class=\"html_l\">\n<div class=\"proimgbox\" id=\"bigimg\">\n                                <a href=\"http:\/\/topkeypackaging.com\/wp-content\/uploads\/2024\/10\/2023112011031331334752.jpg\" title=\"PVC-Griff Tasche anpassen\" rel=\"bigimg\" class=\"boxer\"><\/a><\/p><\/div>\n<div class=\"hidden\"><\/div>\n<\/p><\/div>\n<p><\/p>\n<div class=\"detalist on\">\n<p>Unsere Produkte sind frei von Ammoniakfarbstoffen, enthalten wenig Kadmium, sind ungiftig und entsprechen den EU-Vorschriften und -Normen. Wir unterst\u00fctzen unsere Kunden bei der Entwicklung neuer Produkte in verschiedenen Gr\u00f6\u00dfen und Materialien auf eigene Kosten. Wenn Sie neue Entw\u00fcrfe oder neue Ideen haben, sind Sie herzlich eingeladen, mit uns zu sprechen.<\/p>\n<p>Neben Einkaufstaschen aus PP-Gewebe, Vliesstoff und RPET-Materialien haben wir unsere Produktionspalette auf abwaschbares Kraftpapier, Baumwolle, Jute, Segeltuch und PVC-Materialien erweitert. Unsere Produkte sind wasserdicht, recycelbar, umweltfreundlich und finden breite Anwendung in den Bereichen Einkaufen, Promotion, Werbung, Reisen, Verpackung von Kleidung usw.<\/p>\n<p>Alle Produkte, einschlie\u00dflich Gr\u00f6\u00dfe, Material, Gewicht und Logo, k\u00f6nnen individuell angepasst werden. Mit dem Fokus auf \"Qualit\u00e4t als Ziel und Kundenzufriedenheit als Leitfaden f\u00fcr das Handeln, Zhongjin Packaging Co., Ltd. hei\u00dft Sie herzlich willkommen, sich uns in mehr Projekten anzuschlie\u00dfen!\"<\/p>\n<p>Wenzhou Zhongjin Packaging Co., Ltd. ist eine Fabrik, die sich seit fast 18 Jahren auf umweltfreundliche Produkte spezialisiert hat. Unsere Fabrik hat die BSCI. ISO 9001 und ISO 1400 zertifiziert.<\/p>\n<\/p><\/div>","protected":false},"excerpt":{"rendered":"<div class=\"context\">\n                        Neben Einkaufstaschen aus PP-Gewebe, Vliesstoff und RPET-Materialien haben wir unsere Produktionspalette auf abwaschbares Kraftpapier, Baumwolle, Jute, Segeltuch und PVC-Materialien erweitert. Unsere Produkte sind wasserdicht, recycelbar, umweltfreundlich und finden breite Anwendung in den Bereichen Einkaufen, Promotion, Werbung, Reisen, Verpackung von Kleidung usw. Alle Produkte, einschlie\u00dflich Gr\u00f6\u00dfe, Material, Gewicht und Logo, k\u00f6nnen individuell gestaltet werden.\n                    <\/div>","protected":false},"featured_media":2550,"comment_status":"open","ping_status":"closed","template":"","meta":[],"etheme_brands":[],"product_brand":[],"product_cat":[20],"product_tag":[],"class_list":{"0":"post-2549","1":"product","2":"type-product","3":"status-publish","4":"has-post-thumbnail","6":"product_cat-biodegradable-plastic-bags-pbat-pha","8":"first","9":"instock","10":"shipping-taxable","11":"product-type-external"},"_links":{"self":[{"href":"https:\/\/topkeypackaging.com\/de\/wp-json\/wp\/v2\/product\/2549","targetHints":{"allow":["GET"]}}],"collection":[{"href":"https:\/\/topkeypackaging.com\/de\/wp-json\/wp\/v2\/product"}],"about":[{"href":"https:\/\/topkeypackaging.com\/de\/wp-json\/wp\/v2\/types\/product"}],"replies":[{"embeddable":true,"href":"https:\/\/topkeypackaging.com\/de\/wp-json\/wp\/v2\/comments?post=2549"}],"version-history":[{"count":1,"href":"https:\/\/topkeypackaging.com\/de\/wp-json\/wp\/v2\/product\/2549\/revisions"}],"predecessor-version":[{"id":3034,"href":"https:\/\/topkeypackaging.com\/de\/wp-json\/wp\/v2\/product\/2549\/revisions\/3034"}],"wp:featuredmedia":[{"embeddable":true,"href":"https:\/\/topkeypackaging.com\/de\/wp-json\/wp\/v2\/media\/2550"}],"wp:attachment":[{"href":"https:\/\/topkeypackaging.com\/de\/wp-json\/wp\/v2\/media?parent=2549"}],"wp:term":[{"taxonomy":"brand","embeddable":true,"href":"https:\/\/topkeypackaging.com\/de\/wp-json\/wp\/v2\/etheme_brands?post=2549"},{"taxonomy":"product_brand","embeddable":true,"href":"https:\/\/topkeypackaging.com\/de\/wp-json\/wp\/v2\/product_brand?post=2549"},{"taxonomy":"product_cat","embeddable":true,"href":"https:\/\/topkeypackaging.com\/de\/wp-json\/wp\/v2\/product_cat?post=2549"},{"taxonomy":"product_tag","embeddable":true,"href":"https:\/\/topkeypackaging.com\/de\/wp-json\/wp\/v2\/product_tag?post=2549"}],"curies":[{"name":"wp","href":"https:\/\/api.w.org\/{rel}","templated":true}]}}