{"id":2553,"date":"2024-10-30T19:55:29","date_gmt":"2024-10-30T19:55:29","guid":{"rendered":"https:\/\/topkeypackaging.com\/product\/customize-jute-bag\/"},"modified":"2025-03-26T01:48:47","modified_gmt":"2025-03-26T01:48:47","slug":"customize-jute-bag","status":"publish","type":"product","link":"https:\/\/topkeypackaging.com\/de\/produkt\/customize-jute-bag\/","title":{"rendered":"Jutebeutel anpassen"},"content":{"rendered":"<p>[ad_1]<br \/>\n<\/p>\n<div class=\"html_l\">\n<div class=\"proimgbox\" id=\"bigimg\">\n                                <a href=\"http:\/\/topkeypackaging.com\/wp-content\/uploads\/2024\/10\/2023112011083483435756.jpg\" title=\"Jutebeutel anpassen\" rel=\"bigimg\" class=\"boxer\"><\/a><\/p><\/div>\n<div class=\"hidden\">\n                                    <a href=\"http:\/\/topkeypackaging.com\/wp-content\/uploads\/2024\/10\/2023112011083483435756.jpg\" class=\"boxer\" rel=\"bigimg\" title=\"Jutebeutel anpassen\"><img loading=\"lazy\" decoding=\"async\" src=\"http:\/\/topkeypackaging.com\/wp-content\/uploads\/2024\/10\/2023112011083483435756.jpg\" width=\"800\" height=\"800\" alt=\"Customize Jute bag\"><\/a><br \/>\n                                    <a href=\"http:\/\/topkeypackaging.com\/wp-content\/uploads\/2024\/10\/2023112011083483476869.jpg\" class=\"boxer\" rel=\"bigimg\" title=\"Jutebeutel anpassen\"><img loading=\"lazy\" decoding=\"async\" src=\"http:\/\/topkeypackaging.com\/wp-content\/uploads\/2024\/10\/2023112011083483476869.jpg\" width=\"800\" height=\"800\" alt=\"Customize Jute bag\"><\/a><br \/>\n                                    <a href=\"http:\/\/topkeypackaging.com\/wp-content\/uploads\/2024\/10\/2023112011083483465741.jpg\" class=\"boxer\" rel=\"bigimg\" title=\"Jutebeutel anpassen\"><img loading=\"lazy\" decoding=\"async\" src=\"http:\/\/topkeypackaging.com\/wp-content\/uploads\/2024\/10\/2023112011083483465741.jpg\" width=\"800\" height=\"800\" alt=\"Customize Jute bag\"><\/a><br \/>\n                                    <a href=\"http:\/\/topkeypackaging.com\/wp-content\/uploads\/2024\/10\/2023112011083483462255.jpg\" class=\"boxer\" rel=\"bigimg\" title=\"Jutebeutel anpassen\"><img loading=\"lazy\" decoding=\"async\" src=\"http:\/\/topkeypackaging.com\/wp-content\/uploads\/2024\/10\/2023112011083483462255.jpg\" width=\"800\" height=\"800\" alt=\"Customize Jute bag\"><\/a><br \/>\n                                    <a href=\"http:\/\/topkeypackaging.com\/wp-content\/uploads\/2024\/10\/2023112011083483422888.jpg\" class=\"boxer\" rel=\"bigimg\" title=\"Jutebeutel anpassen\"><img loading=\"lazy\" decoding=\"async\" src=\"http:\/\/topkeypackaging.com\/wp-content\/uploads\/2024\/10\/2023112011083483422888.jpg\" width=\"800\" height=\"800\" alt=\"Customize Jute bag\"><\/a><br \/>\n                                    <a href=\"http:\/\/topkeypackaging.com\/wp-content\/uploads\/2024\/10\/2023112011083583528122.jpg\" class=\"boxer\" rel=\"bigimg\" title=\"Jutebeutel anpassen\"><img loading=\"lazy\" decoding=\"async\" src=\"http:\/\/topkeypackaging.com\/wp-content\/uploads\/2024\/10\/2023112011083583528122.jpg\" width=\"800\" height=\"800\" alt=\"Customize Jute bag\"><\/a><\/p><\/div>\n<\/p><\/div>\n<p><\/p>\n<div class=\"detalist on\">\n<p>Baumwolltaschen sind modische und umweltfreundliche Stofftaschen mit hoher Haltbarkeit und Festigkeit.<\/p>\n<p>Baumwolltaschen sind ab Werk in einer Vielzahl von Gr\u00f6\u00dfen, Farben, Stilen und Materialien erh\u00e4ltlich. ODM\/OEM, zeigen Sie Ihr Logo mit einer individuellen Baumwolltragetasche!<\/p>\n<table style=\"border-collapse: collapse;\">\n<tbody>\n<tr style=\"height: 54px;\">\n<td style=\"height: 54px; width: 19.1576%;\" width=\"114\">\n<p>Artikel Name<\/p>\n<\/td>\n<td style=\"height: 54px; width: 76.1329%;\" width=\"453\">\n<p>Wiederverwendbare Shopper-Tasche aus Baumwolle<\/p>\n<\/td>\n<\/tr>\n<tr style=\"height: 54px;\">\n<td style=\"height: 54px; width: 19.1576%;\" width=\"114\">\n<p>Material<\/p>\n<\/td>\n<td style=\"height: 54px; width: 76.1329%;\" width=\"453\">\n<p>100% Baumwolle\/Polyester Baumwolle<\/p>\n<\/td>\n<\/tr>\n<tr style=\"height: 54px;\">\n<td style=\"height: 54px; width: 19.1576%;\" width=\"114\">\n<p>Farbe<\/p>\n<\/td>\n<td style=\"height: 54px; width: 76.1329%;\" width=\"453\">\n<p>Nat\u00fcrliche Farbe oder kundenspezifische Farbe<\/p>\n<\/td>\n<\/tr>\n<tr style=\"height: 54px;\">\n<td style=\"height: 54px; width: 19.1576%;\" width=\"114\">\n<p>Drucken<\/p>\n<\/td>\n<td style=\"height: 54px; width: 76.1329%;\" width=\"453\">\n<p>Siebdruck\/W\u00e4rme\u00fcbertragung\/Sublimation<\/p>\n<\/td>\n<\/tr>\n<tr style=\"height: 54px;\">\n<td style=\"height: 54px; width: 19.1576%;\" width=\"114\">\n<p>MOQ<\/p>\n<\/td>\n<td style=\"height: 54px; width: 76.1329%;\" width=\"453\">\n<p>1000St\u00fcck<\/p>\n<\/td>\n<\/tr>\n<tr style=\"height: 54px;\">\n<td style=\"height: 54px; width: 19.1576%;\" width=\"114\">\n<p>Gr\u00f6\u00dfe<\/p>\n<\/td>\n<td style=\"height: 54px; width: 76.1329%;\" width=\"453\">\n<p>38*42cm oder kundenspezifisch<\/p>\n<\/td>\n<\/tr>\n<tr style=\"height: 54px;\">\n<td style=\"height: 54px; width: 19.1576%;\" width=\"114\">\n<p>Hafen<\/p>\n<\/td>\n<td style=\"height: 54px; width: 76.1329%;\" width=\"453\">\n<p>Ningbo oder Shanghai<\/p>\n<\/td>\n<\/tr>\n<tr style=\"height: 54px;\">\n<td style=\"height: 108px; width: 19.1576%;\" rowspan=\"2\" width=\"114\">\n<p>Proben<\/p>\n<\/td>\n<td style=\"height: 54px; width: 76.1329%;\" width=\"453\">\n<p>Musterzeit: 5-7 Tage<\/p>\n<\/td>\n<\/tr>\n<tr style=\"height: 54px;\">\n<td style=\"height: 54px; width: 76.1329%;\" width=\"453\">\n<p>Vorhandene kostenlose Muster werden auf Kundenkonto versandt.<\/p>\n<\/td>\n<\/tr>\n<tr style=\"height: 76px;\">\n<td style=\"height: 76px; width: 19.1576%;\" width=\"114\">\n<p>Produktionszeit<\/p>\n<\/td>\n<td style=\"height: 76px; width: 76.1329%;\" width=\"453\">\n<p>15-20 Tage nach Auftragsbest\u00e4tigung<\/p>\n<\/td>\n<\/tr>\n<tr style=\"height: 54px;\">\n<td style=\"height: 54px; width: 19.1576%;\" width=\"114\">\n<p>Zahlungsfrist<\/p>\n<\/td>\n<td style=\"height: 54px; width: 76.1329%;\" width=\"453\">\n<p>30% Anzahlung, Restbetrag gegen B\/L-Kopie oder Handelsgarantie<\/p>\n<\/td>\n<\/tr>\n<tr style=\"height: 54px;\">\n<td style=\"height: 54px; width: 19.1576%;\" width=\"114\">\n<p>Zertifizierung<\/p>\n<\/td>\n<td style=\"height: 54px; width: 76.1329%;\" width=\"453\">\n<p>BSCI<\/p>\n<\/td>\n<\/tr>\n<\/tbody>\n<\/table>\n<p><strong>Einzelheiten zum Produkt:<\/strong><\/p>\n<p><strong><img loading=\"lazy\" decoding=\"async\" src=\"http:\/\/topkeypackaging.com\/wp-content\/uploads\/2024\/10\/20231127113512351286.jpg\" alt=\"Customize Jute bag\" width=\"750\" height=\"381\"><\/strong><\/p>\n<p><strong>Details zum Druck:<\/strong><\/p>\n<p><strong><img loading=\"lazy\" decoding=\"async\" src=\"http:\/\/topkeypackaging.com\/wp-content\/uploads\/2024\/10\/20231127113524352461.jpg\" alt=\"Customize Jute bag\" width=\"750\" height=\"425\"><\/strong><\/p>\n<\/p><\/div>","protected":false},"excerpt":{"rendered":"<div class=\"context\">\n                        Neben Einkaufstaschen aus PP-Gewebe, Vliesstoff und RPET-Materialien haben wir unsere Produktionspalette auf abwaschbares Kraftpapier, Baumwolle, Jute, Segeltuch und PVC-Materialien erweitert. Unsere Produkte sind wasserdicht, recycelbar, umweltfreundlich und finden breite Anwendung in den Bereichen Einkaufen, Promotion, Werbung, Reisen, Verpackung von Kleidung usw. Alle Produkte, einschlie\u00dflich Gr\u00f6\u00dfe, Material, Gewicht und Logo, k\u00f6nnen individuell gestaltet werden.\n                    <\/div>","protected":false},"featured_media":2554,"comment_status":"open","ping_status":"closed","template":"","meta":[],"etheme_brands":[],"product_brand":[],"product_cat":[22,15],"product_tag":[],"class_list":{"0":"post-2553","1":"product","2":"type-product","3":"status-publish","4":"has-post-thumbnail","6":"product_cat-tote-bags","7":"product_cat-other","9":"first","10":"instock","11":"shipping-taxable","12":"product-type-external"},"_links":{"self":[{"href":"https:\/\/topkeypackaging.com\/de\/wp-json\/wp\/v2\/product\/2553","targetHints":{"allow":["GET"]}}],"collection":[{"href":"https:\/\/topkeypackaging.com\/de\/wp-json\/wp\/v2\/product"}],"about":[{"href":"https:\/\/topkeypackaging.com\/de\/wp-json\/wp\/v2\/types\/product"}],"replies":[{"embeddable":true,"href":"https:\/\/topkeypackaging.com\/de\/wp-json\/wp\/v2\/comments?post=2553"}],"version-history":[{"count":1,"href":"https:\/\/topkeypackaging.com\/de\/wp-json\/wp\/v2\/product\/2553\/revisions"}],"predecessor-version":[{"id":3033,"href":"https:\/\/topkeypackaging.com\/de\/wp-json\/wp\/v2\/product\/2553\/revisions\/3033"}],"wp:featuredmedia":[{"embeddable":true,"href":"https:\/\/topkeypackaging.com\/de\/wp-json\/wp\/v2\/media\/2554"}],"wp:attachment":[{"href":"https:\/\/topkeypackaging.com\/de\/wp-json\/wp\/v2\/media?parent=2553"}],"wp:term":[{"taxonomy":"brand","embeddable":true,"href":"https:\/\/topkeypackaging.com\/de\/wp-json\/wp\/v2\/etheme_brands?post=2553"},{"taxonomy":"product_brand","embeddable":true,"href":"https:\/\/topkeypackaging.com\/de\/wp-json\/wp\/v2\/product_brand?post=2553"},{"taxonomy":"product_cat","embeddable":true,"href":"https:\/\/topkeypackaging.com\/de\/wp-json\/wp\/v2\/product_cat?post=2553"},{"taxonomy":"product_tag","embeddable":true,"href":"https:\/\/topkeypackaging.com\/de\/wp-json\/wp\/v2\/product_tag?post=2553"}],"curies":[{"name":"wp","href":"https:\/\/api.w.org\/{rel}","templated":true}]}}