{"id":2636,"date":"2024-10-31T18:09:28","date_gmt":"2024-10-31T18:09:28","guid":{"rendered":"https:\/\/topkeypackaging.com\/product\/tyvekdupont-tote-bag-customize\/"},"modified":"2025-03-25T08:47:15","modified_gmt":"2025-03-25T08:47:15","slug":"tyvekdupont-tote-bag-customize","status":"publish","type":"product","link":"https:\/\/topkeypackaging.com\/de\/produkt\/tyvekdupont-tote-bag-customize\/","title":{"rendered":"Tyvek(Dupont) Tragetasche anpassen"},"content":{"rendered":"<p>[ad_1]<br \/>\n<\/p>\n<div class=\"html_l\">\n<div class=\"proimgbox\" id=\"bigimg\">\n                                <a href=\"http:\/\/topkeypackaging.com\/wp-content\/uploads\/2024\/10\/20231120115923592314052.jpg\" title=\"Tyvek(Dupont) Tragetasche anpassen\" rel=\"bigimg\" class=\"boxer\"><\/a><\/p><\/div>\n<div class=\"hidden\"><\/div>\n<\/p><\/div>\n<p><\/p>\n<div class=\"detalist on\">\n<p>Tyvek-Tasche mit hochwertiger Tyvek-Papieroberfl\u00e4che, wasserdicht, rei\u00dffest, nicht verrottbar. Perfekt f\u00fcr den t\u00e4glichen Gebrauch, zum Einkaufen, Arbeiten oder auf Reisen. Vintage-Styling und nat\u00fcrliche braune Papierfarben max Marke zu f\u00f6rdern.<\/p>\n<table style=\"border-collapse: collapse;\">\n<tbody>\n<tr style=\"height: 54px;\">\n<td style=\"height: 54px; width: 19.9148%;\" width=\"114\">\n<p>Artikel Name<\/p>\n<\/td>\n<td style=\"height: 54px; width: 75.3729%;\" width=\"453\">\n<p>Tyvek Umweltfreundliche Tragetasche<\/p>\n<\/td>\n<\/tr>\n<tr style=\"height: 54px;\">\n<td style=\"height: 54px; width: 19.9148%;\" width=\"114\">\n<p>Material<\/p>\n<\/td>\n<td style=\"height: 54px; width: 75.3729%;\" width=\"453\">\n<p>Dopont Papier<\/p>\n<\/td>\n<\/tr>\n<tr style=\"height: 54px;\">\n<td style=\"height: 54px; width: 19.9148%;\" width=\"114\">\n<p>Gr\u00f6\u00dfe<\/p>\n<\/td>\n<td style=\"height: 54px; width: 75.3729%;\" width=\"453\">\n<p>35W*25*10cm oder kundenspezifisch<\/p>\n<\/td>\n<\/tr>\n<tr style=\"height: 54px;\">\n<td style=\"height: 54px; width: 19.9148%;\" width=\"114\">\n<p>MOQ<\/p>\n<\/td>\n<td style=\"height: 54px; width: 75.3729%;\" width=\"453\">\n<p>1000St\u00fcck<\/p>\n<\/td>\n<\/tr>\n<tr style=\"height: 54px;\">\n<td style=\"height: 54px; width: 19.9148%;\" width=\"114\">\n<p>Handgriff<\/p>\n<\/td>\n<td style=\"height: 54px; width: 75.3729%;\" width=\"453\">\n<p>Griffe aus Baumwolle<\/p>\n<\/td>\n<\/tr>\n<tr style=\"height: 54px;\">\n<td style=\"height: 54px; width: 19.9148%;\" width=\"114\">\n<p>Drucken<\/p>\n<\/td>\n<td style=\"height: 54px; width: 75.3729%;\" width=\"453\">\n<p>Siebdruck<\/p>\n<\/td>\n<\/tr>\n<tr style=\"height: 54px;\">\n<td style=\"height: 108px; width: 19.9148%;\" rowspan=\"2\" width=\"114\">\n<p>Probezeit<\/p>\n<\/td>\n<td style=\"height: 54px; width: 75.3729%;\" width=\"453\">\n<p>Musterzeit: 5-7 Tage\u00a0<\/p>\n<\/td>\n<\/tr>\n<tr style=\"height: 54px;\">\n<td style=\"height: 54px; width: 75.3729%;\" width=\"453\">\n<p>Vorhandene Muster werden kostenlos und unfrei versandt.<\/p>\n<\/td>\n<\/tr>\n<tr style=\"height: 54px;\">\n<td style=\"height: 54px; width: 19.9148%;\" width=\"114\">\n<p>Produktionszeit<\/p>\n<\/td>\n<td style=\"height: 54px; width: 75.3729%;\" width=\"453\">\n<p>15-20 Tage nach Auftragsbest\u00e4tigung<\/p>\n<\/td>\n<\/tr>\n<tr style=\"height: 54px;\">\n<td style=\"height: 54px; width: 19.9148%;\" width=\"114\">\n<p>Hafen<\/p>\n<\/td>\n<td style=\"height: 54px; width: 75.3729%;\" width=\"453\">\n<p>Ningbo oder Shanghai<\/p>\n<\/td>\n<\/tr>\n<tr style=\"height: 54px;\">\n<td style=\"height: 54px; width: 19.9148%;\" width=\"114\">\n<p>Zahlungsfrist<\/p>\n<\/td>\n<td style=\"height: 54px; width: 75.3729%;\" width=\"453\">\n<p>30% Anzahlung, Restbetrag gegen B\/L Kopie oder vor Lieferung.<\/p>\n<\/td>\n<\/tr>\n<tr style=\"height: 54px;\">\n<td style=\"height: 54px; width: 19.9148%;\" width=\"114\">\n<p>Zertifizierung<\/p>\n<\/td>\n<td style=\"height: 54px; width: 75.3729%;\" width=\"453\">\n<p>BSCI<\/p>\n<\/td>\n<\/tr>\n<\/tbody>\n<\/table>\n<p>\u00a0<\/p>\n<p><img loading=\"lazy\" decoding=\"async\" style=\"display: block; margin-left: auto; margin-right: auto;\" src=\"http:\/\/topkeypackaging.com\/wp-content\/uploads\/2024\/10\/20231127115239523974.jpg\" alt=\"Tyvek(Dupont)  Tote Bag\" width=\"750\" height=\"750\"><\/p>\n<p><img loading=\"lazy\" decoding=\"async\" style=\"display: block; margin-left: auto; margin-right: auto;\" src=\"http:\/\/topkeypackaging.com\/wp-content\/uploads\/2024\/10\/20231127115255525511.jpg\" alt=\"Tyvek(Dupont)  Tote Bag\" width=\"750\" height=\"666\"><\/p>\n<p><img loading=\"lazy\" decoding=\"async\" style=\"display: block; margin-left: auto; margin-right: auto;\" src=\"http:\/\/topkeypackaging.com\/wp-content\/uploads\/2024\/10\/20231127115312531267.jpg\" alt=\"Tyvek(Dupont)  Tote Bag\" width=\"750\" height=\"949\"><\/p>\n<p><img loading=\"lazy\" decoding=\"async\" style=\"display: block; margin-left: auto; margin-right: auto;\" src=\"http:\/\/topkeypackaging.com\/wp-content\/uploads\/2024\/10\/20231127115326532698.jpg\" alt=\"Tyvek(Dupont)  Tote Bag\" width=\"750\" height=\"1243\"><\/p>\n<\/p><\/div>","protected":false},"excerpt":{"rendered":"<div class=\"context\">\n                        Kundenspezifische L\u00f6sungen, OEM\/ODM-Service nach Ihren W\u00fcnschen. Wir sind vor allem in Tyvek Tasche, Baumwolltasche, nicht gewebte Tasche, PP gewebte Tasche, thermische Tasche etc.<br \/>Wenn Sie sich f\u00fcr uns entscheiden, genie\u00dfen Sie h\u00f6chste Qualit\u00e4t und einen professionellen Service, der Ihre individuellen Bed\u00fcrfnisse erf\u00fcllt.\n                    <\/div>","protected":false},"featured_media":2637,"comment_status":"open","ping_status":"closed","template":"","meta":[],"etheme_brands":[],"product_brand":[],"product_cat":[22],"product_tag":[],"class_list":{"0":"post-2636","1":"product","2":"type-product","3":"status-publish","4":"has-post-thumbnail","6":"product_cat-tote-bags","8":"first","9":"instock","10":"shipping-taxable","11":"product-type-external"},"_links":{"self":[{"href":"https:\/\/topkeypackaging.com\/de\/wp-json\/wp\/v2\/product\/2636","targetHints":{"allow":["GET"]}}],"collection":[{"href":"https:\/\/topkeypackaging.com\/de\/wp-json\/wp\/v2\/product"}],"about":[{"href":"https:\/\/topkeypackaging.com\/de\/wp-json\/wp\/v2\/types\/product"}],"replies":[{"embeddable":true,"href":"https:\/\/topkeypackaging.com\/de\/wp-json\/wp\/v2\/comments?post=2636"}],"version-history":[{"count":1,"href":"https:\/\/topkeypackaging.com\/de\/wp-json\/wp\/v2\/product\/2636\/revisions"}],"predecessor-version":[{"id":3020,"href":"https:\/\/topkeypackaging.com\/de\/wp-json\/wp\/v2\/product\/2636\/revisions\/3020"}],"wp:featuredmedia":[{"embeddable":true,"href":"https:\/\/topkeypackaging.com\/de\/wp-json\/wp\/v2\/media\/2637"}],"wp:attachment":[{"href":"https:\/\/topkeypackaging.com\/de\/wp-json\/wp\/v2\/media?parent=2636"}],"wp:term":[{"taxonomy":"brand","embeddable":true,"href":"https:\/\/topkeypackaging.com\/de\/wp-json\/wp\/v2\/etheme_brands?post=2636"},{"taxonomy":"product_brand","embeddable":true,"href":"https:\/\/topkeypackaging.com\/de\/wp-json\/wp\/v2\/product_brand?post=2636"},{"taxonomy":"product_cat","embeddable":true,"href":"https:\/\/topkeypackaging.com\/de\/wp-json\/wp\/v2\/product_cat?post=2636"},{"taxonomy":"product_tag","embeddable":true,"href":"https:\/\/topkeypackaging.com\/de\/wp-json\/wp\/v2\/product_tag?post=2636"}],"curies":[{"name":"wp","href":"https:\/\/api.w.org\/{rel}","templated":true}]}}