{"id":2814,"date":"2024-11-02T07:04:16","date_gmt":"2024-11-02T07:04:16","guid":{"rendered":"https:\/\/topkeypackaging.com\/product\/customized-non-woven-bag-2\/"},"modified":"2025-03-24T09:42:29","modified_gmt":"2025-03-24T09:42:29","slug":"customized-non-woven-bag-2","status":"publish","type":"product","link":"https:\/\/topkeypackaging.com\/de\/produkt\/customized-non-woven-bag-2\/","title":{"rendered":"Kundenspezifischer Vliesstoffbeutel"},"content":{"rendered":"<p>[ad_1]<br \/>\n<\/p>\n<div class=\"html_l\">\n<div class=\"proimgbox\" id=\"bigimg\">\n                                <a href=\"http:\/\/topkeypackaging.com\/wp-content\/uploads\/2024\/11\/2023111717013013070516.jpg\" title=\"Kundenspezifischer Vliesstoffbeutel\" rel=\"bigimg\" class=\"boxer\"><\/a><\/p><\/div>\n<div class=\"hidden\"><\/div>\n<\/p><\/div>\n<p><\/p>\n<div class=\"detalist on\">\n<p>PP-Gewebes\u00e4cke werden aus PP-Gewebe hergestellt. Jede Tasche ist wiederverwendbar, tragbar, leicht, nicht leicht zu verblassen, rei\u00dfen oder brechen. Eine ideale Wahl f\u00fcr Werbung und F\u00f6rderung.<\/p>\n<table style=\"border-collapse: collapse;\">\n<tbody>\n<tr>\n<td width=\"133\">\n<p>Artikel Name<\/p>\n<\/td>\n<td width=\"434\">\n<p>Wiederverwendbare bedruckte Einkaufstasche aus PP-Gewebe<\/p>\n<\/td>\n<\/tr>\n<tr>\n<td width=\"133\">\n<p>Material<\/p>\n<\/td>\n<td width=\"434\">\n<p>PP gewebt mit Laminierung, 110g -180g<\/p>\n<\/td>\n<\/tr>\n<tr>\n<td width=\"133\">\n<p>Gr\u00f6\u00dfe<\/p>\n<\/td>\n<td width=\"434\">\n<p>38B*35H*25cm oder kundenspezifisch<\/p>\n<\/td>\n<\/tr>\n<tr>\n<td width=\"133\">\n<p>Handgriff<\/p>\n<\/td>\n<td width=\"434\">\n<p>K\u00f6rpermaterial \/ PP-Gurtband, 2,5*50cm oder kundenspezifisch<\/p>\n<\/td>\n<\/tr>\n<tr>\n<td width=\"133\">\n<p>MOQ<\/p>\n<\/td>\n<td width=\"434\">\n<p>1000St\u00fcck<\/p>\n<\/td>\n<\/tr>\n<tr>\n<td width=\"133\">\n<p>Farbe<\/p>\n<\/td>\n<td width=\"434\">\n<p>CMYK \/ Kundenspezifisch<\/p>\n<\/td>\n<\/tr>\n<tr>\n<td width=\"133\">\n<p>Verst\u00e4rktes Verfahren<\/p>\n<\/td>\n<td width=\"434\">\n<p>X-Stitch \/ Paspelierung oben umschlagen \/ Unten Pappe<\/p>\n<\/td>\n<\/tr>\n<tr>\n<td width=\"133\">\n<p>Oberfl\u00e4che<\/p>\n<\/td>\n<td width=\"434\">\n<p>Matte Laminierung \/ Gl\u00e4nzende Laminierung<\/p>\n<\/td>\n<\/tr>\n<tr>\n<td width=\"133\">\n<p>Lieferfrist<\/p>\n<\/td>\n<td width=\"434\">\n<p>15-20 Tage nach Auftragsbest\u00e4tigung<\/p>\n<\/td>\n<\/tr>\n<tr>\n<td rowspan=\"2\" width=\"133\">\n<p>Muster<\/p>\n<\/td>\n<td width=\"434\">\n<p>Musterzeit: 5-7 Tage<\/p>\n<\/td>\n<\/tr>\n<tr>\n<td width=\"434\">\n<p>Vorhandene Muster werden kostenlos und unfrei versandt.<\/p>\n<\/td>\n<\/tr>\n<tr>\n<td width=\"133\">\n<p>Hafen<\/p>\n<\/td>\n<td width=\"434\">\n<p>Ningbo oder Shanghai<\/p>\n<\/td>\n<\/tr>\n<tr>\n<td width=\"133\">\n<p>Zahlungsfrist<\/p>\n<\/td>\n<td width=\"434\">\n<p>30% Anzahlung, Restbetrag gegen B\/L Kopie oder vor Lieferung.<\/p>\n<\/td>\n<\/tr>\n<tr>\n<td width=\"133\">\n<p>Zertifizierung<\/p>\n<\/td>\n<td width=\"434\">\n<p>BSCI<\/p>\n<\/td>\n<\/tr>\n<\/tbody>\n<\/table>\n<p><img loading=\"lazy\" decoding=\"async\" src=\"http:\/\/topkeypackaging.com\/wp-content\/uploads\/2024\/10\/1729852010_586_20231127111842184281.jpg\" alt=\"\" width=\"750\" height=\"514\"><\/p>\n<p>Neben Einkaufstaschen aus PP-Gewebe, Vliesstoff und RPET-Materialien haben wir unsere Produktionspalette auf abwaschbares Kraftpapier, Baumwolle, Jute, Segeltuch und PVC-Materialien erweitert. Unsere Produkte sind wasserdicht, recycelbar, umweltfreundlich und finden breite Anwendung in den Bereichen Einkaufen, Promotion, Werbung, Reisen, Verpackung von Kleidung usw.<\/p>\n<p>Unsere Produkte sind frei von Ammoniakfarbstoffen, enthalten wenig Kadmium, sind ungiftig und entsprechen den EU-Vorschriften und -Normen. Wir unterst\u00fctzen unsere Kunden bei der Entwicklung neuer Produkte in verschiedenen Gr\u00f6\u00dfen und Materialien auf eigene Kosten. Wenn Sie neue Entw\u00fcrfe oder neue Ideen haben, sind Sie herzlich eingeladen, mit uns zu sprechen.<\/p>\n<\/p><\/div>","protected":false},"excerpt":{"rendered":"<div class=\"context\">\n                        Alle Produkte, einschlie\u00dflich Gr\u00f6\u00dfe, Material, Gewicht und Logo, k\u00f6nnen individuell angepasst werden. Mit dem Fokus auf \"Qualit\u00e4t als Ziel und Kundenzufriedenheit als Leitfaden f\u00fcr das Handeln, Zhongjin Packaging Co., Ltd. hei\u00dft Sie herzlich willkommen, sich uns in mehr Projekten anzuschlie\u00dfen!\"\n                    <\/div>","protected":false},"featured_media":2815,"comment_status":"open","ping_status":"closed","template":"","meta":[],"etheme_brands":[],"product_brand":[],"product_cat":[22,28],"product_tag":[],"class_list":{"0":"post-2814","1":"product","2":"type-product","3":"status-publish","4":"has-post-thumbnail","6":"product_cat-tote-bags","7":"product_cat-reusable-shopping-bags","9":"first","10":"instock","11":"shipping-taxable","12":"product-type-external"},"_links":{"self":[{"href":"https:\/\/topkeypackaging.com\/de\/wp-json\/wp\/v2\/product\/2814","targetHints":{"allow":["GET"]}}],"collection":[{"href":"https:\/\/topkeypackaging.com\/de\/wp-json\/wp\/v2\/product"}],"about":[{"href":"https:\/\/topkeypackaging.com\/de\/wp-json\/wp\/v2\/types\/product"}],"replies":[{"embeddable":true,"href":"https:\/\/topkeypackaging.com\/de\/wp-json\/wp\/v2\/comments?post=2814"}],"version-history":[{"count":1,"href":"https:\/\/topkeypackaging.com\/de\/wp-json\/wp\/v2\/product\/2814\/revisions"}],"predecessor-version":[{"id":2988,"href":"https:\/\/topkeypackaging.com\/de\/wp-json\/wp\/v2\/product\/2814\/revisions\/2988"}],"wp:featuredmedia":[{"embeddable":true,"href":"https:\/\/topkeypackaging.com\/de\/wp-json\/wp\/v2\/media\/2815"}],"wp:attachment":[{"href":"https:\/\/topkeypackaging.com\/de\/wp-json\/wp\/v2\/media?parent=2814"}],"wp:term":[{"taxonomy":"brand","embeddable":true,"href":"https:\/\/topkeypackaging.com\/de\/wp-json\/wp\/v2\/etheme_brands?post=2814"},{"taxonomy":"product_brand","embeddable":true,"href":"https:\/\/topkeypackaging.com\/de\/wp-json\/wp\/v2\/product_brand?post=2814"},{"taxonomy":"product_cat","embeddable":true,"href":"https:\/\/topkeypackaging.com\/de\/wp-json\/wp\/v2\/product_cat?post=2814"},{"taxonomy":"product_tag","embeddable":true,"href":"https:\/\/topkeypackaging.com\/de\/wp-json\/wp\/v2\/product_tag?post=2814"}],"curies":[{"name":"wp","href":"https:\/\/api.w.org\/{rel}","templated":true}]}}