{"id":2840,"date":"2024-11-02T16:07:47","date_gmt":"2024-11-02T16:07:47","guid":{"rendered":"https:\/\/topkeypackaging.com\/product\/non-woven-bag-7\/"},"modified":"2025-03-24T09:38:26","modified_gmt":"2025-03-24T09:38:26","slug":"non-woven-bag-7","status":"publish","type":"product","link":"https:\/\/topkeypackaging.com\/de\/produkt\/non-woven-bag-7\/","title":{"rendered":"Nicht gewebte Tasche"},"content":{"rendered":"<p>[ad_1]<br \/>\n<\/p>\n<div class=\"html_l\">\n<div class=\"proimgbox\" id=\"bigimg\">\n                                <a href=\"http:\/\/topkeypackaging.com\/wp-content\/uploads\/2024\/11\/2023111717082882898814.jpg\" title=\"Nicht gewebte Tasche\" rel=\"bigimg\" class=\"boxer\"><\/a><\/p><\/div>\n<div class=\"hidden\">\n                                    <a href=\"http:\/\/topkeypackaging.com\/wp-content\/uploads\/2024\/11\/2023111717082882898814.jpg\" class=\"boxer\" rel=\"bigimg\" title=\"Nicht gewebte Tasche\"><img loading=\"lazy\" decoding=\"async\" src=\"http:\/\/topkeypackaging.com\/wp-content\/uploads\/2024\/11\/2023111717082882898814.jpg\" width=\"800\" height=\"800\" alt=\"Non Woven Bag\"><\/a><br \/>\n                                    <a href=\"http:\/\/topkeypackaging.com\/wp-content\/uploads\/2024\/11\/2023111717082882832288.jpg\" class=\"boxer\" rel=\"bigimg\" title=\"Nicht gewebte Tasche\"><img loading=\"lazy\" decoding=\"async\" src=\"http:\/\/topkeypackaging.com\/wp-content\/uploads\/2024\/11\/2023111717082882832288.jpg\" width=\"800\" height=\"800\" alt=\"Non Woven Bag\"><\/a><br \/>\n                                    <a href=\"http:\/\/topkeypackaging.com\/wp-content\/uploads\/2024\/11\/2023111717082782770237.jpg\" class=\"boxer\" rel=\"bigimg\" title=\"Nicht gewebte Tasche\"><img loading=\"lazy\" decoding=\"async\" src=\"http:\/\/topkeypackaging.com\/wp-content\/uploads\/2024\/11\/2023111717082782770237.jpg\" width=\"800\" height=\"800\" alt=\"Non Woven Bag\"><\/a><br \/>\n                                    <a href=\"http:\/\/topkeypackaging.com\/wp-content\/uploads\/2024\/11\/2023111717082782796736.jpg\" class=\"boxer\" rel=\"bigimg\" title=\"Nicht gewebte Tasche\"><img loading=\"lazy\" decoding=\"async\" src=\"http:\/\/topkeypackaging.com\/wp-content\/uploads\/2024\/11\/2023111717082782796736.jpg\" width=\"800\" height=\"800\" alt=\"Non Woven Bag\"><\/a><\/p><\/div>\n<\/p><\/div>\n<p><\/p>\n<div class=\"detalist on\">\n<p>Unsere wiederverwendbaren Tragetaschen sind aus leichtem und modernem Polypropylen-Vliesstoff hergestellt, der langlebig und verschlei\u00dffest ist. Die \"X\"-N\u00e4hte auf dem gemeinsamen Teil machen die langen Griffe stark genug, um viele Gegenst\u00e4nde zu halten, ohne zu brechen.<\/p>\n<table>\n<tbody>\n<tr>\n<td width=\"106\">\n<p>Artikel Name:<\/p>\n<\/td>\n<td width=\"461\">\n<p>Wiederverwendbare Einkaufstasche aus Vliesstoff<\/p>\n<\/td>\n<\/tr>\n<tr>\n<td width=\"106\">\n<p>Material:<\/p>\n<\/td>\n<td width=\"461\">\n<p>Nicht gewebt<\/p>\n<\/td>\n<\/tr>\n<tr>\n<td width=\"106\">\n<p>Gr\u00f6\u00dfe:<\/p>\n<\/td>\n<td width=\"461\">\n<p>38B*42H*10cm oder kundenspezifisch<\/p>\n<\/td>\n<\/tr>\n<tr>\n<td width=\"106\">\n<p>Handgriff:<\/p>\n<\/td>\n<td width=\"461\">\n<p>Vliesstoff\/PP-Gurtband, 2,5*50cm oder kundenspezifisch<\/p>\n<\/td>\n<\/tr>\n<tr>\n<td width=\"106\">\n<p>MOQ:<\/p>\n<\/td>\n<td width=\"461\">\n<p>1000St\u00fcck<\/p>\n<\/td>\n<\/tr>\n<tr>\n<td width=\"106\">\n<p>Farbe:<\/p>\n<\/td>\n<td width=\"461\">\n<p>Kundenspezifisch<\/p>\n<\/td>\n<\/tr>\n<tr>\n<td width=\"106\">\n<p>Drucken:<\/p>\n<\/td>\n<td width=\"461\">\n<p>Siebdruck \/ Laminierung \/ W\u00e4rme\u00fcbertragung \/ Sublimation<\/p>\n<\/td>\n<\/tr>\n<tr>\n<td width=\"106\">\n<p>Prozess:<\/p>\n<\/td>\n<td width=\"461\">\n<p>N\u00e4hen\/Ultraschall<\/p>\n<\/td>\n<\/tr>\n<tr>\n<td width=\"106\">\n<p>Lieferfrist:<\/p>\n<\/td>\n<td width=\"461\">\n<p>15-20 Tage nach Auftragsbest\u00e4tigung<\/p>\n<\/td>\n<\/tr>\n<tr>\n<td width=\"106\">\n<p>Beispiel:<\/p>\n<\/td>\n<td width=\"461\">\n<p>Vorhandene Muster werden kostenlos auf Kundenkonto versandt<\/p>\n<\/td>\n<\/tr>\n<tr>\n<td width=\"106\">\n<p>Hafen:<\/p>\n<\/td>\n<td width=\"461\">\n<p>Ningbo oder Shanghai<\/p>\n<\/td>\n<\/tr>\n<tr>\n<td width=\"106\">\n<p>Zahlungsfrist:<\/p>\n<\/td>\n<td width=\"461\">\n<p>30% Anzahlung, Restbetrag gegen B\/L Kopie oder vor Lieferung.<\/p>\n<\/td>\n<\/tr>\n<tr>\n<td width=\"106\">\n<p>Zertifizierung:<\/p>\n<\/td>\n<td width=\"461\">\n<p>BSCI<\/p>\n<\/td>\n<\/tr>\n<\/tbody>\n<\/table>\n<p><strong>Einzelheiten zum Produkt:<\/strong><\/p>\n<p><img loading=\"lazy\" decoding=\"async\" style=\"display: block; margin-left: auto; margin-right: auto;\" src=\"http:\/\/topkeypackaging.com\/wp-content\/uploads\/2024\/10\/1729564012_404_20231124165119511936.jpg\" alt=\"Non Woven Bag\" width=\"800\" height=\"800\"><\/p>\n<p><img loading=\"lazy\" decoding=\"async\" style=\"display: block; margin-left: auto; margin-right: auto;\" src=\"http:\/\/topkeypackaging.com\/wp-content\/uploads\/2024\/10\/1729564012_505_20231124165132513210.jpg\" alt=\"Non Woven Bag\" width=\"800\" height=\"664\"><\/p>\n<p><strong>Details zum Druck:<\/strong><\/p>\n<p><img loading=\"lazy\" decoding=\"async\" style=\"display: block; margin-left: auto; margin-right: auto;\" src=\"http:\/\/topkeypackaging.com\/wp-content\/uploads\/2024\/10\/1729564013_890_2023112416520652639.jpg\" alt=\"\" width=\"800\" height=\"453\"><\/p>\n<p><strong>Ultraschall Vliesstoffbeutel:<\/strong><img loading=\"lazy\" decoding=\"async\" style=\"display: block; margin-left: auto; margin-right: auto;\" src=\"http:\/\/topkeypackaging.com\/wp-content\/uploads\/2024\/10\/1729564013_684_20231124165231523190.jpg\" alt=\"Ultrasonic Non Woven Bag\" width=\"800\" height=\"220\"><\/p>\n<p><img loading=\"lazy\" decoding=\"async\" style=\"display: block; margin-left: auto; margin-right: auto;\" src=\"http:\/\/topkeypackaging.com\/wp-content\/uploads\/2024\/10\/1729564014_969_20231124165252525298.jpg\" alt=\"\" width=\"800\" height=\"699\"><\/p>\n<p><img loading=\"lazy\" decoding=\"async\" style=\"display: block; margin-left: auto; margin-right: auto;\" src=\"http:\/\/topkeypackaging.com\/wp-content\/uploads\/2024\/10\/1729564014_388_2023112416530353347.jpg\" alt=\"\" width=\"800\" height=\"699\"><\/p>\n<p><img loading=\"lazy\" decoding=\"async\" style=\"display: block; margin-left: auto; margin-right: auto;\" src=\"http:\/\/topkeypackaging.com\/wp-content\/uploads\/2024\/10\/1729564015_380_20231124165317531793.jpg\" alt=\"\" width=\"800\" height=\"800\"><\/p>\n<p><strong>Details zum Ultraschallbeutel:<\/strong><\/p>\n<p><img loading=\"lazy\" decoding=\"async\" style=\"display: block; margin-left: auto; margin-right: auto;\" src=\"http:\/\/topkeypackaging.com\/wp-content\/uploads\/2024\/10\/1729564015_602_20231124165335533557.jpg\" alt=\"Ultrasonic bag details\" width=\"800\" height=\"800\"><\/p>\n<\/p><\/div>","protected":false},"excerpt":{"rendered":"<div class=\"context\">\n                        Alle Produkte, einschlie\u00dflich Gr\u00f6\u00dfe, Material, Gewicht und Logo, k\u00f6nnen individuell angepasst werden. Mit dem Fokus auf \"Qualit\u00e4t als Ziel und Kundenzufriedenheit als Leitfaden f\u00fcr das Handeln, Zhongjin Packaging Co., Ltd. hei\u00dft Sie herzlich willkommen, sich uns in mehr Projekten anzuschlie\u00dfen!\"\n                    <\/div>","protected":false},"featured_media":2841,"comment_status":"open","ping_status":"closed","template":"","meta":[],"etheme_brands":[],"product_brand":[],"product_cat":[22,28],"product_tag":[],"class_list":{"0":"post-2840","1":"product","2":"type-product","3":"status-publish","4":"has-post-thumbnail","6":"product_cat-tote-bags","7":"product_cat-reusable-shopping-bags","9":"first","10":"instock","11":"shipping-taxable","12":"product-type-external"},"_links":{"self":[{"href":"https:\/\/topkeypackaging.com\/de\/wp-json\/wp\/v2\/product\/2840","targetHints":{"allow":["GET"]}}],"collection":[{"href":"https:\/\/topkeypackaging.com\/de\/wp-json\/wp\/v2\/product"}],"about":[{"href":"https:\/\/topkeypackaging.com\/de\/wp-json\/wp\/v2\/types\/product"}],"replies":[{"embeddable":true,"href":"https:\/\/topkeypackaging.com\/de\/wp-json\/wp\/v2\/comments?post=2840"}],"version-history":[{"count":1,"href":"https:\/\/topkeypackaging.com\/de\/wp-json\/wp\/v2\/product\/2840\/revisions"}],"predecessor-version":[{"id":2982,"href":"https:\/\/topkeypackaging.com\/de\/wp-json\/wp\/v2\/product\/2840\/revisions\/2982"}],"wp:featuredmedia":[{"embeddable":true,"href":"https:\/\/topkeypackaging.com\/de\/wp-json\/wp\/v2\/media\/2841"}],"wp:attachment":[{"href":"https:\/\/topkeypackaging.com\/de\/wp-json\/wp\/v2\/media?parent=2840"}],"wp:term":[{"taxonomy":"brand","embeddable":true,"href":"https:\/\/topkeypackaging.com\/de\/wp-json\/wp\/v2\/etheme_brands?post=2840"},{"taxonomy":"product_brand","embeddable":true,"href":"https:\/\/topkeypackaging.com\/de\/wp-json\/wp\/v2\/product_brand?post=2840"},{"taxonomy":"product_cat","embeddable":true,"href":"https:\/\/topkeypackaging.com\/de\/wp-json\/wp\/v2\/product_cat?post=2840"},{"taxonomy":"product_tag","embeddable":true,"href":"https:\/\/topkeypackaging.com\/de\/wp-json\/wp\/v2\/product_tag?post=2840"}],"curies":[{"name":"wp","href":"https:\/\/api.w.org\/{rel}","templated":true}]}}