{"id":3108,"date":"2025-04-01T03:21:28","date_gmt":"2025-04-01T03:21:28","guid":{"rendered":"https:\/\/topkeypackaging.com\/?post_type=product&#038;p=3108"},"modified":"2025-04-01T03:25:33","modified_gmt":"2025-04-01T03:25:33","slug":"3108","status":"publish","type":"product","link":"https:\/\/topkeypackaging.com\/de\/produkt\/3108\/","title":{"rendered":"Vliesstoff Anzugbezug"},"content":{"rendered":"<p>Kleiders\u00e4cke (z. B. f\u00fcr Anz\u00fcge und Hochzeitskleider) dienen dem wichtigen Zweck, Kleidungsst\u00fccke vor Staub, Feuchtigkeit und Besch\u00e4digung zu sch\u00fctzen, und sie k\u00f6nnen umweltfreundlich gestaltet werden, um Ihren Nachhaltigkeitszielen zu entsprechen. Es gibt viele umweltfreundliche Materialien wie Vliesstoff, Polyester (rPET), Baumwolle (recycelt\/\u00f6kologisch), Tyvek, Hanf, Peva (PVC-frei, wasserdicht) usw.<br \/>\nBieten Sie personalisierbare Optionen f\u00fcr Kleiders\u00e4cke an, z. B. Monogramme oder Firmenlogos mit umweltfreundlichen Farben. Dies w\u00fcrde Brautmodengesch\u00e4fte, Designer und Veranstaltungsplaner ansprechen.<\/p>","protected":false},"excerpt":{"rendered":"<p>&#8216;garment bags (such as suit covers and wedding dress cover bags) serve the essential purpose of protecting garments from dust, moisture, and damage, and they&#8230;<\/p>","protected":false},"featured_media":3109,"comment_status":"open","ping_status":"closed","template":"","meta":[],"etheme_brands":[],"product_brand":[],"product_cat":[29],"product_tag":[],"class_list":{"0":"post-3108","1":"product","2":"type-product","3":"status-publish","4":"has-post-thumbnail","6":"product_cat-garment-bags","8":"first","9":"instock","10":"shipping-taxable","11":"product-type-simple"},"_links":{"self":[{"href":"https:\/\/topkeypackaging.com\/de\/wp-json\/wp\/v2\/product\/3108","targetHints":{"allow":["GET"]}}],"collection":[{"href":"https:\/\/topkeypackaging.com\/de\/wp-json\/wp\/v2\/product"}],"about":[{"href":"https:\/\/topkeypackaging.com\/de\/wp-json\/wp\/v2\/types\/product"}],"replies":[{"embeddable":true,"href":"https:\/\/topkeypackaging.com\/de\/wp-json\/wp\/v2\/comments?post=3108"}],"version-history":[{"count":3,"href":"https:\/\/topkeypackaging.com\/de\/wp-json\/wp\/v2\/product\/3108\/revisions"}],"predecessor-version":[{"id":3112,"href":"https:\/\/topkeypackaging.com\/de\/wp-json\/wp\/v2\/product\/3108\/revisions\/3112"}],"wp:featuredmedia":[{"embeddable":true,"href":"https:\/\/topkeypackaging.com\/de\/wp-json\/wp\/v2\/media\/3109"}],"wp:attachment":[{"href":"https:\/\/topkeypackaging.com\/de\/wp-json\/wp\/v2\/media?parent=3108"}],"wp:term":[{"taxonomy":"brand","embeddable":true,"href":"https:\/\/topkeypackaging.com\/de\/wp-json\/wp\/v2\/etheme_brands?post=3108"},{"taxonomy":"product_brand","embeddable":true,"href":"https:\/\/topkeypackaging.com\/de\/wp-json\/wp\/v2\/product_brand?post=3108"},{"taxonomy":"product_cat","embeddable":true,"href":"https:\/\/topkeypackaging.com\/de\/wp-json\/wp\/v2\/product_cat?post=3108"},{"taxonomy":"product_tag","embeddable":true,"href":"https:\/\/topkeypackaging.com\/de\/wp-json\/wp\/v2\/product_tag?post=3108"}],"curies":[{"name":"wp","href":"https:\/\/api.w.org\/{rel}","templated":true}]}}