{"id":2148,"date":"2024-10-25T16:42:26","date_gmt":"2024-10-25T16:42:26","guid":{"rendered":"https:\/\/topkeypackaging.com\/?page_id=2148"},"modified":"2024-10-26T16:27:51","modified_gmt":"2024-10-26T16:27:51","slug":"return-exchange-policy","status":"publish","type":"page","link":"https:\/\/topkeypackaging.com\/es\/return-exchange-policy\/","title":{"rendered":"Pol\u00edtica de cambios y devoluciones"},"content":{"rendered":"<p>En Topkey Packaging, su satisfacci\u00f3n es nuestra m\u00e1xima prioridad. Entendemos que a veces puede necesitar devolver o cambiar un art\u00edculo, y queremos que el proceso sea lo m\u00e1s f\u00e1cil y sin complicaciones posible.<\/p><p><strong>Devuelve<\/strong><\/p><p><strong>Criterios de admisibilidad<\/strong>:<\/p><ul class=\"wp-block-list\"><li>Puede devolver un art\u00edculo en los 30 d\u00edas siguientes a su recepci\u00f3n.<\/li>\n\n<li>El art\u00edculo debe estar en su estado original, con todas las etiquetas y el embalaje intactos.<\/li>\n\n<li>Las bolsas personalizadas pueden estar sujetas a ciertas limitaciones de devoluci\u00f3n. En caso de personalizaciones extensas o \u00fanicas, puede que no sea posible realizar devoluciones. No obstante, nuestro equipo de atenci\u00f3n al cliente evaluar\u00e1 cada situaci\u00f3n caso por caso y le ofrecer\u00e1 la mejor soluci\u00f3n posible.<\/li><\/ul><p><strong>Proceso de devoluci\u00f3n<\/strong>:<\/p><ol class=\"wp-block-list\"><li>P\u00f3ngase en contacto con nuestro equipo de atenci\u00f3n al cliente en topkeygifts@gmail.com o sales@carryplanet.com.<\/li>\n\n<li>Indique su n\u00famero de pedido y una descripci\u00f3n detallada del motivo de la devoluci\u00f3n.<\/li>\n\n<li>Nuestro equipo responder\u00e1 en un plazo de 24 horas con instrucciones sobre c\u00f3mo devolver el art\u00edculo.<\/li>\n\n<li>Embale el art\u00edculo en su embalaje original para protegerlo durante el transporte.<\/li>\n\n<li>Incluya en el paquete una copia de la confirmaci\u00f3n del pedido o del recibo.<\/li>\n\n<li>Utilice un m\u00e9todo de env\u00edo con seguimiento para devolvernos el art\u00edculo. Usted es responsable del coste del env\u00edo de devoluci\u00f3n. Le recomendamos que utilice un transportista de confianza para garantizar la devoluci\u00f3n segura de su art\u00edculo.<\/li><\/ol><p><strong>Procedimiento de devoluci\u00f3n<\/strong>:<\/p><ol class=\"wp-block-list\"><li>Una vez que recibamos el art\u00edculo devuelto, nuestro equipo de control de calidad lo inspeccionar\u00e1 para asegurarse de que cumple nuestros criterios de devoluci\u00f3n.<\/li>\n\n<li>Si el art\u00edculo est\u00e1 en condiciones aceptables, tramitaremos su reembolso en un plazo de 7 a 10 d\u00edas laborables.<\/li>\n\n<li>Los reembolsos se efectuar\u00e1n a la forma de pago original utilizada para la compra. Tenga en cuenta que el reembolso puede tardar alg\u00fan tiempo en aparecer en su extracto, dependiendo de su banco o proveedor de pago.<\/li><\/ol><p><strong>Intercambios<\/strong><\/p><p><strong>Requisitos<\/strong>:<\/p><ul class=\"wp-block-list\"><li>Puede cambiar un art\u00edculo en los 30 d\u00edas siguientes a su recepci\u00f3n.<\/li>\n\n<li>El art\u00edculo debe estar en su estado original, con todas las etiquetas y el embalaje intactos.<\/li>\n\n<li>Las bolsas personalizadas pueden tener condiciones espec\u00edficas para los cambios. Al igual que con las devoluciones, nuestro equipo de atenci\u00f3n al cliente evaluar\u00e1 cada caso individualmente y le ayudar\u00e1 en consecuencia.<\/li><\/ul><p><strong>Proceso de intercambio<\/strong>:<\/p><ol class=\"wp-block-list\"><li>P\u00f3ngase en contacto con nuestro equipo de atenci\u00f3n al cliente en topkeygifts@gmail.com o sales@carryplanet.com.<\/li>\n\n<li>Indique su n\u00famero de pedido y una descripci\u00f3n del art\u00edculo por el que desea cambiarlo.<\/li>\n\n<li>Nuestro equipo le proporcionar\u00e1 instrucciones sobre c\u00f3mo devolver el art\u00edculo original y recibir el art\u00edculo cambiado.<\/li>\n\n<li>Empaquete el art\u00edculo original de forma segura en su embalaje original.<\/li>\n\n<li>Incluya en el paquete una copia de la confirmaci\u00f3n del pedido o del recibo.<\/li>\n\n<li>Utilice un m\u00e9todo de env\u00edo con seguimiento para devolvernos el art\u00edculo original. Si el cambio se debe a un defecto del producto o a un error por nuestra parte, correremos con los gastos de env\u00edo del art\u00edculo cambiado. En caso contrario, deber\u00e1 hacerse cargo de los gastos de env\u00edo del art\u00edculo original y de los gastos de env\u00edo del art\u00edculo cambiado.<\/li><\/ol><p><strong>Tiempo de procesamiento<\/strong>:<br>Los cambios pueden tardar m\u00e1s en procesarse que las devoluciones. Por favor, espere hasta 10-15 d\u00edas h\u00e1biles para que recibamos su art\u00edculo devuelto, procesemos el cambio y le enviemos el art\u00edculo cambiado.<\/p><p><strong>Notas finales<\/strong>:<\/p><ul class=\"wp-block-list\"><li>Nuestra pol\u00edtica de cambios y devoluciones est\u00e1 dise\u00f1ada para garantizar su satisfacci\u00f3n y proteger sus derechos como cliente. No obstante, nos reservamos el derecho a denegar devoluciones o cambios si el art\u00edculo no cumple nuestros criterios de devoluci\u00f3n o si la devoluci\u00f3n no se inicia dentro del plazo especificado.<\/li>\n\n<li>Si tiene alguna pregunta o duda sobre nuestra pol\u00edtica de cambios y devoluciones, no dude en ponerse en contacto con nuestro equipo de atenci\u00f3n al cliente. Siempre estaremos encantados de ayudarle y haremos todo lo posible para resolver cualquier problema que pueda tener.<\/li><\/ul><p>Gracias por elegir Topkey Packaging. Esperamos poder servirle de nuevo en el futuro.<\/p>","protected":false},"excerpt":{"rendered":"<p>At Topkey Packaging, your satisfaction is our top priority. We understand that sometimes you may need to return or exchange an item, and we want&#8230;<\/p>","protected":false},"author":1,"featured_media":0,"parent":0,"menu_order":0,"comment_status":"closed","ping_status":"closed","template":"","meta":{"footnotes":""},"class_list":["post-2148","page","type-page","status-publish","hentry"],"_links":{"self":[{"href":"https:\/\/topkeypackaging.com\/es\/wp-json\/wp\/v2\/pages\/2148","targetHints":{"allow":["GET"]}}],"collection":[{"href":"https:\/\/topkeypackaging.com\/es\/wp-json\/wp\/v2\/pages"}],"about":[{"href":"https:\/\/topkeypackaging.com\/es\/wp-json\/wp\/v2\/types\/page"}],"author":[{"embeddable":true,"href":"https:\/\/topkeypackaging.com\/es\/wp-json\/wp\/v2\/users\/1"}],"replies":[{"embeddable":true,"href":"https:\/\/topkeypackaging.com\/es\/wp-json\/wp\/v2\/comments?post=2148"}],"version-history":[{"count":0,"href":"https:\/\/topkeypackaging.com\/es\/wp-json\/wp\/v2\/pages\/2148\/revisions"}],"wp:attachment":[{"href":"https:\/\/topkeypackaging.com\/es\/wp-json\/wp\/v2\/media?parent=2148"}],"curies":[{"name":"wp","href":"https:\/\/api.w.org\/{rel}","templated":true}]}}