{"id":1808,"date":"2024-10-22T02:28:10","date_gmt":"2024-10-22T02:28:10","guid":{"rendered":"https:\/\/topkeypackaging.com\/product\/laminated-non-woven-bag-custom-2\/"},"modified":"2024-10-22T02:53:40","modified_gmt":"2024-10-22T02:53:40","slug":"laminated-non-woven-bag-custom-2","status":"publish","type":"product","link":"https:\/\/topkeypackaging.com\/es\/producto\/laminated-non-woven-bag-custom-2\/","title":{"rendered":"Bolsa no tejida laminada personalizada"},"content":{"rendered":"<p>[ad_1]<\/p>\n<div class=\"html_l\">\n<div id=\"bigimg\" class=\"proimgbox\"><\/div>\n<div class=\"hidden\"><\/div>\n<\/div>\n<p>&nbsp;<\/p>\n<div class=\"detalist on\">\n<p>Las bolsas tejidas de PP est\u00e1n hechas de tela tejida de PP. Son reutilizables, port\u00e1tiles, ligeras y no se desti\u00f1en, rasgan ni rompen f\u00e1cilmente. Una opci\u00f3n ideal para publicidad y promoci\u00f3n.<\/p>\n<table style=\"border-collapse: collapse;\">\n<tbody>\n<tr>\n<td width=\"133\">Nombre del art\u00edculo<\/td>\n<td width=\"434\">Bolsa de la compra reutilizable impresa PP Woven Bag<\/td>\n<\/tr>\n<tr>\n<td width=\"133\">Material<\/td>\n<td width=\"434\">PP Tejido con Laminaci\u00f3n,110g -180g<\/td>\n<\/tr>\n<tr>\n<td width=\"133\">Talla<\/td>\n<td width=\"434\">38W*35H*25cm o Personalizado<\/td>\n<\/tr>\n<tr>\n<td width=\"133\">Mango<\/td>\n<td width=\"434\">Material del cuerpo \/ Cinta PP, 2,5*50 cm o personalizado<\/td>\n<\/tr>\n<tr>\n<td width=\"133\">MOQ<\/td>\n<td width=\"434\">1000 unidades<\/td>\n<\/tr>\n<tr>\n<td width=\"133\">Color<\/td>\n<td width=\"434\">CMYK \/ Personalizado<\/td>\n<\/tr>\n<tr>\n<td width=\"133\">Proceso reforzado<\/td>\n<td width=\"434\">Puntada en X \/ Ribete superior vuelta atr\u00e1s \/ Cart\u00f3n inferior<\/td>\n<\/tr>\n<tr>\n<td width=\"133\">Superficie<\/td>\n<td width=\"434\">Laminaci\u00f3n mate \/ Laminaci\u00f3n brillante<\/td>\n<\/tr>\n<tr>\n<td width=\"133\">Plazo de entrega<\/td>\n<td width=\"434\">15-20 d\u00edas tras la confirmaci\u00f3n del pedido<\/td>\n<\/tr>\n<tr>\n<td rowspan=\"2\" width=\"133\">Muestra<\/td>\n<td width=\"434\">Tiempo de muestreo:5-7 d\u00edas<\/td>\n<\/tr>\n<tr>\n<td width=\"434\">Las muestras existentes se env\u00edan gratuitamente a portes debidos.<\/td>\n<\/tr>\n<tr>\n<td width=\"133\">Puerto<\/td>\n<td width=\"434\">Ningbo o Shanghai<\/td>\n<\/tr>\n<tr>\n<td width=\"133\">Plazo de pago<\/td>\n<td width=\"434\">30% dep\u00f3sito, saldo contra copia de B\/L o antes de la entrega.<\/td>\n<\/tr>\n<tr>\n<td width=\"133\">Certificaci\u00f3n<\/td>\n<td width=\"434\">BSCI<\/td>\n<\/tr>\n<\/tbody>\n<\/table>\n<p><img loading=\"lazy\" decoding=\"async\" src=\"http:\/\/topkeypackaging.com\/wp-content\/uploads\/2024\/10\/1729564090_920_20231127111842184281.jpg\" alt=\"\" width=\"750\" height=\"514\" \/><\/p>\n<p>Adem\u00e1s de bolsas de la compra en materiales PP tejido, no tejido y RPET, hemos ampliado nuestra gama de producci\u00f3n a papel kraft lavable, algod\u00f3n, yute, lona y materiales de PVC. Nuestros productos son impermeables, reciclables y respetuosos con el medio ambiente, y se utilizan ampliamente en compras, promociones, publicidad, viajes, embalaje de ropa, etc.<\/p>\n<p>Nuestros productos no contienen colorantes amoniacales, son bajos en cadmio, no son t\u00f3xicos y cumplen los reglamentos y normas de la UE. Hemos estado ayudando a los clientes a desarrollar nuevos productos de diversos tama\u00f1os y materiales por nuestra cuenta. Si tiene nuevos dise\u00f1os o nuevas ideas, le invitamos a que los comente con nosotros.<\/p>\n<\/div>","protected":false},"excerpt":{"rendered":"<div class=\"context\">Adem\u00e1s de bolsas de la compra en materiales PP tejido, no tejido y RPET, hemos ampliado nuestra gama de producci\u00f3n a papel kraft lavable, algod\u00f3n, yute, lona y materiales de PVC. Nuestros productos son impermeables, reciclables y respetuosos con el medio ambiente, y se utilizan ampliamente en compras, promociones, publicidad, viajes, embalaje de ropa, etc. Todos los productos, incluidos el tama\u00f1o, el material, el peso y el logotipo, pueden personalizarse.<\/div>","protected":false},"featured_media":1848,"comment_status":"open","ping_status":"closed","template":"","meta":[],"etheme_brands":[],"product_brand":[],"product_cat":[15],"product_tag":[],"class_list":{"0":"post-1808","1":"product","2":"type-product","3":"status-publish","4":"has-post-thumbnail","6":"product_cat-other","8":"first","9":"instock","10":"sale","11":"shipping-taxable","12":"purchasable","13":"product-type-simple"},"_links":{"self":[{"href":"https:\/\/topkeypackaging.com\/es\/wp-json\/wp\/v2\/product\/1808","targetHints":{"allow":["GET"]}}],"collection":[{"href":"https:\/\/topkeypackaging.com\/es\/wp-json\/wp\/v2\/product"}],"about":[{"href":"https:\/\/topkeypackaging.com\/es\/wp-json\/wp\/v2\/types\/product"}],"replies":[{"embeddable":true,"href":"https:\/\/topkeypackaging.com\/es\/wp-json\/wp\/v2\/comments?post=1808"}],"version-history":[{"count":0,"href":"https:\/\/topkeypackaging.com\/es\/wp-json\/wp\/v2\/product\/1808\/revisions"}],"wp:featuredmedia":[{"embeddable":true,"href":"https:\/\/topkeypackaging.com\/es\/wp-json\/wp\/v2\/media\/1848"}],"wp:attachment":[{"href":"https:\/\/topkeypackaging.com\/es\/wp-json\/wp\/v2\/media?parent=1808"}],"wp:term":[{"taxonomy":"brand","embeddable":true,"href":"https:\/\/topkeypackaging.com\/es\/wp-json\/wp\/v2\/etheme_brands?post=1808"},{"taxonomy":"product_brand","embeddable":true,"href":"https:\/\/topkeypackaging.com\/es\/wp-json\/wp\/v2\/product_brand?post=1808"},{"taxonomy":"product_cat","embeddable":true,"href":"https:\/\/topkeypackaging.com\/es\/wp-json\/wp\/v2\/product_cat?post=1808"},{"taxonomy":"product_tag","embeddable":true,"href":"https:\/\/topkeypackaging.com\/es\/wp-json\/wp\/v2\/product_tag?post=1808"}],"curies":[{"name":"wp","href":"https:\/\/api.w.org\/{rel}","templated":true}]}}