{"id":1832,"date":"2024-10-22T02:29:33","date_gmt":"2024-10-22T02:29:33","guid":{"rendered":"https:\/\/topkeypackaging.com\/product\/rpet-bag-2\/"},"modified":"2025-04-01T03:14:34","modified_gmt":"2025-04-01T03:14:34","slug":"rpet-bag-2","status":"publish","type":"product","link":"https:\/\/topkeypackaging.com\/es\/producto\/rpet-bag-2\/","title":{"rendered":"Bolsa RPET"},"content":{"rendered":"<p>[ad_1]<\/p>\n<div class=\"html_l\">\n<div id=\"bigimg\" class=\"proimgbox\"><\/div>\n<div class=\"hidden\"><\/div>\n<\/div>\n<p>&nbsp;<\/p>\n<div class=\"detalist on\">\n<p>Adem\u00e1s de bolsas de la compra en materiales PP tejido, no tejido y RPET, hemos ampliado nuestra gama de producci\u00f3n a papel kraft lavable, algod\u00f3n, yute, lona y materiales de PVC. Nuestros productos son impermeables, reciclables y respetuosos con el medio ambiente, y se utilizan ampliamente en compras, promociones, publicidad, viajes, embalaje de ropa, etc.<\/p>\n<p>Todos los productos, incluidos el tama\u00f1o, el material, el peso y el logotipo, pueden personalizarse. Centr\u00e1ndose en \"tomar la calidad como el objetivo y la satisfacci\u00f3n del cliente como la gu\u00eda para la acci\u00f3n, Zhongjin Packaging Co., Ltd. le da una calurosa bienvenida a unirse a nosotros en m\u00e1s proyectos!\"<\/p>\n<\/div>","protected":false},"excerpt":{"rendered":"<div class=\"context\">Nuestros productos no contienen colorantes amoniacales, son bajos en cadmio, no son t\u00f3xicos y cumplen los reglamentos y normas de la UE. Hemos estado ayudando a los clientes a desarrollar nuevos productos de diversos tama\u00f1os y materiales por nuestra cuenta. Si tiene nuevos dise\u00f1os o nuevas ideas, le invitamos a que los comente con nosotros.<\/div>","protected":false},"featured_media":1868,"comment_status":"open","ping_status":"closed","template":"","meta":[],"etheme_brands":[],"product_brand":[],"product_cat":[20,15],"product_tag":[],"class_list":{"0":"post-1832","1":"product","2":"type-product","3":"status-publish","4":"has-post-thumbnail","6":"product_cat-biodegradable-plastic-bags-pbat-pha","7":"product_cat-other","9":"first","10":"instock","11":"sale","12":"shipping-taxable","13":"purchasable","14":"product-type-simple"},"_links":{"self":[{"href":"https:\/\/topkeypackaging.com\/es\/wp-json\/wp\/v2\/product\/1832","targetHints":{"allow":["GET"]}}],"collection":[{"href":"https:\/\/topkeypackaging.com\/es\/wp-json\/wp\/v2\/product"}],"about":[{"href":"https:\/\/topkeypackaging.com\/es\/wp-json\/wp\/v2\/types\/product"}],"replies":[{"embeddable":true,"href":"https:\/\/topkeypackaging.com\/es\/wp-json\/wp\/v2\/comments?post=1832"}],"version-history":[{"count":1,"href":"https:\/\/topkeypackaging.com\/es\/wp-json\/wp\/v2\/product\/1832\/revisions"}],"predecessor-version":[{"id":3101,"href":"https:\/\/topkeypackaging.com\/es\/wp-json\/wp\/v2\/product\/1832\/revisions\/3101"}],"wp:featuredmedia":[{"embeddable":true,"href":"https:\/\/topkeypackaging.com\/es\/wp-json\/wp\/v2\/media\/1868"}],"wp:attachment":[{"href":"https:\/\/topkeypackaging.com\/es\/wp-json\/wp\/v2\/media?parent=1832"}],"wp:term":[{"taxonomy":"brand","embeddable":true,"href":"https:\/\/topkeypackaging.com\/es\/wp-json\/wp\/v2\/etheme_brands?post=1832"},{"taxonomy":"product_brand","embeddable":true,"href":"https:\/\/topkeypackaging.com\/es\/wp-json\/wp\/v2\/product_brand?post=1832"},{"taxonomy":"product_cat","embeddable":true,"href":"https:\/\/topkeypackaging.com\/es\/wp-json\/wp\/v2\/product_cat?post=1832"},{"taxonomy":"product_tag","embeddable":true,"href":"https:\/\/topkeypackaging.com\/es\/wp-json\/wp\/v2\/product_tag?post=1832"}],"curies":[{"name":"wp","href":"https:\/\/api.w.org\/{rel}","templated":true}]}}