{"id":2035,"date":"2024-10-25T02:04:19","date_gmt":"2024-10-25T02:04:19","guid":{"rendered":"https:\/\/topkeypackaging.com\/product\/waterproof-customized-pp-plastic-woven-bag\/"},"modified":"2025-04-01T03:16:24","modified_gmt":"2025-04-01T03:16:24","slug":"waterproof-customized-pp-plastic-woven-bag","status":"publish","type":"product","link":"https:\/\/topkeypackaging.com\/es\/producto\/waterproof-customized-pp-plastic-woven-bag\/","title":{"rendered":"Bolsa tejida de pl\u00e1stico PP impermeable personalizada"},"content":{"rendered":"<p>[ad_1]<br \/>\n<\/p>\n<div class=\"html_l\">\n<div class=\"proimgbox\" id=\"bigimg\">\n                                <a href=\"http:\/\/topkeypackaging.com\/wp-content\/uploads\/2024\/10\/20231118091516151661363.jpg\" title=\"Bolsa tejida de pl\u00e1stico PP impermeable personalizada\" rel=\"bigimg\" class=\"boxer\"><\/a><\/p><\/div>\n<div class=\"hidden\">\n                                    <a href=\"http:\/\/topkeypackaging.com\/wp-content\/uploads\/2024\/10\/20231118091516151661363.jpg\" class=\"boxer\" rel=\"bigimg\" title=\"Bolsa tejida de pl\u00e1stico PP impermeable personalizada\"><img loading=\"lazy\" decoding=\"async\" src=\"http:\/\/topkeypackaging.com\/wp-content\/uploads\/2024\/10\/20231118091516151661363.jpg\" width=\"800\" height=\"800\" alt=\"Waterproof Customized PP plastic woven bag\"><\/a><br \/>\n                                    <a href=\"http:\/\/topkeypackaging.com\/wp-content\/uploads\/2024\/10\/20231118091515151584367.jpg\" class=\"boxer\" rel=\"bigimg\" title=\"Bolsa tejida de pl\u00e1stico PP impermeable personalizada\"><img loading=\"lazy\" decoding=\"async\" src=\"http:\/\/topkeypackaging.com\/wp-content\/uploads\/2024\/10\/20231118091515151584367.jpg\" width=\"800\" height=\"800\" alt=\"Waterproof Customized PP plastic woven bag\"><\/a><br \/>\n                                    <a href=\"http:\/\/topkeypackaging.com\/wp-content\/uploads\/2024\/10\/20231118091516151627230.jpg\" class=\"boxer\" rel=\"bigimg\" title=\"Bolsa tejida de pl\u00e1stico PP impermeable personalizada\"><img loading=\"lazy\" decoding=\"async\" src=\"http:\/\/topkeypackaging.com\/wp-content\/uploads\/2024\/10\/20231118091516151627230.jpg\" width=\"800\" height=\"800\" alt=\"Waterproof Customized PP plastic woven bag\"><\/a><br \/>\n                                    <a href=\"http:\/\/topkeypackaging.com\/wp-content\/uploads\/2024\/10\/20231118091516151632464.jpg\" class=\"boxer\" rel=\"bigimg\" title=\"Bolsa tejida de pl\u00e1stico PP impermeable personalizada\"><img loading=\"lazy\" decoding=\"async\" src=\"http:\/\/topkeypackaging.com\/wp-content\/uploads\/2024\/10\/20231118091516151632464.jpg\" width=\"800\" height=\"800\" alt=\"Waterproof Customized PP plastic woven bag\"><\/a><br \/>\n                                    <a href=\"http:\/\/topkeypackaging.com\/wp-content\/uploads\/2024\/10\/20231118091516151637698.jpg\" class=\"boxer\" rel=\"bigimg\" title=\"Bolsa tejida de pl\u00e1stico PP impermeable personalizada\"><img loading=\"lazy\" decoding=\"async\" src=\"http:\/\/topkeypackaging.com\/wp-content\/uploads\/2024\/10\/20231118091516151637698.jpg\" width=\"800\" height=\"800\" alt=\"Waterproof Customized PP plastic woven bag\"><\/a><br \/>\n                                    <a href=\"http:\/\/topkeypackaging.com\/wp-content\/uploads\/2024\/10\/20231118091516151650235.jpg\" class=\"boxer\" rel=\"bigimg\" title=\"Bolsa tejida de pl\u00e1stico PP impermeable personalizada\"><img loading=\"lazy\" decoding=\"async\" src=\"http:\/\/topkeypackaging.com\/wp-content\/uploads\/2024\/10\/20231118091516151650235.jpg\" width=\"800\" height=\"800\" alt=\"Waterproof Customized PP plastic woven bag\"><\/a><br \/>\n                                    <a href=\"http:\/\/topkeypackaging.com\/wp-content\/uploads\/2024\/10\/20231118091517151778811.jpg\" class=\"boxer\" rel=\"bigimg\" title=\"Bolsa tejida de pl\u00e1stico PP impermeable personalizada\"><img loading=\"lazy\" decoding=\"async\" src=\"http:\/\/topkeypackaging.com\/wp-content\/uploads\/2024\/10\/20231118091517151778811.jpg\" width=\"800\" height=\"800\" alt=\"Waterproof Customized PP plastic woven bag\"><\/a><br \/>\n                                    <a href=\"http:\/\/topkeypackaging.com\/wp-content\/uploads\/2024\/10\/20231118091517151784045.jpg\" class=\"boxer\" rel=\"bigimg\" title=\"Bolsa tejida de pl\u00e1stico PP impermeable personalizada\"><img loading=\"lazy\" decoding=\"async\" src=\"http:\/\/topkeypackaging.com\/wp-content\/uploads\/2024\/10\/20231118091517151784045.jpg\" width=\"800\" height=\"800\" alt=\"Waterproof Customized PP plastic woven bag\"><\/a><\/p><\/div>\n<\/p><\/div>\n<p><\/p>\n<div class=\"detalist on\">\n<p>Cada bolsa es reutilizable, port\u00e1til, ligera y no es f\u00e1cil que se decolore, rasgue o rompa. Una opci\u00f3n ideal para publicidad y promoci\u00f3n.<\/p>\n<table>\n<tbody>\n<tr>\n<td width=\"133\">\n<p>Nombre del art\u00edculo:<\/p>\n<\/td>\n<td width=\"434\">\n<p>Bolsa de la compra reutilizable impresa PP Woven Bag<\/p>\n<\/td>\n<\/tr>\n<tr>\n<td width=\"133\">\n<p>Material:<\/p>\n<\/td>\n<td width=\"434\">\n<p>PP Tejido con Laminaci\u00f3n,110g -180g<\/p>\n<\/td>\n<\/tr>\n<tr>\n<td width=\"133\">\n<p>Tama\u00f1o:<\/p>\n<\/td>\n<td width=\"434\">\n<p>38W*35H*25cm o Personalizado<\/p>\n<\/td>\n<\/tr>\n<tr>\n<td width=\"133\">\n<p>Asa:<\/p>\n<\/td>\n<td width=\"434\">\n<p>Material del cuerpo \/ Cinta PP, 2,5*50 cm o personalizado<\/p>\n<\/td>\n<\/tr>\n<tr>\n<td width=\"133\">\n<p>MOQ:<\/p>\n<\/td>\n<td width=\"434\">\n<p>1000 unidades<\/p>\n<\/td>\n<\/tr>\n<tr>\n<td width=\"133\">\n<p>Color:<\/p>\n<\/td>\n<td width=\"434\">\n<p>CMYK \/ Personalizado<\/p>\n<\/td>\n<\/tr>\n<tr>\n<td width=\"133\">\n<p>Proceso reforzado:<\/p>\n<\/td>\n<td width=\"434\">\n<p>Puntada en X \/ Ribete superior vuelta atr\u00e1s \/ Cart\u00f3n inferior<\/p>\n<\/td>\n<\/tr>\n<tr>\n<td width=\"133\">\n<p>Superficie:<\/p>\n<\/td>\n<td width=\"434\">\n<p>Laminaci\u00f3n mate \/ Laminaci\u00f3n brillante<\/p>\n<\/td>\n<\/tr>\n<tr>\n<td width=\"133\">\n<p>Plazo de entrega:<\/p>\n<\/td>\n<td width=\"434\">\n<p>15-20 d\u00edas tras la confirmaci\u00f3n del pedido<\/p>\n<\/td>\n<\/tr>\n<tr>\n<td rowspan=\"2\" width=\"133\">\n<p>Muestra:<\/p>\n<\/td>\n<td width=\"434\">\n<p>Tiempo de muestreo:5-7 d\u00edas<\/p>\n<\/td>\n<\/tr>\n<tr>\n<td width=\"434\">\n<p>Las muestras existentes se env\u00edan gratuitamente a portes debidos.<\/p>\n<\/td>\n<\/tr>\n<tr>\n<td width=\"133\">\n<p>Puerto:<\/p>\n<\/td>\n<td width=\"434\">\n<p>Ningbo o Shanghai<\/p>\n<\/td>\n<\/tr>\n<tr>\n<td width=\"133\">\n<p>Plazo de pago:<\/p>\n<\/td>\n<td width=\"434\">\n<p>30% dep\u00f3sito, saldo contra copia de B\/L o antes de la entrega.<\/p>\n<\/td>\n<\/tr>\n<tr>\n<td width=\"133\">\n<p>Certificaci\u00f3n:<\/p>\n<\/td>\n<td width=\"434\">\n<p>BSCI<\/p>\n<\/td>\n<\/tr>\n<\/tbody>\n<\/table>\n<p><img loading=\"lazy\" decoding=\"async\" src=\"http:\/\/topkeypackaging.com\/wp-content\/uploads\/2024\/10\/1729821859_191_20231127111842184281.jpg\" alt=\"\" width=\"750\" height=\"514\"><\/p>\n<p>Adem\u00e1s de bolsas de la compra en materiales PP tejido, no tejido y RPET, hemos ampliado nuestra gama de producci\u00f3n a papel kraft lavable, algod\u00f3n, yute, lona y materiales de PVC. Nuestros productos son impermeables, reciclables y respetuosos con el medio ambiente, y se utilizan ampliamente en compras, promociones, publicidad, viajes, embalaje de ropa, etc.<\/p>\n<p>Nuestros productos no contienen colorantes amoniacales, son bajos en cadmio, no son t\u00f3xicos y cumplen los reglamentos y normas de la UE. Hemos estado ayudando a los clientes a desarrollar nuevos productos de diversos tama\u00f1os y materiales por nuestra cuenta. Si tiene nuevos dise\u00f1os o nuevas ideas, le invitamos a que los comente con nosotros.<\/p>\n<\/p><\/div>","protected":false},"excerpt":{"rendered":"<div class=\"context\">\n                        Bolsas recicladas tejidas de PP Bolsas de la compra reutilizables Bolsas de pl\u00e1stico para envases de gran tama\u00f1o Logotipo personalizado. Adem\u00e1s de bolsas de la compra en materiales PP tejido, no tejido y RPET, hemos ampliado nuestra gama de producci\u00f3n a papel kraft lavable, algod\u00f3n, yute, lona y materiales de PVC. Nuestros productos son impermeables, reciclables y respetuosos con el medio ambiente, y se utilizan ampliamente en compras, promociones, publicidad, viajes, embalaje de ropa, etc.\n                    <\/div>","protected":false},"featured_media":2036,"comment_status":"open","ping_status":"closed","template":"","meta":[],"etheme_brands":[],"product_brand":[],"product_cat":[20],"product_tag":[],"class_list":{"0":"post-2035","1":"product","2":"type-product","3":"status-publish","4":"has-post-thumbnail","6":"product_cat-biodegradable-plastic-bags-pbat-pha","8":"first","9":"instock","10":"shipping-taxable","11":"product-type-external"},"_links":{"self":[{"href":"https:\/\/topkeypackaging.com\/es\/wp-json\/wp\/v2\/product\/2035","targetHints":{"allow":["GET"]}}],"collection":[{"href":"https:\/\/topkeypackaging.com\/es\/wp-json\/wp\/v2\/product"}],"about":[{"href":"https:\/\/topkeypackaging.com\/es\/wp-json\/wp\/v2\/types\/product"}],"replies":[{"embeddable":true,"href":"https:\/\/topkeypackaging.com\/es\/wp-json\/wp\/v2\/comments?post=2035"}],"version-history":[{"count":1,"href":"https:\/\/topkeypackaging.com\/es\/wp-json\/wp\/v2\/product\/2035\/revisions"}],"predecessor-version":[{"id":3107,"href":"https:\/\/topkeypackaging.com\/es\/wp-json\/wp\/v2\/product\/2035\/revisions\/3107"}],"wp:featuredmedia":[{"embeddable":true,"href":"https:\/\/topkeypackaging.com\/es\/wp-json\/wp\/v2\/media\/2036"}],"wp:attachment":[{"href":"https:\/\/topkeypackaging.com\/es\/wp-json\/wp\/v2\/media?parent=2035"}],"wp:term":[{"taxonomy":"brand","embeddable":true,"href":"https:\/\/topkeypackaging.com\/es\/wp-json\/wp\/v2\/etheme_brands?post=2035"},{"taxonomy":"product_brand","embeddable":true,"href":"https:\/\/topkeypackaging.com\/es\/wp-json\/wp\/v2\/product_brand?post=2035"},{"taxonomy":"product_cat","embeddable":true,"href":"https:\/\/topkeypackaging.com\/es\/wp-json\/wp\/v2\/product_cat?post=2035"},{"taxonomy":"product_tag","embeddable":true,"href":"https:\/\/topkeypackaging.com\/es\/wp-json\/wp\/v2\/product_tag?post=2035"}],"curies":[{"name":"wp","href":"https:\/\/api.w.org\/{rel}","templated":true}]}}