{"id":2231,"date":"2024-10-26T10:33:02","date_gmt":"2024-10-26T10:33:02","guid":{"rendered":"https:\/\/topkeypackaging.com\/product\/oxford-woven-cooler-bag-commission-2\/"},"modified":"2025-03-28T06:36:59","modified_gmt":"2025-03-28T06:36:59","slug":"oxford-woven-cooler-bag-commission-2","status":"publish","type":"product","link":"https:\/\/topkeypackaging.com\/es\/producto\/oxford-woven-cooler-bag-commission-2\/","title":{"rendered":"Bolsa Nevera Tejida Oxford Comisi\u00f3n"},"content":{"rendered":"<p>[ad_1]<br \/>\n<\/p>\n<div class=\"html_l\">\n<div class=\"proimgbox\" id=\"bigimg\">\n                                <a href=\"http:\/\/topkeypackaging.com\/wp-content\/uploads\/2024\/10\/2023111810013813813757.jpg\" title=\"Bolsa Nevera Tejida Oxford Comisi\u00f3n \" rel=\"bigimg\" class=\"boxer\"><\/a><\/p><\/div>\n<div class=\"hidden\">\n                                    <a href=\"http:\/\/topkeypackaging.com\/wp-content\/uploads\/2024\/10\/2023111810013813813757.jpg\" class=\"boxer\" rel=\"bigimg\" title=\"Bolsa Nevera Tejida Oxford Comisi\u00f3n \"><img loading=\"lazy\" decoding=\"async\" src=\"http:\/\/topkeypackaging.com\/wp-content\/uploads\/2024\/10\/2023111810013813813757.jpg\" width=\"800\" height=\"800\" alt=\"Oxford Woven Cooler Bag Commission \"><\/a><br \/>\n                                    <a href=\"http:\/\/topkeypackaging.com\/wp-content\/uploads\/2024\/10\/202311181001381388524.jpg\" class=\"boxer\" rel=\"bigimg\" title=\"Bolsa Nevera Tejida Oxford Comisi\u00f3n \"><img loading=\"lazy\" decoding=\"async\" src=\"http:\/\/topkeypackaging.com\/wp-content\/uploads\/2024\/10\/202311181001381388524.jpg\" width=\"800\" height=\"800\" alt=\"Oxford Woven Cooler Bag Commission \"><\/a><br \/>\n                                    <a href=\"http:\/\/topkeypackaging.com\/wp-content\/uploads\/2024\/10\/2023111810013813867408.jpg\" class=\"boxer\" rel=\"bigimg\" title=\"Bolsa Nevera Tejida Oxford Comisi\u00f3n \"><img loading=\"lazy\" decoding=\"async\" src=\"http:\/\/topkeypackaging.com\/wp-content\/uploads\/2024\/10\/2023111810013813867408.jpg\" width=\"800\" height=\"800\" alt=\"Oxford Woven Cooler Bag Commission \"><\/a><br \/>\n                                    <a href=\"http:\/\/topkeypackaging.com\/wp-content\/uploads\/2024\/10\/2023111810013713762504.jpg\" class=\"boxer\" rel=\"bigimg\" title=\"Bolsa Nevera Tejida Oxford Comisi\u00f3n \"><img loading=\"lazy\" decoding=\"async\" src=\"http:\/\/topkeypackaging.com\/wp-content\/uploads\/2024\/10\/2023111810013713762504.jpg\" width=\"800\" height=\"800\" alt=\"Oxford Woven Cooler Bag Commission \"><\/a><br \/>\n                                    <a href=\"http:\/\/topkeypackaging.com\/wp-content\/uploads\/2024\/10\/2023111810013713721391.jpg\" class=\"boxer\" rel=\"bigimg\" title=\"Bolsa Nevera Tejida Oxford Comisi\u00f3n \"><img loading=\"lazy\" decoding=\"async\" src=\"http:\/\/topkeypackaging.com\/wp-content\/uploads\/2024\/10\/2023111810013713721391.jpg\" width=\"800\" height=\"800\" alt=\"Oxford Woven Cooler Bag Commission \"><\/a><\/p><\/div>\n<\/p><\/div>\n<p><\/p>\n<div class=\"detalist on\">\n<table style=\"border-collapse: collapse; width: 100%;\">\n<tbody>\n<tr>\n<td width=\"125\">\n<p>Nombre del art\u00edculo<\/p>\n<\/td>\n<td width=\"424\">\n<p>Bolsa t\u00e9rmica aislante para el almuerzo<\/p>\n<\/td>\n<\/tr>\n<tr>\n<td width=\"125\">\n<p>Talla<\/p>\n<\/td>\n<td width=\"424\">\n<p>34W*30H*20cm o Personalizado<\/p>\n<\/td>\n<\/tr>\n<tr>\n<td width=\"125\">\n<p>Material exterior<\/p>\n<\/td>\n<td width=\"424\">\n<p>No tejido \/ Tejido PP \/ Poli\u00e9ster \/ Oxford<\/p>\n<\/td>\n<\/tr>\n<tr>\n<td width=\"125\">\n<p>Material interior<\/p>\n<\/td>\n<td width=\"424\">\n<p>Film de aluminio y espuma de 2 mm<\/p>\n<\/td>\n<\/tr>\n<tr>\n<td width=\"125\">\n<p>Mango<\/p>\n<\/td>\n<td width=\"424\">\n<p>Material del cuerpo \/ Cinta PP<\/p>\n<\/td>\n<\/tr>\n<tr>\n<td width=\"125\">\n<p>MOQ<\/p>\n<\/td>\n<td width=\"424\">\n<p>1000 unidades<\/p>\n<\/td>\n<\/tr>\n<tr>\n<td width=\"125\">\n<p>Muestra<\/p>\n<\/td>\n<td width=\"424\">\n<p>Tiempo de muestreo: 5-7 d\u00edas \/ Muestras gratuitas enviadas a portes debidos.<\/p>\n<\/td>\n<\/tr>\n<tr>\n<td width=\"125\">\n<p>Tiempo de producci\u00f3n<\/p>\n<\/td>\n<td width=\"424\">\n<p>15-20 d\u00edas<\/p>\n<\/td>\n<\/tr>\n<tr>\n<td width=\"125\">\n<p>Puerto<\/p>\n<\/td>\n<td width=\"424\">\n<p>Ningbo o Shanghai<\/p>\n<\/td>\n<\/tr>\n<tr>\n<td width=\"125\">\n<p>Plazo de pago<\/p>\n<\/td>\n<td width=\"424\">\n<p>30% dep\u00f3sito, saldo contra copia de B\/L o antes de la entrega<\/p>\n<\/td>\n<\/tr>\n<tr>\n<td width=\"125\">\n<p>Utilizaci\u00f3n<\/p>\n<\/td>\n<td width=\"424\">\n<p>Picnic \/ Promoci\u00f3n<\/p>\n<\/td>\n<\/tr>\n<tr>\n<td width=\"125\">\n<p>Personalizado<\/p>\n<\/td>\n<td width=\"424\">\n<p>Se aceptan OEM y ODM<\/p>\n<\/td>\n<\/tr>\n<\/tbody>\n<\/table>\n<p>\u00a0<\/p>\n<p><img loading=\"lazy\" decoding=\"async\" style=\"display: block; margin-left: auto; margin-right: auto;\" src=\"http:\/\/topkeypackaging.com\/wp-content\/uploads\/2024\/10\/1729938779_836_20231124161831183165.jpg\" alt=\"Non Woven Cooler Bag\" width=\"800\" height=\"947\"><\/p>\n<p><img loading=\"lazy\" decoding=\"async\" style=\"display: block; margin-left: auto; margin-right: auto;\" src=\"http:\/\/topkeypackaging.com\/wp-content\/uploads\/2024\/10\/1729938780_712_2023112416190419459.jpg\" alt=\"Non Woven Cooler Bag\" width=\"800\" height=\"808\"><\/p>\n<p style=\"text-align: center;\">\u00a0<\/p>\n<p style=\"text-align: center;\"><img loading=\"lazy\" decoding=\"async\" src=\"http:\/\/topkeypackaging.com\/wp-content\/uploads\/2024\/10\/1729938780_839_20231124161920192090.jpg\" alt=\"Non Woven Cooler Bag\" width=\"800\" height=\"800\"><\/p>\n<p style=\"text-align: center;\"><img loading=\"lazy\" decoding=\"async\" src=\"http:\/\/topkeypackaging.com\/wp-content\/uploads\/2024\/10\/1729938781_137_20231124162012201229.jpg\" alt=\"Non Woven Cooler Bag\" width=\"800\" height=\"450\"><\/p>\n<p style=\"text-align: center;\"><img loading=\"lazy\" decoding=\"async\" src=\"http:\/\/topkeypackaging.com\/wp-content\/uploads\/2024\/10\/1729938781_406_20231124162027202765.jpg\" alt=\"Non Woven Cooler Bag\" width=\"800\" height=\"707\"><\/p>\n<p style=\"text-align: center;\"><img loading=\"lazy\" decoding=\"async\" src=\"http:\/\/topkeypackaging.com\/wp-content\/uploads\/2024\/10\/1729938782_110_20231124162041204111.jpg\" alt=\"Non Woven Cooler Bag\" width=\"800\" height=\"693\"><\/p>\n<p style=\"text-align: center;\">\u00a0<\/p>\n<p>Nuestros productos no contienen colorantes amoniacales, son bajos en cadmio, no son t\u00f3xicos y cumplen los reglamentos y normas de la UE. Hemos estado ayudando a los clientes a desarrollar nuevos productos de diversos tama\u00f1os y materiales por nuestra cuenta. Si tiene nuevos dise\u00f1os o nuevas ideas, le invitamos a que los comente con nosotros.<\/p>\n<p>Wenzhou Zhongjin Packaging Co., Ltd. es una f\u00e1brica especializada en productos respetuosos con el medio ambiente desde hace casi 18 a\u00f1os. Nuestra f\u00e1brica ha aprobado las certificaciones BSCI. ISO 9001 e ISO 1400.\u00a0<\/p>\n<p>Todos los productos, incluidos el tama\u00f1o, el material, el peso y el logotipo, pueden personalizarse. Centr\u00e1ndose en \"tomar la calidad como el objetivo y la satisfacci\u00f3n del cliente como la gu\u00eda para la acci\u00f3n, Zhongjin Packaging Co., Ltd. le da una calurosa bienvenida a unirse a nosotros en m\u00e1s proyectos!\"<\/p>\n<\/p><\/div>","protected":false},"excerpt":{"rendered":"<div class=\"context\">\n                        Adem\u00e1s de bolsas de la compra en materiales PP tejido, no tejido y RPET, hemos ampliado nuestra gama de producci\u00f3n a papel kraft lavable, algod\u00f3n, yute, lona y materiales de PVC. Nuestros productos son impermeables, reciclables y respetuosos con el medio ambiente, y se utilizan ampliamente en compras, promociones, publicidad, viajes, embalaje de ropa, etc. Todos los productos, incluidos el tama\u00f1o, el material, el peso y el logotipo, pueden personalizarse.\n                    <\/div>","protected":false},"featured_media":2232,"comment_status":"open","ping_status":"closed","template":"","meta":[],"etheme_brands":[],"product_brand":[],"product_cat":[15],"product_tag":[],"class_list":{"0":"post-2231","1":"product","2":"type-product","3":"status-publish","4":"has-post-thumbnail","6":"product_cat-other","8":"first","9":"instock","10":"shipping-taxable","11":"product-type-external"},"_links":{"self":[{"href":"https:\/\/topkeypackaging.com\/es\/wp-json\/wp\/v2\/product\/2231","targetHints":{"allow":["GET"]}}],"collection":[{"href":"https:\/\/topkeypackaging.com\/es\/wp-json\/wp\/v2\/product"}],"about":[{"href":"https:\/\/topkeypackaging.com\/es\/wp-json\/wp\/v2\/types\/product"}],"replies":[{"embeddable":true,"href":"https:\/\/topkeypackaging.com\/es\/wp-json\/wp\/v2\/comments?post=2231"}],"version-history":[{"count":1,"href":"https:\/\/topkeypackaging.com\/es\/wp-json\/wp\/v2\/product\/2231\/revisions"}],"predecessor-version":[{"id":3070,"href":"https:\/\/topkeypackaging.com\/es\/wp-json\/wp\/v2\/product\/2231\/revisions\/3070"}],"wp:featuredmedia":[{"embeddable":true,"href":"https:\/\/topkeypackaging.com\/es\/wp-json\/wp\/v2\/media\/2232"}],"wp:attachment":[{"href":"https:\/\/topkeypackaging.com\/es\/wp-json\/wp\/v2\/media?parent=2231"}],"wp:term":[{"taxonomy":"brand","embeddable":true,"href":"https:\/\/topkeypackaging.com\/es\/wp-json\/wp\/v2\/etheme_brands?post=2231"},{"taxonomy":"product_brand","embeddable":true,"href":"https:\/\/topkeypackaging.com\/es\/wp-json\/wp\/v2\/product_brand?post=2231"},{"taxonomy":"product_cat","embeddable":true,"href":"https:\/\/topkeypackaging.com\/es\/wp-json\/wp\/v2\/product_cat?post=2231"},{"taxonomy":"product_tag","embeddable":true,"href":"https:\/\/topkeypackaging.com\/es\/wp-json\/wp\/v2\/product_tag?post=2231"}],"curies":[{"name":"wp","href":"https:\/\/api.w.org\/{rel}","templated":true}]}}