{"id":2341,"date":"2024-10-28T12:49:54","date_gmt":"2024-10-28T12:49:54","guid":{"rendered":"https:\/\/topkeypackaging.com\/product\/cotton-drawstring-bag-3\/"},"modified":"2025-03-26T02:22:08","modified_gmt":"2025-03-26T02:22:08","slug":"cotton-drawstring-bag-3","status":"publish","type":"product","link":"https:\/\/topkeypackaging.com\/es\/producto\/cotton-drawstring-bag-3\/","title":{"rendered":"Bolsa de algod\u00f3n con cord\u00f3n"},"content":{"rendered":"<p>[ad_1]<br \/>\n<\/p>\n<div class=\"html_l\">\n<div class=\"proimgbox\" id=\"bigimg\">\n                                <a href=\"http:\/\/topkeypackaging.com\/wp-content\/uploads\/2024\/10\/202311181100090913000.png\" title=\"Bolsa de algod\u00f3n con cord\u00f3n\" rel=\"bigimg\" class=\"boxer\"><\/a><\/p><\/div>\n<div class=\"hidden\">\n                                    <a href=\"http:\/\/topkeypackaging.com\/wp-content\/uploads\/2024\/10\/202311181100090913000.png\" class=\"boxer\" rel=\"bigimg\" title=\"Bolsa de algod\u00f3n con cord\u00f3n\"><img loading=\"lazy\" decoding=\"async\" src=\"http:\/\/topkeypackaging.com\/wp-content\/uploads\/2024\/10\/202311181100090913000.png\" width=\"800\" height=\"800\" alt=\"Cotton drawstring bag\"><\/a><br \/>\n                                    <a href=\"http:\/\/topkeypackaging.com\/wp-content\/uploads\/2024\/10\/2023111811075775731988.jpg\" class=\"boxer\" rel=\"bigimg\" title=\"Bolsa de algod\u00f3n con cord\u00f3n\"><img loading=\"lazy\" decoding=\"async\" src=\"http:\/\/topkeypackaging.com\/wp-content\/uploads\/2024\/10\/2023111811075775731988.jpg\" width=\"800\" height=\"800\" alt=\"Cotton drawstring bag\"><\/a><br \/>\n                                    <a href=\"http:\/\/topkeypackaging.com\/wp-content\/uploads\/2024\/10\/2023111811075775792620.jpg\" class=\"boxer\" rel=\"bigimg\" title=\"Bolsa de algod\u00f3n con cord\u00f3n\"><img loading=\"lazy\" decoding=\"async\" src=\"http:\/\/topkeypackaging.com\/wp-content\/uploads\/2024\/10\/2023111811075775792620.jpg\" width=\"800\" height=\"800\" alt=\"Cotton drawstring bag\"><\/a><br \/>\n                                    <a href=\"http:\/\/topkeypackaging.com\/wp-content\/uploads\/2024\/10\/2023111811075775746273.jpg\" class=\"boxer\" rel=\"bigimg\" title=\"Bolsa de algod\u00f3n con cord\u00f3n\"><img loading=\"lazy\" decoding=\"async\" src=\"http:\/\/topkeypackaging.com\/wp-content\/uploads\/2024\/10\/2023111811075775746273.jpg\" width=\"800\" height=\"800\" alt=\"Cotton drawstring bag\"><\/a><\/p><\/div>\n<\/p><\/div>\n<p><\/p>\n<div class=\"detalist on\">\n<p>La superficie y la parte posterior de las bolsas mochila con cord\u00f3n tienen dise\u00f1os en blanco, por lo que puede dise\u00f1ar motivos o texto impreso en las superficies para hacer regalos encantadores, recuerdos de eventos o bolsas de almacenamiento ordenadas para regalar a sus clientes, invitados, amigos, familiares y mucho m\u00e1s.<\/p>\n<table style=\"border-collapse: collapse;\">\n<tbody>\n<tr style=\"height: 54px;\">\n<td style=\"height: 54px; width: 17.8146%;\" width=\"106\">\n<p>Nombre del art\u00edculo<\/p>\n<\/td>\n<td style=\"height: 54px; width: 77.4785%;\" width=\"461\">\n<p>Bolsa de poli\u00e9ster con cord\u00f3n<\/p>\n<\/td>\n<\/tr>\n<tr style=\"height: 54px;\">\n<td style=\"height: 54px; width: 17.8146%;\" width=\"106\">\n<p>Material<\/p>\n<\/td>\n<td style=\"height: 54px; width: 77.4785%;\" width=\"461\">\n<p>Poli\u00e9ster 190T o 210D<\/p>\n<\/td>\n<\/tr>\n<tr style=\"height: 54px;\">\n<td style=\"height: 54px; width: 17.8146%;\" width=\"106\">\n<p>Talla<\/p>\n<\/td>\n<td style=\"height: 54px; width: 77.4785%;\" width=\"461\">\n<p>34W*40cm o Personalizado<\/p>\n<\/td>\n<\/tr>\n<tr style=\"height: 54px;\">\n<td style=\"height: 54px; width: 17.8146%;\" width=\"106\">\n<p>Cord\u00f3n<\/p>\n<\/td>\n<td style=\"height: 54px; width: 77.4785%;\" width=\"461\">\n<p>Cord\u00f3n PP<\/p>\n<\/td>\n<\/tr>\n<tr style=\"height: 54px;\">\n<td style=\"height: 54px; width: 17.8146%;\" width=\"106\">\n<p>MOQ<\/p>\n<\/td>\n<td style=\"height: 54px; width: 77.4785%;\" width=\"461\">\n<p>1000 unidades<\/p>\n<\/td>\n<\/tr>\n<tr style=\"height: 54px;\">\n<td style=\"height: 54px; width: 17.8146%;\" width=\"106\">\n<p>Color<\/p>\n<\/td>\n<td style=\"height: 54px; width: 77.4785%;\" width=\"461\">\n<p>Personalizado<\/p>\n<\/td>\n<\/tr>\n<tr style=\"height: 54px;\">\n<td style=\"height: 54px; width: 17.8146%;\" width=\"106\">\n<p>Imprimir<\/p>\n<\/td>\n<td style=\"height: 54px; width: 77.4785%;\" width=\"461\">\n<p>Serigraf\u00eda \/ Transferencia t\u00e9rmica \/ Sublimaci\u00f3n<\/p>\n<\/td>\n<\/tr>\n<tr style=\"height: 54px;\">\n<td style=\"height: 54px; width: 17.8146%;\" width=\"106\">\n<p>Proceso<\/p>\n<\/td>\n<td style=\"height: 54px; width: 77.4785%;\" width=\"461\">\n<p>Costura<\/p>\n<\/td>\n<\/tr>\n<tr style=\"height: 54px;\">\n<td style=\"height: 54px; width: 17.8146%;\" width=\"106\">\n<p>Plazo de entrega<\/p>\n<\/td>\n<td style=\"height: 54px; width: 77.4785%;\" width=\"461\">\n<p>15-20 d\u00edas tras la confirmaci\u00f3n del pedido<\/p>\n<\/td>\n<\/tr>\n<tr style=\"height: 54px;\">\n<td style=\"height: 108px; width: 17.8146%;\" rowspan=\"2\" width=\"106\">\n<p>Muestra<\/p>\n<\/td>\n<td style=\"height: 54px; width: 77.4785%;\" width=\"461\">\n<p>Tiempo de muestreo:5-7 d\u00edas<\/p>\n<\/td>\n<\/tr>\n<tr style=\"height: 54px;\">\n<td style=\"height: 54px; width: 77.4785%;\" width=\"461\">\n<p>Las muestras existentes se env\u00edan gratuitamente a portes debidos.<\/p>\n<\/td>\n<\/tr>\n<tr style=\"height: 54px;\">\n<td style=\"height: 54px; width: 17.8146%;\" width=\"106\">\n<p>Puerto<\/p>\n<\/td>\n<td style=\"height: 54px; width: 77.4785%;\" width=\"461\">\n<p>Ningbo o Shanghai<\/p>\n<\/td>\n<\/tr>\n<tr style=\"height: 54px;\">\n<td style=\"height: 54px; width: 17.8146%;\" width=\"106\">\n<p>Plazo de pago<\/p>\n<\/td>\n<td style=\"height: 54px; width: 77.4785%;\" width=\"461\">\n<p>30% dep\u00f3sito, saldo contra copia de B\/L o antes de la entrega.<\/p>\n<\/td>\n<\/tr>\n<tr style=\"height: 54px;\">\n<td style=\"height: 54px; width: 17.8146%;\" width=\"106\">\n<p>Certificaci\u00f3n<\/p>\n<\/td>\n<td style=\"height: 54px; width: 77.4785%;\" width=\"461\">\n<p>BSCI<\/p>\n<\/td>\n<\/tr>\n<\/tbody>\n<\/table>\n<p><img loading=\"lazy\" decoding=\"async\" src=\"http:\/\/topkeypackaging.com\/wp-content\/uploads\/2024\/10\/1730119793_616_20231127094631463181.jpg\" alt=\"Polyester drawstring bag\" width=\"800\" height=\"811\"><\/p>\n<p><img loading=\"lazy\" decoding=\"async\" src=\"http:\/\/topkeypackaging.com\/wp-content\/uploads\/2024\/10\/1730119794_262_20231127094645464553.jpg\" alt=\"Polyester drawstring bag\" width=\"800\" height=\"851\"><\/p>\n<p><img loading=\"lazy\" decoding=\"async\" src=\"http:\/\/topkeypackaging.com\/wp-content\/uploads\/2024\/10\/1730119794_956_20231127094710471074.jpg\" alt=\"Polyester drawstring bag\" width=\"800\" height=\"779\"><\/p>\n<\/p><\/div>","protected":false},"excerpt":{"rendered":"<div class=\"context\">\n                        Todos los productos, incluidos el tama\u00f1o, el material, el peso y el logotipo, pueden personalizarse. Centr\u00e1ndonos en \"tomar la calidad como el objetivo y la satisfacci\u00f3n del cliente como la gu\u00eda para la acci\u00f3n, Zhongjin Packaging Co., Ltd. le da una calurosa bienvenida a unirse a nosotros en m\u00e1s proyectos!\" Nuestros productos son impermeables, reciclables y respetuosos con el medio ambiente, y se utilizan ampliamente en compras, promociones, publicidad, viajes, embalaje de ropa, etc.\n                    <\/div>","protected":false},"featured_media":2342,"comment_status":"open","ping_status":"closed","template":"","meta":[],"etheme_brands":[],"product_brand":[],"product_cat":[25],"product_tag":[],"class_list":{"0":"post-2341","1":"product","2":"type-product","3":"status-publish","4":"has-post-thumbnail","6":"product_cat-drawstring-backpacks-bags","8":"first","9":"instock","10":"shipping-taxable","11":"product-type-external"},"_links":{"self":[{"href":"https:\/\/topkeypackaging.com\/es\/wp-json\/wp\/v2\/product\/2341","targetHints":{"allow":["GET"]}}],"collection":[{"href":"https:\/\/topkeypackaging.com\/es\/wp-json\/wp\/v2\/product"}],"about":[{"href":"https:\/\/topkeypackaging.com\/es\/wp-json\/wp\/v2\/types\/product"}],"replies":[{"embeddable":true,"href":"https:\/\/topkeypackaging.com\/es\/wp-json\/wp\/v2\/comments?post=2341"}],"version-history":[{"count":1,"href":"https:\/\/topkeypackaging.com\/es\/wp-json\/wp\/v2\/product\/2341\/revisions"}],"predecessor-version":[{"id":3056,"href":"https:\/\/topkeypackaging.com\/es\/wp-json\/wp\/v2\/product\/2341\/revisions\/3056"}],"wp:featuredmedia":[{"embeddable":true,"href":"https:\/\/topkeypackaging.com\/es\/wp-json\/wp\/v2\/media\/2342"}],"wp:attachment":[{"href":"https:\/\/topkeypackaging.com\/es\/wp-json\/wp\/v2\/media?parent=2341"}],"wp:term":[{"taxonomy":"brand","embeddable":true,"href":"https:\/\/topkeypackaging.com\/es\/wp-json\/wp\/v2\/etheme_brands?post=2341"},{"taxonomy":"product_brand","embeddable":true,"href":"https:\/\/topkeypackaging.com\/es\/wp-json\/wp\/v2\/product_brand?post=2341"},{"taxonomy":"product_cat","embeddable":true,"href":"https:\/\/topkeypackaging.com\/es\/wp-json\/wp\/v2\/product_cat?post=2341"},{"taxonomy":"product_tag","embeddable":true,"href":"https:\/\/topkeypackaging.com\/es\/wp-json\/wp\/v2\/product_tag?post=2341"}],"curies":[{"name":"wp","href":"https:\/\/api.w.org\/{rel}","templated":true}]}}