{"id":2439,"date":"2024-10-29T06:34:08","date_gmt":"2024-10-29T06:34:08","guid":{"rendered":"https:\/\/topkeypackaging.com\/product\/pvc-handle-bag-customize\/"},"modified":"2025-03-26T02:18:44","modified_gmt":"2025-03-26T02:18:44","slug":"pvc-handle-bag-customize","status":"publish","type":"product","link":"https:\/\/topkeypackaging.com\/es\/producto\/pvc-handle-bag-customize\/","title":{"rendered":"Bolsa con asa de PVC personalizada"},"content":{"rendered":"<p>[ad_1]<br \/>\n<\/p>\n<div class=\"html_l\">\n<div class=\"proimgbox\" id=\"bigimg\">\n                                <a href=\"http:\/\/topkeypackaging.com\/wp-content\/uploads\/2024\/10\/20231118171237123747021.jpg\" title=\"Bolsa con asa de PVC personalizada\" rel=\"bigimg\" class=\"boxer\"><\/a><\/p><\/div>\n<div class=\"hidden\">\n                                    <a href=\"http:\/\/topkeypackaging.com\/wp-content\/uploads\/2024\/10\/20231118171237123747021.jpg\" class=\"boxer\" rel=\"bigimg\" title=\"Bolsa con asa de PVC personalizada\"><img loading=\"lazy\" decoding=\"async\" src=\"http:\/\/topkeypackaging.com\/wp-content\/uploads\/2024\/10\/20231118171237123747021.jpg\" width=\"800\" height=\"800\" alt=\"PVC handle bag customize\"><\/a><br \/>\n                                    <a href=\"http:\/\/topkeypackaging.com\/wp-content\/uploads\/2024\/10\/20231118171237123763052.jpg\" class=\"boxer\" rel=\"bigimg\" title=\"Bolsa con asa de PVC personalizada\"><img loading=\"lazy\" decoding=\"async\" src=\"http:\/\/topkeypackaging.com\/wp-content\/uploads\/2024\/10\/20231118171237123763052.jpg\" width=\"800\" height=\"800\" alt=\"PVC handle bag customize\"><\/a><br \/>\n                                    <a href=\"http:\/\/topkeypackaging.com\/wp-content\/uploads\/2024\/10\/20231118171238123898602.jpg\" class=\"boxer\" rel=\"bigimg\" title=\"Bolsa con asa de PVC personalizada\"><img loading=\"lazy\" decoding=\"async\" src=\"http:\/\/topkeypackaging.com\/wp-content\/uploads\/2024\/10\/20231118171238123898602.jpg\" width=\"800\" height=\"800\" alt=\"PVC handle bag customize\"><\/a><br \/>\n                                    <a href=\"http:\/\/topkeypackaging.com\/wp-content\/uploads\/2024\/10\/20231118171238123878754.jpg\" class=\"boxer\" rel=\"bigimg\" title=\"Bolsa con asa de PVC personalizada\"><img loading=\"lazy\" decoding=\"async\" src=\"http:\/\/topkeypackaging.com\/wp-content\/uploads\/2024\/10\/20231118171238123878754.jpg\" width=\"800\" height=\"800\" alt=\"PVC handle bag customize\"><\/a><br \/>\n                                    <a href=\"http:\/\/topkeypackaging.com\/wp-content\/uploads\/2024\/10\/20231118171238123860983.jpg\" class=\"boxer\" rel=\"bigimg\" title=\"Bolsa con asa de PVC personalizada\"><img loading=\"lazy\" decoding=\"async\" src=\"http:\/\/topkeypackaging.com\/wp-content\/uploads\/2024\/10\/20231118171238123860983.jpg\" width=\"800\" height=\"800\" alt=\"PVC handle bag customize\"><\/a><br \/>\n                                    <a href=\"http:\/\/topkeypackaging.com\/wp-content\/uploads\/2024\/10\/20231118171239123965886.jpg\" class=\"boxer\" rel=\"bigimg\" title=\"Bolsa con asa de PVC personalizada\"><img loading=\"lazy\" decoding=\"async\" src=\"http:\/\/topkeypackaging.com\/wp-content\/uploads\/2024\/10\/20231118171239123965886.jpg\" width=\"800\" height=\"800\" alt=\"PVC handle bag customize\"><\/a><br \/>\n                                    <a href=\"http:\/\/topkeypackaging.com\/wp-content\/uploads\/2024\/10\/20231118171239123967634.jpg\" class=\"boxer\" rel=\"bigimg\" title=\"Bolsa con asa de PVC personalizada\"><img loading=\"lazy\" decoding=\"async\" src=\"http:\/\/topkeypackaging.com\/wp-content\/uploads\/2024\/10\/20231118171239123967634.jpg\" width=\"800\" height=\"800\" alt=\"PVC handle bag customize\"><\/a><\/p><\/div>\n<\/p><\/div>\n<p><\/p>\n<div class=\"detalist on\">\n<p>Nuestros productos no contienen colorantes amoniacales, son bajos en cadmio, no son t\u00f3xicos y cumplen los reglamentos y normas de la UE. Hemos estado ayudando a los clientes a desarrollar nuevos productos de diversos tama\u00f1os y materiales por nuestra cuenta. Si tiene nuevos dise\u00f1os o nuevas ideas, le invitamos a que los comente con nosotros.<\/p>\n<p>Adem\u00e1s de bolsas de la compra en materiales PP tejido, no tejido y RPET, hemos ampliado nuestra gama de producci\u00f3n a papel kraft lavable, algod\u00f3n, yute, lona y materiales de PVC. Nuestros productos son impermeables, reciclables y respetuosos con el medio ambiente, y se utilizan ampliamente en compras, promociones, publicidad, viajes, embalaje de ropa, etc.<\/p>\n<p>Todos los productos, incluidos el tama\u00f1o, el material, el peso y el logotipo, pueden personalizarse. Centr\u00e1ndose en \"tomar la calidad como el objetivo y la satisfacci\u00f3n del cliente como la gu\u00eda para la acci\u00f3n, Zhongjin Packaging Co., Ltd. le da una calurosa bienvenida a unirse a nosotros en m\u00e1s proyectos!\"<\/p>\n<p>Wenzhou Zhongjin Packaging Co., Ltd. es una f\u00e1brica especializada en productos respetuosos con el medio ambiente desde hace casi 18 a\u00f1os. Nuestra f\u00e1brica ha aprobado las certificaciones BSCI. ISO 9001 e ISO 1400.<\/p>\n<\/p><\/div>","protected":false},"excerpt":{"rendered":"<div class=\"context\">\n                        Adem\u00e1s de bolsas de la compra en materiales PP tejido, no tejido y RPET, hemos ampliado nuestra gama de producci\u00f3n a papel kraft lavable, algod\u00f3n, yute, lona y materiales de PVC. Nuestros productos son impermeables, reciclables y respetuosos con el medio ambiente, y se utilizan ampliamente en compras, promociones, publicidad, viajes, embalaje de ropa, etc. Todos los productos, incluidos el tama\u00f1o, el material, el peso y el logotipo, pueden personalizarse.\n                    <\/div>","protected":false},"featured_media":2440,"comment_status":"open","ping_status":"closed","template":"","meta":[],"etheme_brands":[],"product_brand":[],"product_cat":[22,20],"product_tag":[],"class_list":{"0":"post-2439","1":"product","2":"type-product","3":"status-publish","4":"has-post-thumbnail","6":"product_cat-tote-bags","7":"product_cat-biodegradable-plastic-bags-pbat-pha","9":"first","10":"instock","11":"shipping-taxable","12":"product-type-external"},"_links":{"self":[{"href":"https:\/\/topkeypackaging.com\/es\/wp-json\/wp\/v2\/product\/2439","targetHints":{"allow":["GET"]}}],"collection":[{"href":"https:\/\/topkeypackaging.com\/es\/wp-json\/wp\/v2\/product"}],"about":[{"href":"https:\/\/topkeypackaging.com\/es\/wp-json\/wp\/v2\/types\/product"}],"replies":[{"embeddable":true,"href":"https:\/\/topkeypackaging.com\/es\/wp-json\/wp\/v2\/comments?post=2439"}],"version-history":[{"count":1,"href":"https:\/\/topkeypackaging.com\/es\/wp-json\/wp\/v2\/product\/2439\/revisions"}],"predecessor-version":[{"id":3045,"href":"https:\/\/topkeypackaging.com\/es\/wp-json\/wp\/v2\/product\/2439\/revisions\/3045"}],"wp:featuredmedia":[{"embeddable":true,"href":"https:\/\/topkeypackaging.com\/es\/wp-json\/wp\/v2\/media\/2440"}],"wp:attachment":[{"href":"https:\/\/topkeypackaging.com\/es\/wp-json\/wp\/v2\/media?parent=2439"}],"wp:term":[{"taxonomy":"brand","embeddable":true,"href":"https:\/\/topkeypackaging.com\/es\/wp-json\/wp\/v2\/etheme_brands?post=2439"},{"taxonomy":"product_brand","embeddable":true,"href":"https:\/\/topkeypackaging.com\/es\/wp-json\/wp\/v2\/product_brand?post=2439"},{"taxonomy":"product_cat","embeddable":true,"href":"https:\/\/topkeypackaging.com\/es\/wp-json\/wp\/v2\/product_cat?post=2439"},{"taxonomy":"product_tag","embeddable":true,"href":"https:\/\/topkeypackaging.com\/es\/wp-json\/wp\/v2\/product_tag?post=2439"}],"curies":[{"name":"wp","href":"https:\/\/api.w.org\/{rel}","templated":true}]}}