{"id":2618,"date":"2024-10-31T10:25:07","date_gmt":"2024-10-31T10:25:07","guid":{"rendered":"https:\/\/topkeypackaging.com\/product\/jute-bag-customize-5\/"},"modified":"2025-03-26T01:22:09","modified_gmt":"2025-03-26T01:22:09","slug":"jute-bag-customize-5","status":"publish","type":"product","link":"https:\/\/topkeypackaging.com\/es\/producto\/jute-bag-customize-5\/","title":{"rendered":"Bolsa de yute Personalizar"},"content":{"rendered":"<p>[ad_1]<br \/>\n<\/p>\n<div class=\"html_l\">\n<div class=\"proimgbox\" id=\"bigimg\">\n                                <a href=\"http:\/\/topkeypackaging.com\/wp-content\/uploads\/2024\/10\/20231120113451345118272.jpg\" title=\"Bolsa de yute Personalizar\" rel=\"bigimg\" class=\"boxer\"><\/a><\/p><\/div>\n<div class=\"hidden\"><\/div>\n<\/p><\/div>\n<p><\/p>\n<div class=\"detalist on\">\n<p>Las bolsas de algod\u00f3n son bolsas de tela de moda y respetuosas con el medio ambiente, de gran durabilidad y firmeza.<\/p>\n<p>Las bolsas de algod\u00f3n est\u00e1n disponibles de f\u00e1brica en una gran variedad de tama\u00f1os, colores, estilos y materiales. ODM\/OEM, \u00a1presuma de logotipo con una bolsa de algod\u00f3n personalizada!<\/p>\n<table style=\"border-collapse: collapse;\">\n<tbody>\n<tr style=\"height: 54px;\">\n<td style=\"height: 54px; width: 19.1576%;\" width=\"114\">\n<p>Nombre del art\u00edculo<\/p>\n<\/td>\n<td style=\"height: 54px; width: 76.1329%;\" width=\"453\">\n<p>Bolsa reutilizable de algod\u00f3n<\/p>\n<\/td>\n<\/tr>\n<tr style=\"height: 54px;\">\n<td style=\"height: 54px; width: 19.1576%;\" width=\"114\">\n<p>Material<\/p>\n<\/td>\n<td style=\"height: 54px; width: 76.1329%;\" width=\"453\">\n<p>100% Algod\u00f3n\/Poli\u00e9ster Algod\u00f3n<\/p>\n<\/td>\n<\/tr>\n<tr style=\"height: 54px;\">\n<td style=\"height: 54px; width: 19.1576%;\" width=\"114\">\n<p>Color<\/p>\n<\/td>\n<td style=\"height: 54px; width: 76.1329%;\" width=\"453\">\n<p>Color natural o personalizado<\/p>\n<\/td>\n<\/tr>\n<tr style=\"height: 54px;\">\n<td style=\"height: 54px; width: 19.1576%;\" width=\"114\">\n<p>Imprimir<\/p>\n<\/td>\n<td style=\"height: 54px; width: 76.1329%;\" width=\"453\">\n<p>Serigraf\u00eda\/Transferencia t\u00e9rmica\/Sublimaci\u00f3n<\/p>\n<\/td>\n<\/tr>\n<tr style=\"height: 54px;\">\n<td style=\"height: 54px; width: 19.1576%;\" width=\"114\">\n<p>MOQ<\/p>\n<\/td>\n<td style=\"height: 54px; width: 76.1329%;\" width=\"453\">\n<p>1000 unidades<\/p>\n<\/td>\n<\/tr>\n<tr style=\"height: 54px;\">\n<td style=\"height: 54px; width: 19.1576%;\" width=\"114\">\n<p>Talla<\/p>\n<\/td>\n<td style=\"height: 54px; width: 76.1329%;\" width=\"453\">\n<p>38*42cm o personalizado<\/p>\n<\/td>\n<\/tr>\n<tr style=\"height: 54px;\">\n<td style=\"height: 54px; width: 19.1576%;\" width=\"114\">\n<p>Puerto<\/p>\n<\/td>\n<td style=\"height: 54px; width: 76.1329%;\" width=\"453\">\n<p>Ningbo o Shanghai<\/p>\n<\/td>\n<\/tr>\n<tr style=\"height: 54px;\">\n<td style=\"height: 108px; width: 19.1576%;\" rowspan=\"2\" width=\"114\">\n<p>Muestras<\/p>\n<\/td>\n<td style=\"height: 54px; width: 76.1329%;\" width=\"453\">\n<p>Tiempo de muestreo:5-7 d\u00edas<\/p>\n<\/td>\n<\/tr>\n<tr style=\"height: 54px;\">\n<td style=\"height: 54px; width: 76.1329%;\" width=\"453\">\n<p>Env\u00edo de muestras gratuitas existentes a cuenta del cliente.<\/p>\n<\/td>\n<\/tr>\n<tr style=\"height: 76px;\">\n<td style=\"height: 76px; width: 19.1576%;\" width=\"114\">\n<p>Tiempo de producci\u00f3n<\/p>\n<\/td>\n<td style=\"height: 76px; width: 76.1329%;\" width=\"453\">\n<p>15-20 d\u00edas tras la confirmaci\u00f3n del pedido<\/p>\n<\/td>\n<\/tr>\n<tr style=\"height: 54px;\">\n<td style=\"height: 54px; width: 19.1576%;\" width=\"114\">\n<p>Plazo de pago<\/p>\n<\/td>\n<td style=\"height: 54px; width: 76.1329%;\" width=\"453\">\n<p>30% dep\u00f3sito, saldo contra copia de B\/L o garant\u00eda comercial<\/p>\n<\/td>\n<\/tr>\n<tr style=\"height: 54px;\">\n<td style=\"height: 54px; width: 19.1576%;\" width=\"114\">\n<p>Certificaci\u00f3n<\/p>\n<\/td>\n<td style=\"height: 54px; width: 76.1329%;\" width=\"453\">\n<p>BSCI<\/p>\n<\/td>\n<\/tr>\n<\/tbody>\n<\/table>\n<p><strong>Detalles del producto:<\/strong><\/p>\n<p><strong><img loading=\"lazy\" decoding=\"async\" src=\"http:\/\/topkeypackaging.com\/wp-content\/uploads\/2024\/10\/20231127113512351286.jpg\" alt=\"Customize Jute bag\" width=\"750\" height=\"381\"><\/strong><\/p>\n<p><strong>Detalles de impresi\u00f3n:<\/strong><\/p>\n<p><strong><img loading=\"lazy\" decoding=\"async\" src=\"http:\/\/topkeypackaging.com\/wp-content\/uploads\/2024\/10\/20231127113524352461.jpg\" alt=\"Customize Jute bag\" width=\"750\" height=\"425\"><\/strong><\/p>\n<\/p><\/div>","protected":false},"excerpt":{"rendered":"<div class=\"context\">\n                        Adem\u00e1s de bolsas de la compra en materiales PP tejido, no tejido y RPET, hemos ampliado nuestra gama de producci\u00f3n a papel kraft lavable, algod\u00f3n, yute, lona y materiales de PVC. Nuestros productos son impermeables, reciclables y respetuosos con el medio ambiente, y se utilizan ampliamente en compras, promociones, publicidad, viajes, embalaje de ropa, etc. Todos los productos, incluidos el tama\u00f1o, el material, el peso y el logotipo, pueden personalizarse.\n                    <\/div>","protected":false},"featured_media":2619,"comment_status":"open","ping_status":"closed","template":"","meta":[],"etheme_brands":[],"product_brand":[],"product_cat":[22,15],"product_tag":[],"class_list":{"0":"post-2618","1":"product","2":"type-product","3":"status-publish","4":"has-post-thumbnail","6":"product_cat-tote-bags","7":"product_cat-other","9":"first","10":"instock","11":"shipping-taxable","12":"product-type-external"},"_links":{"self":[{"href":"https:\/\/topkeypackaging.com\/es\/wp-json\/wp\/v2\/product\/2618","targetHints":{"allow":["GET"]}}],"collection":[{"href":"https:\/\/topkeypackaging.com\/es\/wp-json\/wp\/v2\/product"}],"about":[{"href":"https:\/\/topkeypackaging.com\/es\/wp-json\/wp\/v2\/types\/product"}],"replies":[{"embeddable":true,"href":"https:\/\/topkeypackaging.com\/es\/wp-json\/wp\/v2\/comments?post=2618"}],"version-history":[{"count":1,"href":"https:\/\/topkeypackaging.com\/es\/wp-json\/wp\/v2\/product\/2618\/revisions"}],"predecessor-version":[{"id":3025,"href":"https:\/\/topkeypackaging.com\/es\/wp-json\/wp\/v2\/product\/2618\/revisions\/3025"}],"wp:featuredmedia":[{"embeddable":true,"href":"https:\/\/topkeypackaging.com\/es\/wp-json\/wp\/v2\/media\/2619"}],"wp:attachment":[{"href":"https:\/\/topkeypackaging.com\/es\/wp-json\/wp\/v2\/media?parent=2618"}],"wp:term":[{"taxonomy":"brand","embeddable":true,"href":"https:\/\/topkeypackaging.com\/es\/wp-json\/wp\/v2\/etheme_brands?post=2618"},{"taxonomy":"product_brand","embeddable":true,"href":"https:\/\/topkeypackaging.com\/es\/wp-json\/wp\/v2\/product_brand?post=2618"},{"taxonomy":"product_cat","embeddable":true,"href":"https:\/\/topkeypackaging.com\/es\/wp-json\/wp\/v2\/product_cat?post=2618"},{"taxonomy":"product_tag","embeddable":true,"href":"https:\/\/topkeypackaging.com\/es\/wp-json\/wp\/v2\/product_tag?post=2618"}],"curies":[{"name":"wp","href":"https:\/\/api.w.org\/{rel}","templated":true}]}}