{"id":2705,"date":"2024-11-01T12:35:59","date_gmt":"2024-11-01T12:35:59","guid":{"rendered":"https:\/\/topkeypackaging.com\/product\/non-woven-t-shit-bag\/"},"modified":"2025-03-25T06:26:10","modified_gmt":"2025-03-25T06:26:10","slug":"non-woven-t-shit-bag","status":"publish","type":"product","link":"https:\/\/topkeypackaging.com\/es\/producto\/non-woven-t-shit-bag\/","title":{"rendered":"Bolsa camiseta no tejida"},"content":{"rendered":"<p>[ad_1]<br \/>\n<\/p>\n<div class=\"html_l\">\n<div class=\"proimgbox\" id=\"bigimg\">\n                                <a href=\"http:\/\/topkeypackaging.com\/wp-content\/uploads\/2024\/11\/2023112417071271292814.jpg\" title=\"Bolsa camiseta no tejida\" rel=\"bigimg\" class=\"boxer\"><\/a><\/p><\/div>\n<div class=\"hidden\">\n                                    <a href=\"http:\/\/topkeypackaging.com\/wp-content\/uploads\/2024\/11\/2023112417071271292814.jpg\" class=\"boxer\" rel=\"bigimg\" title=\"Bolsa camiseta no tejida\"><img loading=\"lazy\" decoding=\"async\" src=\"http:\/\/topkeypackaging.com\/wp-content\/uploads\/2024\/11\/2023112417071271292814.jpg\" width=\"800\" height=\"800\" alt=\"Non woven T-shit bag\"><\/a><br \/>\n                                    <a href=\"http:\/\/topkeypackaging.com\/wp-content\/uploads\/2024\/11\/2023112417071271246466.jpg\" class=\"boxer\" rel=\"bigimg\" title=\"Bolsa camiseta no tejida\"><img loading=\"lazy\" decoding=\"async\" src=\"http:\/\/topkeypackaging.com\/wp-content\/uploads\/2024\/11\/2023112417071271246466.jpg\" width=\"800\" height=\"800\" alt=\"Non woven T-shit bag\"><\/a><br \/>\n                                    <a href=\"http:\/\/topkeypackaging.com\/wp-content\/uploads\/2024\/11\/2023112417071271260751.jpg\" class=\"boxer\" rel=\"bigimg\" title=\"Bolsa camiseta no tejida\"><img loading=\"lazy\" decoding=\"async\" src=\"http:\/\/topkeypackaging.com\/wp-content\/uploads\/2024\/11\/2023112417071271260751.jpg\" width=\"800\" height=\"800\" alt=\"Non woven T-shit bag\"><\/a><br \/>\n                                    <a href=\"http:\/\/topkeypackaging.com\/wp-content\/uploads\/2024\/11\/2023112417071271255517.jpg\" class=\"boxer\" rel=\"bigimg\" title=\"Bolsa camiseta no tejida\"><img loading=\"lazy\" decoding=\"async\" src=\"http:\/\/topkeypackaging.com\/wp-content\/uploads\/2024\/11\/2023112417071271255517.jpg\" width=\"800\" height=\"800\" alt=\"Non woven T-shit bag\"><\/a><br \/>\n                                    <a href=\"http:\/\/topkeypackaging.com\/wp-content\/uploads\/2024\/11\/202311241707137133283.jpg\" class=\"boxer\" rel=\"bigimg\" title=\"Bolsa camiseta no tejida\"><img loading=\"lazy\" decoding=\"async\" src=\"http:\/\/topkeypackaging.com\/wp-content\/uploads\/2024\/11\/202311241707137133283.jpg\" width=\"800\" height=\"800\" alt=\"Non woven T-shit bag\"><\/a><br \/>\n                                    <a href=\"http:\/\/topkeypackaging.com\/wp-content\/uploads\/2024\/11\/2023112417071371378529.jpg\" class=\"boxer\" rel=\"bigimg\" title=\"Bolsa camiseta no tejida\"><img loading=\"lazy\" decoding=\"async\" src=\"http:\/\/topkeypackaging.com\/wp-content\/uploads\/2024\/11\/2023112417071371378529.jpg\" width=\"800\" height=\"800\" alt=\"Non woven T-shit bag\"><\/a><\/p><\/div>\n<\/p><\/div>\n<p><\/p>\n<div class=\"detalist on\">\n<p>Nuestras bolsas de asas reutilizables est\u00e1n fabricadas con ligeras y avanzadas telas no tejidas de polipropileno, que son duraderas y resistentes al desgaste. Las puntadas en forma de \"X\" en la parte de la articulaci\u00f3n hacen que las asas largas sean lo bastante fuertes como para sujetar muchos objetos sin que se rompan.<\/p>\n<table>\n<tbody>\n<tr>\n<td width=\"106\">\n<p>Nombre del art\u00edculo:<\/p>\n<\/td>\n<td width=\"461\">\n<p>Bolsa de la compra de tela no tejida reutilizable<\/p>\n<\/td>\n<\/tr>\n<tr>\n<td width=\"106\">\n<p>Material:<\/p>\n<\/td>\n<td width=\"461\">\n<p>No tejido<\/p>\n<\/td>\n<\/tr>\n<tr>\n<td width=\"106\">\n<p>Tama\u00f1o:<\/p>\n<\/td>\n<td width=\"461\">\n<p>38W*42H*10cm o Personalizado<\/p>\n<\/td>\n<\/tr>\n<tr>\n<td width=\"106\">\n<p>Asa:<\/p>\n<\/td>\n<td width=\"461\">\n<p>No Tejido \/ Cinta PP,2.5*50cm o Personalizado<\/p>\n<\/td>\n<\/tr>\n<tr>\n<td width=\"106\">\n<p>MOQ:<\/p>\n<\/td>\n<td width=\"461\">\n<p>1000 unidades<\/p>\n<\/td>\n<\/tr>\n<tr>\n<td width=\"106\">\n<p>Color:<\/p>\n<\/td>\n<td width=\"461\">\n<p>Personalizado<\/p>\n<\/td>\n<\/tr>\n<tr>\n<td width=\"106\">\n<p>Imprime:<\/p>\n<\/td>\n<td width=\"461\">\n<p>Serigraf\u00eda \/ Laminaci\u00f3n \/ Transferencia t\u00e9rmica \/ Sublimaci\u00f3n<\/p>\n<\/td>\n<\/tr>\n<tr>\n<td width=\"106\">\n<p>Proceso:<\/p>\n<\/td>\n<td width=\"461\">\n<p>Costura \/ Ultrasonidos<\/p>\n<\/td>\n<\/tr>\n<tr>\n<td width=\"106\">\n<p>Plazo de entrega:<\/p>\n<\/td>\n<td width=\"461\">\n<p>15-20 d\u00edas tras la confirmaci\u00f3n del pedido<\/p>\n<\/td>\n<\/tr>\n<tr>\n<td width=\"106\">\n<p>Muestra:<\/p>\n<\/td>\n<td width=\"461\">\n<p>Las muestras existentes se env\u00edan gratuitamente a cuenta del cliente<\/p>\n<\/td>\n<\/tr>\n<tr>\n<td width=\"106\">\n<p>Puerto:<\/p>\n<\/td>\n<td width=\"461\">\n<p>Ningbo o Shanghai<\/p>\n<\/td>\n<\/tr>\n<tr>\n<td width=\"106\">\n<p>Plazo de pago:<\/p>\n<\/td>\n<td width=\"461\">\n<p>30% dep\u00f3sito, saldo contra copia de B\/L o antes de la entrega.<\/p>\n<\/td>\n<\/tr>\n<tr>\n<td width=\"106\">\n<p>Certificaci\u00f3n:<\/p>\n<\/td>\n<td width=\"461\">\n<p>BSCI<\/p>\n<\/td>\n<\/tr>\n<\/tbody>\n<\/table>\n<p><strong>Detalles del producto:<\/strong><\/p>\n<p><img loading=\"lazy\" decoding=\"async\" style=\"display: block; margin-left: auto; margin-right: auto;\" src=\"http:\/\/topkeypackaging.com\/wp-content\/uploads\/2024\/10\/1729564012_404_20231124165119511936.jpg\" alt=\"Non Woven Bag\" width=\"800\" height=\"800\"><\/p>\n<p><img loading=\"lazy\" decoding=\"async\" style=\"display: block; margin-left: auto; margin-right: auto;\" src=\"http:\/\/topkeypackaging.com\/wp-content\/uploads\/2024\/10\/1729564012_505_20231124165132513210.jpg\" alt=\"Non Woven Bag\" width=\"800\" height=\"664\"><\/p>\n<p><strong>Detalles de impresi\u00f3n:<\/strong><\/p>\n<p><img loading=\"lazy\" decoding=\"async\" style=\"display: block; margin-left: auto; margin-right: auto;\" src=\"http:\/\/topkeypackaging.com\/wp-content\/uploads\/2024\/10\/1729564013_890_2023112416520652639.jpg\" alt=\"\" width=\"800\" height=\"453\"><\/p>\n<p><strong>Bolsa no tejida ultras\u00f3nica:<\/strong><img loading=\"lazy\" decoding=\"async\" style=\"display: block; margin-left: auto; margin-right: auto;\" src=\"http:\/\/topkeypackaging.com\/wp-content\/uploads\/2024\/10\/1729564013_684_20231124165231523190.jpg\" alt=\"Ultrasonic Non Woven Bag\" width=\"800\" height=\"220\"><\/p>\n<p><img loading=\"lazy\" decoding=\"async\" style=\"display: block; margin-left: auto; margin-right: auto;\" src=\"http:\/\/topkeypackaging.com\/wp-content\/uploads\/2024\/10\/1729564014_969_20231124165252525298.jpg\" alt=\"\" width=\"800\" height=\"699\"><\/p>\n<p><img loading=\"lazy\" decoding=\"async\" style=\"display: block; margin-left: auto; margin-right: auto;\" src=\"http:\/\/topkeypackaging.com\/wp-content\/uploads\/2024\/10\/1729564014_388_2023112416530353347.jpg\" alt=\"\" width=\"800\" height=\"699\"><\/p>\n<p><img loading=\"lazy\" decoding=\"async\" style=\"display: block; margin-left: auto; margin-right: auto;\" src=\"http:\/\/topkeypackaging.com\/wp-content\/uploads\/2024\/10\/1729564015_380_20231124165317531793.jpg\" alt=\"\" width=\"800\" height=\"800\"><\/p>\n<p><strong>Detalles de la bolsa de ultrasonidos:<\/strong><\/p>\n<p><img loading=\"lazy\" decoding=\"async\" style=\"display: block; margin-left: auto; margin-right: auto;\" src=\"http:\/\/topkeypackaging.com\/wp-content\/uploads\/2024\/10\/1729564015_602_20231124165335533557.jpg\" alt=\"Ultrasonic bag details\" width=\"800\" height=\"800\"><\/p>\n<\/p><\/div>","protected":false},"excerpt":{"rendered":"<div class=\"context\">\n                        Todos los productos, incluidos el tama\u00f1o, el material, el peso y el logotipo, pueden personalizarse. Centr\u00e1ndose en \"tomar la calidad como el objetivo y la satisfacci\u00f3n del cliente como la gu\u00eda para la acci\u00f3n, Zhongjin Packaging Co., Ltd. le da una calurosa bienvenida a unirse a nosotros en m\u00e1s proyectos!\"\n                    <\/div>","protected":false},"featured_media":2706,"comment_status":"open","ping_status":"closed","template":"","meta":[],"etheme_brands":[],"product_brand":[],"product_cat":[28],"product_tag":[],"class_list":{"0":"post-2705","1":"product","2":"type-product","3":"status-publish","4":"has-post-thumbnail","6":"product_cat-reusable-shopping-bags","8":"first","9":"instock","10":"shipping-taxable","11":"product-type-external"},"_links":{"self":[{"href":"https:\/\/topkeypackaging.com\/es\/wp-json\/wp\/v2\/product\/2705","targetHints":{"allow":["GET"]}}],"collection":[{"href":"https:\/\/topkeypackaging.com\/es\/wp-json\/wp\/v2\/product"}],"about":[{"href":"https:\/\/topkeypackaging.com\/es\/wp-json\/wp\/v2\/types\/product"}],"replies":[{"embeddable":true,"href":"https:\/\/topkeypackaging.com\/es\/wp-json\/wp\/v2\/comments?post=2705"}],"version-history":[{"count":1,"href":"https:\/\/topkeypackaging.com\/es\/wp-json\/wp\/v2\/product\/2705\/revisions"}],"predecessor-version":[{"id":3005,"href":"https:\/\/topkeypackaging.com\/es\/wp-json\/wp\/v2\/product\/2705\/revisions\/3005"}],"wp:featuredmedia":[{"embeddable":true,"href":"https:\/\/topkeypackaging.com\/es\/wp-json\/wp\/v2\/media\/2706"}],"wp:attachment":[{"href":"https:\/\/topkeypackaging.com\/es\/wp-json\/wp\/v2\/media?parent=2705"}],"wp:term":[{"taxonomy":"brand","embeddable":true,"href":"https:\/\/topkeypackaging.com\/es\/wp-json\/wp\/v2\/etheme_brands?post=2705"},{"taxonomy":"product_brand","embeddable":true,"href":"https:\/\/topkeypackaging.com\/es\/wp-json\/wp\/v2\/product_brand?post=2705"},{"taxonomy":"product_cat","embeddable":true,"href":"https:\/\/topkeypackaging.com\/es\/wp-json\/wp\/v2\/product_cat?post=2705"},{"taxonomy":"product_tag","embeddable":true,"href":"https:\/\/topkeypackaging.com\/es\/wp-json\/wp\/v2\/product_tag?post=2705"}],"curies":[{"name":"wp","href":"https:\/\/api.w.org\/{rel}","templated":true}]}}