{"id":2818,"date":"2024-11-02T08:39:15","date_gmt":"2024-11-02T08:39:15","guid":{"rendered":"https:\/\/topkeypackaging.com\/product\/laminated-bag-3\/"},"modified":"2025-03-24T09:41:56","modified_gmt":"2025-03-24T09:41:56","slug":"laminated-bag-3","status":"publish","type":"product","link":"https:\/\/topkeypackaging.com\/es\/producto\/laminated-bag-3\/","title":{"rendered":"Bolsa laminada"},"content":{"rendered":"<p>[ad_1]<br \/>\n<\/p>\n<div class=\"html_l\">\n<div class=\"proimgbox\" id=\"bigimg\">\n                                <a href=\"http:\/\/topkeypackaging.com\/wp-content\/uploads\/2024\/11\/2023111717033733773423.jpg\" title=\"Bolsa laminada\" rel=\"bigimg\" class=\"boxer\"><\/a><\/p><\/div>\n<div class=\"hidden\">\n                                    <a href=\"http:\/\/topkeypackaging.com\/wp-content\/uploads\/2024\/11\/2023111717033733773423.jpg\" class=\"boxer\" rel=\"bigimg\" title=\"Bolsa laminada\"><img loading=\"lazy\" decoding=\"async\" src=\"http:\/\/topkeypackaging.com\/wp-content\/uploads\/2024\/11\/2023111717033733773423.jpg\" width=\"800\" height=\"800\" alt=\"Laminated bag\"><\/a><br \/>\n                                    <a href=\"http:\/\/topkeypackaging.com\/wp-content\/uploads\/2024\/11\/2023111717033833859139.jpg\" class=\"boxer\" rel=\"bigimg\" title=\"Bolsa laminada\"><img loading=\"lazy\" decoding=\"async\" src=\"http:\/\/topkeypackaging.com\/wp-content\/uploads\/2024\/11\/2023111717033833859139.jpg\" width=\"800\" height=\"800\" alt=\"Laminated bag\"><\/a><br \/>\n                                    <a href=\"http:\/\/topkeypackaging.com\/wp-content\/uploads\/2024\/11\/2023111717033733787708.jpg\" class=\"boxer\" rel=\"bigimg\" title=\"Bolsa laminada\"><img loading=\"lazy\" decoding=\"async\" src=\"http:\/\/topkeypackaging.com\/wp-content\/uploads\/2024\/11\/2023111717033733787708.jpg\" width=\"800\" height=\"800\" alt=\"Laminated bag\"><\/a><\/p><\/div>\n<\/p><\/div>\n<p><\/p>\n<div class=\"detalist on\">\n<p>Las bolsas tejidas de PP est\u00e1n hechas de tela tejida de PP. Son reutilizables, port\u00e1tiles, ligeras y no se desti\u00f1en, rasgan ni rompen f\u00e1cilmente. Una opci\u00f3n ideal para publicidad y promoci\u00f3n.<\/p>\n<table style=\"border-collapse: collapse;\">\n<tbody>\n<tr>\n<td width=\"133\">\n<p>Nombre del art\u00edculo<\/p>\n<\/td>\n<td width=\"434\">\n<p>Bolsa de la compra reutilizable impresa PP Woven Bag<\/p>\n<\/td>\n<\/tr>\n<tr>\n<td width=\"133\">\n<p>Material<\/p>\n<\/td>\n<td width=\"434\">\n<p>PP Tejido con Laminaci\u00f3n,110g -180g<\/p>\n<\/td>\n<\/tr>\n<tr>\n<td width=\"133\">\n<p>Talla<\/p>\n<\/td>\n<td width=\"434\">\n<p>38W*35H*25cm o Personalizado<\/p>\n<\/td>\n<\/tr>\n<tr>\n<td width=\"133\">\n<p>Mango<\/p>\n<\/td>\n<td width=\"434\">\n<p>Material del cuerpo \/ Cinta PP, 2,5*50 cm o personalizado<\/p>\n<\/td>\n<\/tr>\n<tr>\n<td width=\"133\">\n<p>MOQ<\/p>\n<\/td>\n<td width=\"434\">\n<p>1000 unidades<\/p>\n<\/td>\n<\/tr>\n<tr>\n<td width=\"133\">\n<p>Color<\/p>\n<\/td>\n<td width=\"434\">\n<p>CMYK \/ Personalizado<\/p>\n<\/td>\n<\/tr>\n<tr>\n<td width=\"133\">\n<p>Proceso reforzado<\/p>\n<\/td>\n<td width=\"434\">\n<p>Puntada en X \/ Ribete superior vuelta atr\u00e1s \/ Cart\u00f3n inferior<\/p>\n<\/td>\n<\/tr>\n<tr>\n<td width=\"133\">\n<p>Superficie<\/p>\n<\/td>\n<td width=\"434\">\n<p>Laminaci\u00f3n mate \/ Laminaci\u00f3n brillante<\/p>\n<\/td>\n<\/tr>\n<tr>\n<td width=\"133\">\n<p>Plazo de entrega<\/p>\n<\/td>\n<td width=\"434\">\n<p>15-20 d\u00edas tras la confirmaci\u00f3n del pedido<\/p>\n<\/td>\n<\/tr>\n<tr>\n<td rowspan=\"2\" width=\"133\">\n<p>Muestra<\/p>\n<\/td>\n<td width=\"434\">\n<p>Tiempo de muestreo:5-7 d\u00edas<\/p>\n<\/td>\n<\/tr>\n<tr>\n<td width=\"434\">\n<p>Las muestras existentes se env\u00edan gratuitamente a portes debidos.<\/p>\n<\/td>\n<\/tr>\n<tr>\n<td width=\"133\">\n<p>Puerto<\/p>\n<\/td>\n<td width=\"434\">\n<p>Ningbo o Shanghai<\/p>\n<\/td>\n<\/tr>\n<tr>\n<td width=\"133\">\n<p>Plazo de pago<\/p>\n<\/td>\n<td width=\"434\">\n<p>30% dep\u00f3sito, saldo contra copia de B\/L o antes de la entrega.<\/p>\n<\/td>\n<\/tr>\n<tr>\n<td width=\"133\">\n<p>Certificaci\u00f3n<\/p>\n<\/td>\n<td width=\"434\">\n<p>BSCI<\/p>\n<\/td>\n<\/tr>\n<\/tbody>\n<\/table>\n<p><img loading=\"lazy\" decoding=\"async\" src=\"http:\/\/topkeypackaging.com\/wp-content\/uploads\/2024\/10\/1729852010_586_20231127111842184281.jpg\" alt=\"\" width=\"750\" height=\"514\"><\/p>\n<p>Adem\u00e1s de bolsas de la compra en materiales PP tejido, no tejido y RPET, hemos ampliado nuestra gama de producci\u00f3n a papel kraft lavable, algod\u00f3n, yute, lona y materiales de PVC. Nuestros productos son impermeables, reciclables y respetuosos con el medio ambiente, y se utilizan ampliamente en compras, promociones, publicidad, viajes, embalaje de ropa, etc.<\/p>\n<p>Nuestros productos no contienen colorantes amoniacales, son bajos en cadmio, no son t\u00f3xicos y cumplen los reglamentos y normas de la UE. Hemos estado ayudando a los clientes a desarrollar nuevos productos de diversos tama\u00f1os y materiales por nuestra cuenta. Si tiene nuevos dise\u00f1os o nuevas ideas, le invitamos a que los comente con nosotros.<\/p>\n<\/p><\/div>","protected":false},"excerpt":{"rendered":"<div class=\"context\">\n                        Todos los productos, incluidos el tama\u00f1o, el material, el peso y el logotipo, pueden personalizarse. Centr\u00e1ndose en \"tomar la calidad como el objetivo y la satisfacci\u00f3n del cliente como la gu\u00eda para la acci\u00f3n, Zhongjin Packaging Co., Ltd. le da una calurosa bienvenida a unirse a nosotros en m\u00e1s proyectos!\"\n                    <\/div>","protected":false},"featured_media":2819,"comment_status":"open","ping_status":"closed","template":"","meta":[],"etheme_brands":[],"product_brand":[],"product_cat":[22,28],"product_tag":[],"class_list":{"0":"post-2818","1":"product","2":"type-product","3":"status-publish","4":"has-post-thumbnail","6":"product_cat-tote-bags","7":"product_cat-reusable-shopping-bags","9":"first","10":"instock","11":"shipping-taxable","12":"product-type-external"},"_links":{"self":[{"href":"https:\/\/topkeypackaging.com\/es\/wp-json\/wp\/v2\/product\/2818","targetHints":{"allow":["GET"]}}],"collection":[{"href":"https:\/\/topkeypackaging.com\/es\/wp-json\/wp\/v2\/product"}],"about":[{"href":"https:\/\/topkeypackaging.com\/es\/wp-json\/wp\/v2\/types\/product"}],"replies":[{"embeddable":true,"href":"https:\/\/topkeypackaging.com\/es\/wp-json\/wp\/v2\/comments?post=2818"}],"version-history":[{"count":1,"href":"https:\/\/topkeypackaging.com\/es\/wp-json\/wp\/v2\/product\/2818\/revisions"}],"predecessor-version":[{"id":2987,"href":"https:\/\/topkeypackaging.com\/es\/wp-json\/wp\/v2\/product\/2818\/revisions\/2987"}],"wp:featuredmedia":[{"embeddable":true,"href":"https:\/\/topkeypackaging.com\/es\/wp-json\/wp\/v2\/media\/2819"}],"wp:attachment":[{"href":"https:\/\/topkeypackaging.com\/es\/wp-json\/wp\/v2\/media?parent=2818"}],"wp:term":[{"taxonomy":"brand","embeddable":true,"href":"https:\/\/topkeypackaging.com\/es\/wp-json\/wp\/v2\/etheme_brands?post=2818"},{"taxonomy":"product_brand","embeddable":true,"href":"https:\/\/topkeypackaging.com\/es\/wp-json\/wp\/v2\/product_brand?post=2818"},{"taxonomy":"product_cat","embeddable":true,"href":"https:\/\/topkeypackaging.com\/es\/wp-json\/wp\/v2\/product_cat?post=2818"},{"taxonomy":"product_tag","embeddable":true,"href":"https:\/\/topkeypackaging.com\/es\/wp-json\/wp\/v2\/product_tag?post=2818"}],"curies":[{"name":"wp","href":"https:\/\/api.w.org\/{rel}","templated":true}]}}